{"id":133459,"date":"2025-02-03T01:58:48","date_gmt":"2025-02-02T23:58:48","guid":{"rendered":"http:\/\/odeja.si\/darilni-boni\/"},"modified":"2025-09-17T08:32:14","modified_gmt":"2025-09-17T06:32:14","slug":"darilni-boni","status":"publish","type":"page","link":"https:\/\/odeja.si\/hr\/darilni-boni\/","title":{"rendered":"Darovni bonovi"},"content":{"rendered":"\r\n\t\t<div  class=\"block-61fb69c6-2c98-4cba-bfc4-240b56848caa areoi-element container\">\r\n\t\t\t\r\n\t\t\t\r\n\r\n\r\n\t\t<div  class=\"block-e55623c8-16a1-4bef-9284-ce96bdd3343e row areoi-element\">\r\n\t\t\t\r\n\r\n\t\t\t\r\n\r\n\r\n\t\t<div  class=\"block-d1a13d09-af54-40d7-9fbf-20a85b6e0051 col areoi-element column-padding-fix\">\r\n\t\t\t\r\n\t\t\t\r\n\r\n\r\n<p>Odejini vrhunski proizvodi za dom su <strong>predivan poklon<\/strong>. Odaberite <strong>poklon bonove<\/strong> i razveselite <strong>daroprimca<\/strong>.<\/p>\r\n\r\n\r\n\r\n<h3 class=\"wp-block-heading\">Od 25 EUR nadalje<\/h3>\r\n\r\n\r\n\r\n<p>Vrijednost jednog poklon bona je 25 EUR. Mo\u017eete ih kupiti i pokloniti koliko god \u017eelite. <strong>Valjanost poklon bona<\/strong> nije vremenski ograni\u010dena.<\/p>\r\n\r\n\r\n\r\n<h3 class=\"wp-block-heading\">Gdje kupiti Odejine poklon bonove?<\/h3>\r\n\r\n\r\n\r\n<p>Poklon bonove Odeja mo\u017eete kupiti u svim <strong>Odeja trgovinama<\/strong>.<\/p>\r\n\r\n\r\n\r\n<ul class=\"wp-block-list\">\r\n<li>Nazovite nas na <strong>04 51 30 155<\/strong> (od ponedjeljka do petka, izme\u0111u 8 i 15 sati).<\/li>\r\n\r\n\r\n\r\n<li>Pi\u0161ite nam na <strong>eprodaja@odeja.si<\/strong>.<\/li>\r\n<\/ul>\r\n\r\n\r\n\r\n<h3 class=\"wp-block-heading\">Narud\u017eba bona putem elektroni\u010dke po\u0161te<\/h3>\r\n\r\n\r\n\r\n<ul class=\"wp-block-list\">\r\n<li>Nazovite nas na <strong>04 51 30 155<\/strong> (od ponedjeljka do petka, izme\u0111u 8 i 15 sati).<\/li>\r\n\r\n\r\n\r\n<li>Na adresu <strong>eprodaja@odeja.si<\/strong> po\u0161aljite nam elektroni\u010dku poruku:\r\n<ul class=\"wp-block-list\">\r\n<li><strong>BROJ BONOVA:<\/strong> Navedite <strong>broj<\/strong> poklon bonova koje \u017eelite naru\u010diti.<\/li>\r\n\r\n\r\n\r\n<li><strong>KONTAKT PODACI:<\/strong> Navedite svoje <strong>kontakt podatke<\/strong>: elektroni\u010dku adresu (obvezno) i telefonski broj (neobvezno).<\/li>\r\n\r\n\r\n\r\n<li><strong>ADRESA ZA DOSTAVU:<\/strong> Navedite svoju <strong>adresu<\/strong> na koju \u0107emo vam dostaviti kupljene poklon bonove.<\/li>\r\n\r\n\r\n\r\n<li><strong>PREDRA\u010cUN:<\/strong> Za naru\u010dene poklon bonove poslat \u0107emo vam <strong>predra\u010dun<\/strong> na va\u0161u elektroni\u010dku adresu. Predra\u010dun uklju\u010duje vrijednost naru\u010denih bonova i tro\u0161kove dostave. Vrijednost jednog bona je 25 EUR, a mo\u017eete ih kupiti neograni\u010den broj.<\/li>\r\n\r\n\r\n\r\n<li><strong>BESPLATNA DOSTAVA:<\/strong> Poklon bonove \u0107emo vam <strong>besplatno<\/strong> poslati preporu\u010denom po\u0161tom na odabranu adresu u Sloveniji <strong>u roku od pet radnih dana<\/strong> nakon uplate predra\u010duna. Dostava poklon bonova na adrese izvan Slovenije napla\u0107uje se primatelju, pri \u010demu se obra\u010dunavaju stvarni tro\u0161kovi po\u0161tarine. Naru\u010ditelj je obavije\u0161ten o tro\u0161kovima prije kona\u010dne potvrde narud\u017ebe poklon bonova i prije slanja poklon bonova na odabranu adresu u inozemstvu.<\/li>\r\n<\/ul>\r\n<\/li>\r\n<\/ul>\r\n\r\n\r\n<hr class=\"wp-block-separator has-alpha-channel-opacity\" \/>\r\n\r\n\r\n<h3 class=\"wp-block-heading\">Gdje daroprimac mo\u017ee iskoristiti bon?<\/h3>\r\n\r\n\r\n\r\n<p>Poklon bon mo\u017eete iskoristiti u <strong>Odeja trgovinama<\/strong>. Bon se mo\u017ee iskoristiti <strong>samo pri kupnji proizvoda i u cijeloj vrijednosti<\/strong>. U slu\u010daju da iznos va\u0161e kupnje ne dose\u017ee vrijednost poklon bona, <strong>ne vra\u0107amo gotovinu<\/strong>.<\/p>\r\n\r\n\r\n\r\n<h3 class=\"wp-block-heading\">Gdje ne mo\u017eete iskoristiti bon?<\/h3>\r\n\r\n\r\n\r\n<p>U na\u0161oj internetskoj trgovini Odeja.si poklon bon ne mo\u017eete iskoristiti.<\/p>\r\n \r\n\t\t\t\r\n\t\t<\/div>\r\n\t \r\n\t\t<\/div>\r\n\t \r\n\t\t<\/div>\r\n\t","protected":false},"excerpt":{"rendered":"","protected":false},"author":8481,"featured_media":94837,"parent":0,"menu_order":0,"comment_status":"closed","ping_status":"closed","template":"","meta":{"_acf_changed":false,"footnotes":""},"class_list":["post-133459","page","type-page","status-publish","has-post-thumbnail","hentry"],"acf":[],"_links":{"self":[{"href":"https:\/\/odeja.si\/hr\/wp-json\/wp\/v2\/pages\/133459","targetHints":{"allow":["GET"]}}],"collection":[{"href":"https:\/\/odeja.si\/hr\/wp-json\/wp\/v2\/pages"}],"about":[{"href":"https:\/\/odeja.si\/hr\/wp-json\/wp\/v2\/types\/page"}],"author":[{"embeddable":true,"href":"https:\/\/odeja.si\/hr\/wp-json\/wp\/v2\/users\/8481"}],"replies":[{"embeddable":true,"href":"https:\/\/odeja.si\/hr\/wp-json\/wp\/v2\/comments?post=133459"}],"version-history":[{"count":1,"href":"https:\/\/odeja.si\/hr\/wp-json\/wp\/v2\/pages\/133459\/revisions"}],"predecessor-version":[{"id":176625,"href":"https:\/\/odeja.si\/hr\/wp-json\/wp\/v2\/pages\/133459\/revisions\/176625"}],"wp:featuredmedia":[{"embeddable":true,"href":"https:\/\/odeja.si\/hr\/wp-json\/wp\/v2\/media\/94837"}],"wp:attachment":[{"href":"https:\/\/odeja.si\/hr\/wp-json\/wp\/v2\/media?parent=133459"}],"curies":[{"name":"wp","href":"https:\/\/api.w.org\/{rel}","templated":true}]}}