{"id":133512,"date":"2025-02-03T02:00:41","date_gmt":"2025-02-03T00:00:41","guid":{"rendered":"http:\/\/odeja.si\/nacini-placila\/"},"modified":"2025-09-17T09:10:57","modified_gmt":"2025-09-17T07:10:57","slug":"nacini-placila","status":"publish","type":"page","link":"https:\/\/odeja.si\/hr\/nacini-placila\/","title":{"rendered":"Na\u010dini pla\u0107anja"},"content":{"rendered":"\r\n\t\t<div  class=\"block-0223a09e-af73-47de-a9fd-d00908e2449a areoi-element container\">\r\n\t\t\t\r\n\t\t\t\r\n\r\n\r\n\t\t<div  class=\"block-a886123a-92c1-4269-a389-7c58a9a0c9b8 row areoi-element\">\r\n\t\t\t\r\n\r\n\t\t\t\r\n\r\n\r\n\t\t<div  class=\"block-e7939c5e-893e-49b4-a9d7-ad987143155e col areoi-element column-padding-fix col-10\">\r\n\t\t\t\r\n\t\t\t\r\n\r\n\r\n<p style=\"font-size: 20px;\"><strong>Paket Odeja proizvoda mo\u017eete platiti na razli\u010dite na\u010dine:<\/strong><\/p>\r\n\r\n\r\n\r\n<ul class=\"wp-block-list\">\r\n<li><strong>Gotovinom<\/strong> prilikom osobnog preuzimanja.<\/li>\r\n\r\n\r\n\r\n<li><strong>Bankovnom doznakom<\/strong> na ra\u010dun ponuditelja prema predra\u010dunu ili ponudi.<\/li>\r\n\r\n\r\n\r\n<li><strong>Putem usluge PayPal<\/strong>.<\/li>\r\n\r\n\r\n\r\n<li><strong>Platnom ili kreditnom karticom<\/strong> putem usluge Stripe.<\/li>\r\n<\/ul>\r\n\r\n\r\n<hr class=\"wp-block-separator has-alpha-channel-opacity\" \/>\r\n\r\n\r\n<h3 class=\"wp-block-heading\">Cijene<\/h3>\r\n\r\n\r\n\r\n<p class=\"mt-5\">Sve cijene sadr\u017ee PDV, osim ako je izri\u010dito napisano druga\u010dije. Cijene vrijede u trenutku predaje narud\u017ebe i nemaju unaprijed odre\u0111enu valjanost. Cijene vrijede u slu\u010daju pla\u0107anja gore navedenim na\u010dinima pla\u0107anja, pod gore navedenim uvjetima. Unato\u010d trudu ponuditelja da osigura naja\u017eurnije i to\u010dne podatke, mo\u017ee se dogoditi da je podatak o cijeni neto\u010dan. U tom slu\u010daju, ili u slu\u010daju da se cijena proizvoda promijeni tijekom obrade narud\u017ebe, ponuditelj \u0107e kupcu omogu\u0107iti odustajanje od kupnje, a istovremeno \u0107e ponuditelj kupcu ponuditi rje\u0161enje koje \u0107e biti na obostrano zadovoljstvo. Kupoprodajni ugovor izme\u0111u ponuditelja i kupca sklapa se u trenutku kada ponuditelj potvrdi narud\u017ebu (kupac primi elektroni\u010dku poruku da je narud\u017eba potvr\u0111ena). Od tog trenutka sve cijene i drugi uvjeti su fiksirani i vrijede kako za ponuditelja tako i za kupca.<\/p>\r\n\r\n\r\n\r\n\t\t<div  class=\"block-6b2e4a53-4468-41d8-9539-64f37d91c28e areoi-element mt-5\">\r\n\t\t\t\r\n\t\t\t\r\n\r\n\r\n<h4 class=\"wp-block-heading\">\u017delite savjet pri odabiru proizvoda?<\/h4>\r\n\r\n\r\n\r\n<p>Sa svim pitanjima vezanim uz internetsku trgovinu mo\u017eete se obratiti na:<\/p>\r\n\r\n\r\n\n<div  class=\"icon-list-block layout-grid-1\" >\n            <a href=\"mailto:svetovanje@odeja.si\" target=\"_blank\">\n            <img loading=\"lazy\" decoding=\"async\" width=\"1\" height=\"1\" src=\"https:\/\/odeja.si\/wp-content\/uploads\/2025\/02\/envelope-marker-1.svg\" class=\"attachment-medium size-medium\" alt=\"\" \/>                            <span class=\"d-block lh-1 ms-1\">svetovanje@odeja.si<\/span>\n                    <\/a>\n            <a href=\"tel:+386 4 51 30 150\" target=\"_blank\">\n            <img loading=\"lazy\" decoding=\"async\" width=\"1\" height=\"1\" src=\"https:\/\/odeja.si\/wp-content\/uploads\/2025\/02\/circle-phone-flip-1.svg\" class=\"attachment-medium size-medium\" alt=\"\" \/>                            <span class=\"d-block lh-1 ms-1\">+386 4 51 30 150<\/span>\n                    <\/a>\n    <\/div>\n\r\n\t\t\t \r\n\t\t<\/div>\r\n\t\r\n\r\n\r\n\t\t<div  class=\"block-04ac8340-0aa0-4607-9285-f13d0c92f10c areoi-element mt-5\">\r\n\t\t\t\r\n\t\t\t\r\n\r\n\r\n<h4 class=\"wp-block-heading\">Imate li pitanja prilikom internetske kupnje?<\/h4>\r\n\r\n\r\n\r\n<p>Sa svim pitanjima vezanim uz internetsku trgovinu mo\u017eete se obratiti na:<\/p>\r\n\r\n\r\n\n<div  class=\"icon-list-block layout-grid-1\" >\n            <a href=\"mailto:eprodaja@odeja.si\" target=\"_blank\">\n            <img loading=\"lazy\" decoding=\"async\" width=\"1\" height=\"1\" src=\"https:\/\/odeja.si\/wp-content\/uploads\/2025\/02\/envelope-marker-1.svg\" class=\"attachment-medium size-medium\" alt=\"\" \/>                            <span class=\"d-block lh-1 ms-1\">eprodaja@odeja.si<\/span>\n                    <\/a>\n            <a href=\"tel:+386 4 51 30 155\" target=\"_blank\">\n            <img loading=\"lazy\" decoding=\"async\" width=\"1\" height=\"1\" src=\"https:\/\/odeja.si\/wp-content\/uploads\/2025\/02\/circle-phone-flip-1.svg\" class=\"attachment-medium size-medium\" alt=\"\" \/>                            <span class=\"d-block lh-1 ms-1\">+386 4 51 30 155<\/span>\n                    <\/a>\n    <\/div>\n\r\n\t\t\t \r\n\t\t<\/div>\r\n\t \r\n\t\t\t\r\n\t\t<\/div>\r\n\t \r\n\t\t<\/div>\r\n\t \r\n\t\t<\/div>\r\n\t","protected":false},"excerpt":{"rendered":"","protected":false},"author":8481,"featured_media":93202,"parent":0,"menu_order":0,"comment_status":"closed","ping_status":"closed","template":"","meta":{"_acf_changed":false,"footnotes":""},"class_list":["post-133512","page","type-page","status-publish","has-post-thumbnail","hentry"],"acf":[],"_links":{"self":[{"href":"https:\/\/odeja.si\/hr\/wp-json\/wp\/v2\/pages\/133512","targetHints":{"allow":["GET"]}}],"collection":[{"href":"https:\/\/odeja.si\/hr\/wp-json\/wp\/v2\/pages"}],"about":[{"href":"https:\/\/odeja.si\/hr\/wp-json\/wp\/v2\/types\/page"}],"author":[{"embeddable":true,"href":"https:\/\/odeja.si\/hr\/wp-json\/wp\/v2\/users\/8481"}],"replies":[{"embeddable":true,"href":"https:\/\/odeja.si\/hr\/wp-json\/wp\/v2\/comments?post=133512"}],"version-history":[{"count":1,"href":"https:\/\/odeja.si\/hr\/wp-json\/wp\/v2\/pages\/133512\/revisions"}],"predecessor-version":[{"id":176637,"href":"https:\/\/odeja.si\/hr\/wp-json\/wp\/v2\/pages\/133512\/revisions\/176637"}],"wp:featuredmedia":[{"embeddable":true,"href":"https:\/\/odeja.si\/hr\/wp-json\/wp\/v2\/media\/93202"}],"wp:attachment":[{"href":"https:\/\/odeja.si\/hr\/wp-json\/wp\/v2\/media?parent=133512"}],"curies":[{"name":"wp","href":"https:\/\/api.w.org\/{rel}","templated":true}]}}