{"id":133516,"date":"2025-02-03T01:59:06","date_gmt":"2025-02-02T23:59:06","guid":{"rendered":"http:\/\/odeja.si\/oprema-objektov\/"},"modified":"2025-09-17T09:11:25","modified_gmt":"2025-09-17T07:11:25","slug":"oprema-objektov","status":"publish","type":"page","link":"https:\/\/odeja.si\/hr\/oprema-objektov\/","title":{"rendered":"Odeja B2B"},"content":{"rendered":"\r\n\t\t<div  class=\"block-360b45b4-df40-48c0-b960-338affcdc0a6 areoi-element container\">\r\n\t\t\t\r\n\t\t\t\r\n\r\n\r\n\t\t<div  class=\"block-58587dc7-390f-4ca4-b9db-84a91ee7685e row areoi-element\">\r\n\t\t\t\r\n\r\n\t\t\t\r\n\r\n\r\n\t\t<div  class=\"block-a738d07c-a80a-4ce9-ab4f-2d275487dccc col areoi-element column-padding-fix col-10\">\r\n\t\t\t\r\n\t\t\t\r\n\r\n\r\n<p class=\"text-primary fw-medium\" style=\"font-size: 24px;\">Upoznajte tekstilnu opremu koja dugo traje i meko mazi<\/p>\r\n\r\n\r\n\r\n<p><strong>Kada za opremanje svog objekta odaberete tekstilne proizvode Odeja, s njima \u0107ete:<\/strong><\/p>\r\n\r\n\r\n\r\n<ul class=\"wp-block-list\">\r\n<li>ostvariti sva o\u010dekivanja i skrivene \u017eelje svojih gostiju te istovremeno<\/li>\r\n\r\n\r\n\r\n<li>osigurati tro\u0161kovno u\u010dinkovito opremanje i upravljanje svojim objektom.<\/li>\r\n<\/ul>\r\n \r\n\t\t\t\r\n\t\t<\/div>\r\n\t \r\n\t\t<\/div>\r\n\t \r\n\t\t<\/div>\r\n\t\r\n\r\n\r\n\t\t<div  class=\"block-ce678b81-a381-48c6-9cb6-7ea6dcadda55 areoi-element container mt-10\">\r\n\t\t\t\r\n\t\t\t\r\n\r\n\r\n\t\t<div  class=\"block-88be45b8-67ce-4c26-b213-53205d84b42f row areoi-element\">\r\n\t\t\t\r\n\r\n\t\t\t\r\n\r\n\r\n\t\t<div  class=\"block-dcf25571-546a-489e-9156-a85026a6e75e col areoi-element col-6\">\r\n\t\t\t\r\n\t\t\t\r\n\r\n\r\n<figure class=\"wp-block-image size-full\"><img loading=\"lazy\" decoding=\"async\" width=\"600\" height=\"480\" class=\"wp-image-93230\" src=\"https:\/\/odeja.si\/wp-content\/uploads\/2025\/02\/SLIKA-7.jpg\" alt=\"\" srcset=\"https:\/\/odeja.si\/wp-content\/uploads\/2025\/02\/SLIKA-7.jpg 600w, https:\/\/odeja.si\/wp-content\/uploads\/2025\/02\/SLIKA-7-440x352.jpg 440w, https:\/\/odeja.si\/wp-content\/uploads\/2025\/02\/SLIKA-7-300x240.jpg 300w\" sizes=\"(max-width: 600px) 100vw, 600px\" \/><\/figure>\r\n \r\n\t\t\t\r\n\t\t<\/div>\r\n\t\r\n\r\n\r\n\t\t<div  class=\"block-e8628ee4-b117-4789-bcf8-8e3ec32af64c col areoi-element align-self-center offset-1\">\r\n\t\t\t\r\n\t\t\t\r\n\r\n\r\n<h4 class=\"wp-block-heading\">Birajte promi\u0161ljeno, opremajte racionalno<\/h4>\r\n\r\n\r\n\r\n<p><strong>Odabirom proizvoda Odeja dobit \u0107ete tekstilnu opremu koja je izra\u0111ena za:<\/strong><\/p>\r\n\r\n\r\n\r\n<ul class=\"wp-block-list\">\r\n<li>intenzivnu uporabu i<\/li>\r\n\r\n\r\n\r\n<li>dug vijek trajanja,<\/li>\r\n\r\n\r\n\r\n<li>jednostavno i ekonomi\u010dno odr\u017eavanje,<\/li>\r\n\r\n\r\n\r\n<li>odr\u017eavanje najvi\u0161e razine higijene,<\/li>\r\n\r\n\r\n\r\n<li>stvaranje visokih standarda boravka u va\u0161em objektu.<\/li>\r\n<\/ul>\r\n \r\n\t\t\t\r\n\t\t<\/div>\r\n\t \r\n\t\t<\/div>\r\n\t \r\n\t\t<\/div>\r\n\t\r\n\r\n\r\n\t\t<div  class=\"block-2ea8624c-afc3-4a17-92eb-1c683819aee8 areoi-element container mt-6\">\r\n\t\t\t\r\n\t\t\t\r\n\r\n\r\n\t\t<div  class=\"block-ca60e3e7-103a-4346-9889-9f61b664b92c row areoi-element\">\r\n\t\t\t\r\n\r\n\t\t\t\r\n\r\n\r\n\t\t<div  class=\"block-d5bb2f9b-a869-4a33-b133-0c3680ab33d7 col areoi-element col-10\">\r\n\t\t\t\r\n\t\t\t\r\n\r\n\r\n\t\t<div  class=\"block-89d50d2c-5f0f-459f-8fa0-4374d5e6ed98 areoi-element\">\r\n\t\t\t\r\n\t\t\t\r\n\r\n\r\n<figure class=\"wp-block-image size-large\"><img loading=\"lazy\" decoding=\"async\" width=\"1024\" height=\"468\" class=\"wp-image-93234\" src=\"https:\/\/odeja.si\/wp-content\/uploads\/2025\/02\/SLIKA-8-1024x468.jpg\" alt=\"\" srcset=\"https:\/\/odeja.si\/wp-content\/uploads\/2025\/02\/SLIKA-8-1024x468.jpg 1024w, https:\/\/odeja.si\/wp-content\/uploads\/2025\/02\/SLIKA-8-600x274.jpg 600w, https:\/\/odeja.si\/wp-content\/uploads\/2025\/02\/SLIKA-8-440x201.jpg 440w, https:\/\/odeja.si\/wp-content\/uploads\/2025\/02\/SLIKA-8-300x137.jpg 300w, https:\/\/odeja.si\/wp-content\/uploads\/2025\/02\/SLIKA-8-768x351.jpg 768w, https:\/\/odeja.si\/wp-content\/uploads\/2025\/02\/SLIKA-8.jpg 1128w\" sizes=\"(max-width: 1024px) 100vw, 1024px\" \/><\/figure>\r\n\r\n\t\t\t \r\n\t\t<\/div>\r\n\t\r\n\r\n\r\n\t\t<div  class=\"block-ff7f709e-d6fe-4cc3-8527-cbb35c85b6e9 areoi-element white-div-overflow\">\r\n\t\t\t\r\n\t\t\t\r\n\r\n\r\n<h3 class=\"wp-block-heading\">Saznajte kako je jednostavno ugoditi i razmaziti<\/h3>\r\n\r\n\r\n\r\n<p><strong>Iz bogate Odejine ponude odaberite ono \u0161to odgovara prirodi va\u0161eg objekta:<\/strong><\/p>\r\n\r\n\r\n\r\n<ul class=\"wp-block-list\">\r\n<li>jednostavni proizvodi koje odlikuju izdr\u017eljivost i jednostavno odr\u017eavanje,<\/li>\r\n\r\n\r\n\r\n<li>proizvodi za ugodan san i veselu igru djece,<\/li>\r\n\r\n\r\n\r\n<li>razli\u010dite kolekcije dekorativnog programa za razli\u010dite tipove ambijenata,<\/li>\r\n\r\n\r\n\r\n<li>raznovrsni ortopedski proizvodi za potporu razli\u010ditim dijelovima tijela,<\/li>\r\n\r\n\r\n\r\n<li>proizvodi za zdravu udobnost alergi\u010dara, astmati\u010dara i osjetljivih ljudi,<\/li>\r\n\r\n\r\n\r\n<li>proizvodi od certificiranih prirodnih materijala,<\/li>\r\n\r\n\r\n\r\n<li>cjelovita i po mjeri izra\u0111ena tekstilna oprema vodenih plovila,<\/li>\r\n\r\n\r\n\r\n<li>presti\u017eni proizvodi koji dopunjuju luksuznost va\u0161e ponude.<\/li>\r\n<\/ul>\r\n\r\n\r\n\r\n<p>Ako trebate dodatne informacije o nekom od ovih segmenata, slobodno pitajte!<\/p>\r\n\r\n\t\t\t \r\n\t\t<\/div>\r\n\t \r\n\t\t\t\r\n\t\t<\/div>\r\n\t \r\n\t\t<\/div>\r\n\t \r\n\t\t<\/div>\r\n\t\r\n\r\n\r\n\t\t<div  class=\"block-c50fd23a-5e71-4cde-8bf4-15a116f9fd1e areoi-element container mt-10\">\r\n\t\t\t\r\n\t\t\t\r\n\r\n\r\n\t\t<div  class=\"block-18635007-bf41-4b19-b056-61b37610874d row areoi-element\">\r\n\t\t\t\r\n\r\n\t\t\t\r\n\r\n\r\n\t\t<div  class=\"block-58b928a9-d5d2-4b9c-af75-d7f1156022d7 col areoi-element column-padding-fix col-10\">\r\n\t\t\t\r\n\t\t\t\r\n\r\n\r\n<h4 class=\"wp-block-heading\">Odaberite etabliranog i prilagodljivog partnera<\/h4>\r\n\r\n\r\n\r\n<p>Samo za vas mo\u017eemo izraditi vrlo specifi\u010dne tekstilne proizvode za opremanje va\u0161eg objekta. Stru\u010dni tim \u0107e na temelju nacrta va\u0161eg objekta, tipa njegovih korisnika, \u017eelja glede odr\u017eavanja opreme i ostalog razviti i izraditi takvu tekstilnu opremu kakvu \u017eelite.<\/p>\r\n\r\n\r\n\r\n<p><strong>Glavne zna\u010dajke poduze\u0107a Odeja su:<\/strong><\/p>\r\n\r\n\r\n\r\n<ul class=\"wp-block-list\">\r\n<li>vlastiti razvoj i proizvodnja,<\/li>\r\n\r\n\r\n\r\n<li>kontrolirani odabir najboljih materijala i<\/li>\r\n\r\n\r\n\r\n<li>vrhunska izrada.<\/li>\r\n<\/ul>\r\n\r\n\r\n\r\n<p><strong>Omogu\u0107uju nam da vam se mo\u017eemo prilagoditi glede:<\/strong><\/p>\r\n\r\n\r\n\r\n<ul class=\"wp-block-list\">\r\n<li>izbora materijala,<\/li>\r\n\r\n\r\n\r\n<li>na\u010dina izrade,<\/li>\r\n\r\n\r\n\r\n<li>koli\u010dine proizvoda,<\/li>\r\n\r\n\r\n\r\n<li>vremena isporuke.<\/li>\r\n<\/ul>\r\n\r\n\r\n\r\n<p>Ako imate konkretne \u017eelje ili potrebe za tekstilnom opremom, slobodno ih podijelite kako bismo vam mogli pru\u017eiti detaljnije informacije.<\/p>\r\n \r\n\t\t\t\r\n\t\t<\/div>\r\n\t \r\n\t\t<\/div>\r\n\t \r\n\t\t<\/div>\r\n\t","protected":false},"excerpt":{"rendered":"","protected":false},"author":8481,"featured_media":93227,"parent":0,"menu_order":0,"comment_status":"closed","ping_status":"closed","template":"","meta":{"_acf_changed":false,"footnotes":""},"class_list":["post-133516","page","type-page","status-publish","has-post-thumbnail","hentry"],"acf":[],"_links":{"self":[{"href":"https:\/\/odeja.si\/hr\/wp-json\/wp\/v2\/pages\/133516","targetHints":{"allow":["GET"]}}],"collection":[{"href":"https:\/\/odeja.si\/hr\/wp-json\/wp\/v2\/pages"}],"about":[{"href":"https:\/\/odeja.si\/hr\/wp-json\/wp\/v2\/types\/page"}],"author":[{"embeddable":true,"href":"https:\/\/odeja.si\/hr\/wp-json\/wp\/v2\/users\/8481"}],"replies":[{"embeddable":true,"href":"https:\/\/odeja.si\/hr\/wp-json\/wp\/v2\/comments?post=133516"}],"version-history":[{"count":1,"href":"https:\/\/odeja.si\/hr\/wp-json\/wp\/v2\/pages\/133516\/revisions"}],"predecessor-version":[{"id":176639,"href":"https:\/\/odeja.si\/hr\/wp-json\/wp\/v2\/pages\/133516\/revisions\/176639"}],"wp:featuredmedia":[{"embeddable":true,"href":"https:\/\/odeja.si\/hr\/wp-json\/wp\/v2\/media\/93227"}],"wp:attachment":[{"href":"https:\/\/odeja.si\/hr\/wp-json\/wp\/v2\/media?parent=133516"}],"curies":[{"name":"wp","href":"https:\/\/api.w.org\/{rel}","templated":true}]}}