{"id":133708,"date":"2025-02-03T02:00:28","date_gmt":"2025-02-03T00:00:28","guid":{"rendered":"http:\/\/odeja.si\/dostava\/"},"modified":"2025-05-22T08:19:10","modified_gmt":"2025-05-22T08:19:10","slug":"dostava","status":"publish","type":"page","link":"https:\/\/odeja.si\/hr\/dostava\/","title":{"rendered":"Otprema i dostava"},"content":{"rendered":"\r\n\t\t<div  class=\"block-6aa39cbb-e4a8-452b-aa0a-149d1dec2bdd areoi-element container\">\r\n\t\t\t\r\n\t\t\t\n\r\n\t\t<div  class=\"block-d269e848-f29b-4c17-85ab-901cbe76e6bf row areoi-element\">\r\n\t\t\t\r\n\r\n\t\t\t\n\r\n\t\t<div  class=\"block-e7939c5e-893e-49b4-a9d7-ad987143155e col areoi-element column-padding-fix col-10\">\r\n\t\t\t\r\n\t\t\t\n\n<h4 class=\"wp-block-heading\"><strong>Proizvode kupljene u na\u0161oj internetskoj trgovini dostavljamo diljem svijeta. Besplatna dostava unutar Slovenije za kupnje iznad 50 EUR.<\/strong><\/h4>\n\n\n\n<h3 class=\"wp-block-heading\">Ako ste se odlu\u010dili za pla\u0107anje pouze\u0107em ili putem usluge PayPal<\/h3>\n\n\n\n<p>Za proizvode koji su na zalihi, otprema naru\u010dene robe kupcu je <strong>1 do 5 radnih dana<\/strong> nakon potvrde va\u0161e narud\u017ebe. Za proizvode koji nisu na zalihi, kupca \u0107emo o mogu\u0107nosti dostave obavijestiti na njegovu elektroni\u010dku adresu ili telefonom.<\/p>\n\n\n\n<h3 class=\"wp-block-heading\">Ako ste se odlu\u010dili za pla\u0107anje predra\u010dunom<\/h3>\n\n\n\n<p>Za proizvode koji su na zalihi, otprema naru\u010dene robe kupcu je <strong>1 do 5 radnih dana<\/strong> nakon primitka uplate na na\u0161 bankovni ra\u010dun. Za proizvode koji nisu na zalihi, kupca \u0107emo o mogu\u0107nosti dostave obavijestiti na njegovu elektroni\u010dku adresu ili telefonom.<\/p>\n\n\n\n<hr class=\"wp-block-separator has-alpha-channel-opacity\"\/>\n\n\n\n<h3 class=\"wp-block-heading\">Tro\u0161kovi dostave<\/h3>\n\n\n\n<p><strong>Slovenija<\/strong><\/p>\n\n\n\n<ul class=\"wp-block-list\">\n<li>Prilikom kupnje proizvoda u vrijednosti do 49,99 EUR, tro\u0161ak dostave je <strong>3 EUR<\/strong>.<\/li>\n\n\n\n<li>Prilikom kupnje proizvoda u vrijednosti od 50 EUR ili vi\u0161e, dostava je <strong>besplatna<\/strong>.<\/li>\n<\/ul>\n\n\n\n<p><strong>Hrvatska<\/strong><\/p>\n\n\n\n<ul class=\"wp-block-list\">\n<li>Prilikom kupnje proizvoda u vrijednosti do 149,99 EUR, tro\u0161ak dostave je <strong>7 EUR<\/strong>.<\/li>\n\n\n\n<li>Prilikom kupnje proizvoda u vrijednosti od 150 EUR ili vi\u0161e, dostava je <strong>besplatna<\/strong>.<\/li>\n<\/ul>\n\n\n\n<p><strong>Dr\u017eave EU i druge zemlje diljem svijeta<\/strong> Tro\u0161kovi dostave variraju izme\u0111u zemalja i bit \u0107e vidljivi prilikom odabira zemlje prije pla\u0107anja.<\/p>\n\n \r\n\t\t\t\r\n\t\t<\/div>\r\n\t\n \r\n\t\t<\/div>\r\n\t\n \r\n\t\t<\/div>\r\n\t\n\n\r\n\t\t<div  class=\"block-904ac45a-51e0-438d-abd1-3cbe5c4f3d38 areoi-element container mt-5\">\r\n\t\t\t\r\n\t\t\t\n\r\n\t\t<div  class=\"block-04545f74-2006-42ee-9eaa-0202b115164f row areoi-element\">\r\n\t\t\t\r\n\r\n\t\t\t\n\r\n\t\t<div  class=\"block-013ab98a-6efe-4fa8-8282-25a013568e23 col areoi-element\">\r\n\t\t\t\r\n\t\t\t\n\n<figure class=\"wp-block-image size-large w-100\"><img loading=\"lazy\" decoding=\"async\" width=\"1024\" height=\"424\" src=\"https:\/\/odeja.si\/wp-content\/uploads\/2025\/02\/SLIKA-5-1024x424.jpg\" alt=\"\" class=\"wp-image-93210\" srcset=\"https:\/\/odeja.si\/wp-content\/uploads\/2025\/02\/SLIKA-5-1024x424.jpg 1024w, https:\/\/odeja.si\/wp-content\/uploads\/2025\/02\/SLIKA-5-600x248.jpg 600w, https:\/\/odeja.si\/wp-content\/uploads\/2025\/02\/SLIKA-5-440x182.jpg 440w, https:\/\/odeja.si\/wp-content\/uploads\/2025\/02\/SLIKA-5-300x124.jpg 300w, https:\/\/odeja.si\/wp-content\/uploads\/2025\/02\/SLIKA-5-768x318.jpg 768w, https:\/\/odeja.si\/wp-content\/uploads\/2025\/02\/SLIKA-5.jpg 1088w\" sizes=\"(max-width: 1024px) 100vw, 1024px\" \/><\/figure>\n\n \r\n\t\t\t\r\n\t\t<\/div>\r\n\t\n \r\n\t\t<\/div>\r\n\t\n \r\n\t\t<\/div>\r\n\t\n\n\r\n\t\t<div  class=\"block-cfbbccb2-eafe-4f91-a30b-b83a96ed7ba1 areoi-element container mt-5\">\r\n\t\t\t\r\n\t\t\t\n\r\n\t\t<div  class=\"block-993928e0-498b-4b81-8a90-74e45239c1e7 row areoi-element\">\r\n\t\t\t\r\n\r\n\t\t\t\n\r\n\t\t<div  class=\"block-74b20c6b-5b5d-49be-b196-2d4fcf24aeac col areoi-element column-padding-fix col-10\">\r\n\t\t\t\r\n\t\t\t\n\n<h4 class=\"wp-block-heading\">Dostava<\/h4>\n\n\n\n<p>Ponuditelj mora robu odnosno uslugu dostaviti u obe\u0107anom roku. Kupac prilikom predaje narud\u017ebe mo\u017ee odrediti adresu za dostavu koja je za ponuditelja obvezuju\u0107a. Prilikom dostave mora kupcu pru\u017eiti dodatne informacije o pravu na odustanak, prvenstveno uvjete i na\u010din izvr\u0161enja samog prava. Mora osigurati sve potrebne informacije o adresi na koju se kupac mo\u017ee obratiti u slu\u010daju pritu\u017ebe te informacije o jamstvima i servisu odnosno drugim uslugama nakon sklapanja ugovora.<\/p>\n\n\n\n<p>U slu\u010daju da kupca (primatelja) u trenutku dostave nema na adresi, paket je mogu\u0107e preuzeti u poslovnici Po\u0161te (na koju je paket bio naslovljen) u roku od 15 dana. Ako kupac (primatelj) paket ne preuzme u roku od 15 dana, paket se vra\u0107a ponuditelju.<\/p>\n\n\n\n<p>Ugovorni partner za dostavu po\u0161iljaka je Po\u0161ta Slovenije, no ponuditelj zadr\u017eava pravo odabrati drugu dostavnu slu\u017ebu ako \u0107e time mo\u0107i u\u010dinkovitije ispuniti narud\u017ebu.<\/p>\n\n\n\r\n\t\t<div  class=\"block-e7862969-671e-4a6d-bece-edb2edfcfdcf areoi-element mt-5\">\r\n\t\t\t\r\n\t\t\t\n\n<h4 class=\"wp-block-heading\">\u017delite li savjet pri odabiru proizvoda?<\/h4>\n\n\n\n<p>Sa svim pitanjima vezanim uz internetsku trgovinu mo\u017eete se obratiti na:<\/p>\n\n\n\n<div  class=\"icon-list-block layout-grid-1\" >\n            <a href=\"mailto:svetovanje@odeja.si\" target=\"_blank\">\n            <img loading=\"lazy\" decoding=\"async\" width=\"1\" height=\"1\" src=\"https:\/\/odeja.si\/wp-content\/uploads\/2025\/02\/envelope-marker-1.svg\" class=\"attachment-medium size-medium\" alt=\"\" \/>                            <span class=\"d-block lh-1 ms-1\">svetovanje@odeja.si<\/span>\n                    <\/a>\n            <a href=\"tel:+386 4 51 30 150\" target=\"_blank\">\n            <img loading=\"lazy\" decoding=\"async\" width=\"1\" height=\"1\" src=\"https:\/\/odeja.si\/wp-content\/uploads\/2025\/02\/circle-phone-flip-1.svg\" class=\"attachment-medium size-medium\" alt=\"\" \/>                            <span class=\"d-block lh-1 ms-1\">+386 4 51 30 150<\/span>\n                    <\/a>\n    <\/div>\n\n\r\n\t\t\t \r\n\t\t<\/div>\r\n\t\n\n\r\n\t\t<div  class=\"block-1e34dac8-79a6-4c82-ba0c-1379cc2cc9bc areoi-element mt-5\">\r\n\t\t\t\r\n\t\t\t\n\n<h4 class=\"wp-block-heading\">Imate li pitanja prilikom internetske kupnje?<\/h4>\n\n\n\n<p>Sa svim pitanjima vezanim uz internetsku trgovinu mo\u017eete se obratiti na:<\/p>\n\n\n\n<div  class=\"icon-list-block layout-grid-1\" >\n            <a href=\"mailto:eprodaja@odeja.si\" target=\"_blank\">\n            <img loading=\"lazy\" decoding=\"async\" width=\"1\" height=\"1\" src=\"https:\/\/odeja.si\/wp-content\/uploads\/2025\/02\/envelope-marker-1.svg\" class=\"attachment-medium size-medium\" alt=\"\" \/>                            <span class=\"d-block lh-1 ms-1\">eprodaja@odeja.si<\/span>\n                    <\/a>\n            <a href=\"tel:+386 4 51 30 155\" target=\"_blank\">\n            <img loading=\"lazy\" decoding=\"async\" width=\"1\" height=\"1\" src=\"https:\/\/odeja.si\/wp-content\/uploads\/2025\/02\/circle-phone-flip-1.svg\" class=\"attachment-medium size-medium\" alt=\"\" \/>                            <span class=\"d-block lh-1 ms-1\">+386 4 51 30 155<\/span>\n                    <\/a>\n    <\/div>\n\n\r\n\t\t\t \r\n\t\t<\/div>\r\n\t\n \r\n\t\t\t\r\n\t\t<\/div>\r\n\t\n \r\n\t\t<\/div>\r\n\t\n \r\n\t\t<\/div>\r\n\t","protected":false},"excerpt":{"rendered":"","protected":false},"author":8481,"featured_media":93216,"parent":0,"menu_order":0,"comment_status":"closed","ping_status":"closed","template":"","meta":{"_acf_changed":false,"footnotes":""},"class_list":["post-133708","page","type-page","status-publish","has-post-thumbnail","hentry"],"acf":[],"_links":{"self":[{"href":"https:\/\/odeja.si\/hr\/wp-json\/wp\/v2\/pages\/133708","targetHints":{"allow":["GET"]}}],"collection":[{"href":"https:\/\/odeja.si\/hr\/wp-json\/wp\/v2\/pages"}],"about":[{"href":"https:\/\/odeja.si\/hr\/wp-json\/wp\/v2\/types\/page"}],"author":[{"embeddable":true,"href":"https:\/\/odeja.si\/hr\/wp-json\/wp\/v2\/users\/8481"}],"replies":[{"embeddable":true,"href":"https:\/\/odeja.si\/hr\/wp-json\/wp\/v2\/comments?post=133708"}],"version-history":[{"count":0,"href":"https:\/\/odeja.si\/hr\/wp-json\/wp\/v2\/pages\/133708\/revisions"}],"wp:featuredmedia":[{"embeddable":true,"href":"https:\/\/odeja.si\/hr\/wp-json\/wp\/v2\/media\/93216"}],"wp:attachment":[{"href":"https:\/\/odeja.si\/hr\/wp-json\/wp\/v2\/media?parent=133708"}],"curies":[{"name":"wp","href":"https:\/\/api.w.org\/{rel}","templated":true}]}}