{"id":133715,"date":"2025-02-03T01:59:51","date_gmt":"2025-02-02T23:59:51","guid":{"rendered":"http:\/\/odeja.si\/pomoc-in-svetovanje\/"},"modified":"2025-05-22T08:11:27","modified_gmt":"2025-05-22T08:11:27","slug":"pomoc-in-svetovanje","status":"publish","type":"page","link":"https:\/\/odeja.si\/hr\/pomoc-in-svetovanje\/","title":{"rendered":"Pomo\u0107 i savjetovanje"},"content":{"rendered":"\r\n\t\t<div  class=\"block-26d25d16-6160-40a3-921d-1521538c5b42 areoi-element container\">\r\n\t\t\t\r\n\t\t\t\n\r\n\t\t<div  class=\"block-17051d2e-9840-42eb-a872-aa26ee4885dd row areoi-element\">\r\n\t\t\t\r\n\r\n\t\t\t\n\r\n\t\t<div  class=\"block-ee1c5009-8a7e-40b0-aa93-ee77466a0970 col areoi-element column-padding-fix col-10\">\r\n\t\t\t\r\n\t\t\t\n\r\n\t\t<div  class=\"block-deabae39-6800-4604-9adc-b214fa706bcd areoi-element\">\r\n\t\t\t\r\n\t\t\t\n\n<h4 class=\"wp-block-heading\">\u017delite savjet pri odabiru proizvoda?<\/h4>\n\n\n\n<p>Za sva pitanja vezana uz internetsku trgovinu mo\u017eete se obratiti na:<\/p>\n\n\n\n<div  class=\"icon-list-block layout-grid-1\" >\n            <a href=\"mailto:svetovanje@odeja.si\" target=\"_blank\">\n            <img loading=\"lazy\" decoding=\"async\" width=\"1\" height=\"1\" src=\"https:\/\/odeja.si\/wp-content\/uploads\/2025\/02\/envelope-marker-1.svg\" class=\"attachment-medium size-medium\" alt=\"\" \/>                            <span class=\"d-block lh-1 ms-1\">svetovanje@odeja.si<\/span>\n                    <\/a>\n            <a href=\"tel:+386 4 51 30 150\" target=\"_blank\">\n            <img loading=\"lazy\" decoding=\"async\" width=\"1\" height=\"1\" src=\"https:\/\/odeja.si\/wp-content\/uploads\/2025\/02\/circle-phone-flip-1.svg\" class=\"attachment-medium size-medium\" alt=\"\" \/>                            <span class=\"d-block lh-1 ms-1\">+386 4 51 30 150<\/span>\n                    <\/a>\n    <\/div>\n\n\r\n\t\t\t \r\n\t\t<\/div>\r\n\t\n\n\r\n\t\t<div  class=\"block-3a8c931f-846a-4956-b292-e3c480ddf1d4 areoi-element mt-6\">\r\n\t\t\t\r\n\t\t\t\n\n<h4 class=\"wp-block-heading\">Imate li pitanja prilikom internetske kupnje?<\/h4>\n\n\n\n<p>Sa svim pitanjima vezanim uz internetsku trgovinu mo\u017eete se obratiti na:<\/p>\n\n\n\n<div  class=\"icon-list-block layout-grid-1\" >\n            <a href=\"mailto:eprodaja@odeja.si\" target=\"_blank\">\n            <img loading=\"lazy\" decoding=\"async\" width=\"1\" height=\"1\" src=\"https:\/\/odeja.si\/wp-content\/uploads\/2025\/02\/envelope-marker-1.svg\" class=\"attachment-medium size-medium\" alt=\"\" \/>                            <span class=\"d-block lh-1 ms-1\">eprodaja@odeja.si<\/span>\n                    <\/a>\n            <a href=\"tel:+386 4 51 30 155\" target=\"_blank\">\n            <img loading=\"lazy\" decoding=\"async\" width=\"1\" height=\"1\" src=\"https:\/\/odeja.si\/wp-content\/uploads\/2025\/02\/circle-phone-flip-1.svg\" class=\"attachment-medium size-medium\" alt=\"\" \/>                            <span class=\"d-block lh-1 ms-1\">+386 4 51 30 155<\/span>\n                    <\/a>\n    <\/div>\n\n\r\n\t\t\t \r\n\t\t<\/div>\r\n\t\n\n\n<hr class=\"wp-block-separator has-text-color has-alpha-channel-opacity has-background mt-6\" style=\"background-color:#000000;color:#000000\"\/>\n\n\n\n<h4 class=\"wp-block-heading mt-5\">\u017delite li osobno savjetovanje?<\/h4>\n\n\n\n<p>Posjetite jednu od na\u0161ih trgovina gdje vam mo\u017eemo predstaviti na\u0161e proizvode i pomo\u0107i vam u odabiru onih koji \u0107e odgovarati va\u0161im \u017eeljama i o\u010dekivanjima.<\/p>\n\n\n\n<p><a href=\"#\">Poi\u0161\u010dite najbli\u017ejo Odejino trgovino &gt;<\/a><\/p>\n\n \r\n\t\t\t\r\n\t\t<\/div>\r\n\t\n \r\n\t\t<\/div>\r\n\t\n \r\n\t\t<\/div>\r\n\t\n\n\r\n\t\t<div  class=\"block-f320c868-451b-4e30-a013-e68e7af88fac areoi-element container mt-6\">\r\n\t\t\t\r\n\t\t\t\n\r\n\t\t<div  class=\"block-2f440f42-e28d-4340-b0ec-b2af19cc0ed8 row areoi-element\">\r\n\t\t\t\r\n\r\n\t\t\t\n\r\n\t\t<div  class=\"block-5f7551e1-8a66-4f22-85b9-0ddb676e8c64 col areoi-element\">\r\n\t\t\t\r\n\t\t\t\n\n<figure class=\"wp-block-image size-large\"><img loading=\"lazy\" decoding=\"async\" width=\"1024\" height=\"424\" src=\"https:\/\/odeja.si\/wp-content\/uploads\/2025\/02\/SLIKA-6-1024x424.jpg\" alt=\"\" class=\"wp-image-93218\" title=\"w-100\" srcset=\"https:\/\/odeja.si\/wp-content\/uploads\/2025\/02\/SLIKA-6-1024x424.jpg 1024w, https:\/\/odeja.si\/wp-content\/uploads\/2025\/02\/SLIKA-6-600x248.jpg 600w, https:\/\/odeja.si\/wp-content\/uploads\/2025\/02\/SLIKA-6-440x182.jpg 440w, https:\/\/odeja.si\/wp-content\/uploads\/2025\/02\/SLIKA-6-300x124.jpg 300w, https:\/\/odeja.si\/wp-content\/uploads\/2025\/02\/SLIKA-6-768x318.jpg 768w, https:\/\/odeja.si\/wp-content\/uploads\/2025\/02\/SLIKA-6.jpg 1088w\" sizes=\"(max-width: 1024px) 100vw, 1024px\" \/><\/figure>\n\n \r\n\t\t\t\r\n\t\t<\/div>\r\n\t\n \r\n\t\t<\/div>\r\n\t\n \r\n\t\t<\/div>\r\n\t\n\n\r\n\t\t<div  class=\"block-26856f66-7dc6-40b0-a6bd-a44180d281eb areoi-element container mt-6\">\r\n\t\t\t\r\n\t\t\t\n\r\n\t\t<div  class=\"block-33f4c15b-f392-48c4-b428-bb4448fb7b8d row areoi-element\">\r\n\t\t\t\r\n\r\n\t\t\t\n\r\n\t\t<div  class=\"block-e0dc07c9-d3d2-4cee-99d1-46be21a4a948 col areoi-element column-padding-fix col-10\">\r\n\t\t\t\r\n\t\t\t\n\n<h4 class=\"wp-block-heading\">Tra\u017eite ne\u0161to odre\u0111eno?<\/h4>\n\n\n\n<p>Nazovite nas na telefonski broj: <strong>+386 4 51 30 150<\/strong> (od ponedjeljka do petka, izme\u0111u 9 i 15 sati).<\/p>\n\n\n\n<p>Pi\u0161ite nam na e-mail adresu: <strong>info@odeja.si<\/strong>.<\/p>\n\n\n\n<p>Prelistajte kontakt podatke Odejine ekipe.<\/p>\n\n\n\n<p class=\"mt-5\">Veselimo se svakom va\u0161em pitanju ili inicijativi.<\/p>\n\n \r\n\t\t\t\r\n\t\t<\/div>\r\n\t\n \r\n\t\t<\/div>\r\n\t\n \r\n\t\t<\/div>\r\n\t\n\n\r\n\t\t<div  class=\"block-06961bf9-9a6b-446e-8f25-d84b81dc8d66 areoi-element text-white mt-10\">\r\n\t\t\t\r\n\t\t<div class=\"areoi-background  \">\r\n\t\t\t<div class=\"container-fluid\" style=\"padding: 0;\">\r\n\t\t\t\t<div class=\"row justify-content-start\">\r\n\t\t\t\t\t<div class=\"col \">\r\n\t\t\t            <div class=\"areoi-background__color\" \r\n\t                        \tstyle=\"background: rgba(36, 52, 63,1)\">\r\n\t                        <\/div>\r\n\r\n\t                    \r\n\r\n\t                    \r\n\r\n\t                    \r\n\t    \t\t\t<\/div>\r\n\t    \t\t<\/div>\r\n\t    \t<\/div>\r\n\t    <\/div>\r\n\t\r\n\t\t\t\n\r\n\t\t<div  class=\"block-86d7d5cf-5416-4071-841b-26d1331bf727 areoi-element container\">\r\n\t\t\t\r\n\t\t\t\n\r\n\t\t<div  class=\"block-da8a5c05-647f-4565-a50b-475b1ff911ef row areoi-element align-items-center\">\r\n\t\t\t\r\n\r\n\t\t\t\n\r\n\t\t<div  class=\"block-53d6b60a-ce7d-4d91-a227-7aec2be6520b col areoi-element col-12 col-md-9\">\r\n\t\t\t\r\n\t\t\t\n\n<p class=\"mb-0\" style=\"font-size:28px\">Prepustite nam svoju e-mail adresu i prepustite se udobnosti kada vam vijesti o pogodnostima same do\u0111u.<\/p>\n\n \r\n\t\t\t\r\n\t\t<\/div>\r\n\t\n\n\r\n\t\t<div  class=\"block-a4085bde-714e-4595-b8ec-23850ed91a8a col areoi-element mt-4 mt-md-0 col-12 col-md-3\">\r\n\t\t\t\r\n\t\t\t\n\r\n\t\t\t\t\r\n\t\t<a \r\n\t\t\t\r\n\t\t\tclass=\"block-df9c99de-8cf0-4a31-b376-db94d24371f0 btn areoi-has-url position-relative btn-primary btn-sm\"\r\n\t >\r\n\t\t\t\t\t\r\n\t\t\t\t\tKontaktirajte nas \r\n\t\t\t\t\t\r\n\t\t\t\t\t \r\n\t\t\t\t<\/a>\r\n\t\t\t\n \r\n\t\t\t\r\n\t\t<\/div>\r\n\t\n \r\n\t\t<\/div>\r\n\t\n \r\n\t\t<\/div>\r\n\t\n\r\n\t\t\t \r\n\t\t<\/div>\r\n\t","protected":false},"excerpt":{"rendered":"","protected":false},"author":8481,"featured_media":93224,"parent":0,"menu_order":0,"comment_status":"closed","ping_status":"closed","template":"","meta":{"_acf_changed":false,"footnotes":""},"class_list":["post-133715","page","type-page","status-publish","has-post-thumbnail","hentry"],"acf":[],"_links":{"self":[{"href":"https:\/\/odeja.si\/hr\/wp-json\/wp\/v2\/pages\/133715","targetHints":{"allow":["GET"]}}],"collection":[{"href":"https:\/\/odeja.si\/hr\/wp-json\/wp\/v2\/pages"}],"about":[{"href":"https:\/\/odeja.si\/hr\/wp-json\/wp\/v2\/types\/page"}],"author":[{"embeddable":true,"href":"https:\/\/odeja.si\/hr\/wp-json\/wp\/v2\/users\/8481"}],"replies":[{"embeddable":true,"href":"https:\/\/odeja.si\/hr\/wp-json\/wp\/v2\/comments?post=133715"}],"version-history":[{"count":0,"href":"https:\/\/odeja.si\/hr\/wp-json\/wp\/v2\/pages\/133715\/revisions"}],"wp:featuredmedia":[{"embeddable":true,"href":"https:\/\/odeja.si\/hr\/wp-json\/wp\/v2\/media\/93224"}],"wp:attachment":[{"href":"https:\/\/odeja.si\/hr\/wp-json\/wp\/v2\/media?parent=133715"}],"curies":[{"name":"wp","href":"https:\/\/api.w.org\/{rel}","templated":true}]}}