{"id":133732,"date":"2025-02-03T02:01:01","date_gmt":"2025-02-03T00:01:01","guid":{"rendered":"http:\/\/odeja.si\/vracilo-izdelkov\/"},"modified":"2025-07-31T10:16:18","modified_gmt":"2025-07-31T10:16:18","slug":"vracilo-izdelkov","status":"publish","type":"page","link":"https:\/\/odeja.si\/hr\/vracilo-izdelkov\/","title":{"rendered":"Povrat proizvoda"},"content":{"rendered":"\r\n\t\t<div  class=\"block-3517049b-f58b-4a95-a589-c947322e9266 areoi-element container\">\r\n\t\t\t\r\n\t\t\t\n\r\n\t\t<div  class=\"block-6fe8050f-6b95-4001-9583-338c577700fe row areoi-element\">\r\n\t\t\t\r\n\r\n\t\t\t\n\r\n\t\t<div  class=\"block-e7939c5e-893e-49b4-a9d7-ad987143155e col areoi-element column-padding-fix col-10\">\r\n\t\t\t\r\n\t\t\t\n\n<p style=\"font-size:20px\"><strong>Pravo na odustajanje od kupnje u internetskoj trgovini odeja.si, povrat robe<\/strong><\/p>\n\n\n\n<p>Uvijek imate pravo, da nam u roku od petnaest (15) dana nakon preuzimanja narud\u017ebe putem elektroni\u010dke po\u0161te na adresu <strong>eprodaja@odeja.si<\/strong> javite da odustajete od ugovora, a da pritom ne morate navesti razlog svoje odluke.<\/p>\n\n\n\n<p>Radi lak\u0161eg povrata proizvoda, za vas smo osmislili <strong>obrazac za odustajanje od ugovora<\/strong> koji je dostupan <a href=\"https:\/\/odeja.si\/wp-content\/uploads\/2025\/07\/Odstop-od-pogodbe-hrv.pdf\" target=\"_blank\" rel=\"noreferrer noopener\">ovdje<\/a>. Ispi\u0161ite ga, ispunite i vratite nam ga zajedno s prilo\u017eenim vra\u0107enim proizvodima na na\u0161u adresu.<\/p>\n\n\n\n<p>Jedini tro\u0161ak koji vas kao kupca tereti u vezi s odustajanjem od ugovora je <strong>izravan tro\u0161ak povrata robe<\/strong>. Potonju morate vratiti na adresu poduze\u0107a najkasnije u petnaest (15) dana od poruke o odustajanju.<\/p>\n\n\n\n<p>Proizvodi moraju biti <strong>potpuno nekori\u0161teni, neo\u0161te\u0107eni i u originalnom pakiranju<\/strong>. Vra\u0107enim proizvodima prilo\u017eite i izjavu o odustajanju kojom \u0107ete nam javiti namjeru o odustajanju od kupnje.<\/p>\n\n\n\n<p class=\"mt-3\">Povrat upla\u0107enih sredstava bit \u0107e izvr\u0161en \u010dim to bude mogu\u0107e, odnosno najkasnije u roku od \u010detrnaest (14) dana od primitka poruke o odustajanju od ugovora.<\/p>\n\n\n\n<hr class=\"wp-block-separator has-alpha-channel-opacity my-4\"\/>\n\n\n\n<h4 class=\"wp-block-heading\">Imate li pitanja vezana uz online kupnju?<\/h4>\n\n\n\n<p>Za sva pitanja u vezi s internetskom trgovinom mo\u017eete se obratiti na:<\/p>\n\n\n\n<div  class=\"icon-list-block layout-grid-1\" >\n            <a href=\"mailto:eprodaja@odeja.si\" target=\"_blank\">\n            <img loading=\"lazy\" decoding=\"async\" width=\"1\" height=\"1\" src=\"https:\/\/odeja.si\/wp-content\/uploads\/2025\/02\/envelope-marker-1.svg\" class=\"attachment-medium size-medium\" alt=\"\" \/>                            <span class=\"d-block lh-1 ms-1\">eprodaja@odeja.si<\/span>\n                    <\/a>\n            <a href=\"tel:+386 4 51 30 155\" target=\"_blank\">\n            <img loading=\"lazy\" decoding=\"async\" width=\"1\" height=\"1\" src=\"https:\/\/odeja.si\/wp-content\/uploads\/2025\/02\/circle-phone-flip-1.svg\" class=\"attachment-medium size-medium\" alt=\"\" \/>                            <span class=\"d-block lh-1 ms-1\">+386 4 51 30 155<\/span>\n                    <\/a>\n    <\/div>\n\n \r\n\t\t\t\r\n\t\t<\/div>\r\n\t\n \r\n\t\t<\/div>\r\n\t\n \r\n\t\t<\/div>\r\n\t","protected":false},"excerpt":{"rendered":"","protected":false},"author":8481,"featured_media":93196,"parent":0,"menu_order":0,"comment_status":"closed","ping_status":"closed","template":"","meta":{"_acf_changed":false,"footnotes":""},"class_list":["post-133732","page","type-page","status-publish","has-post-thumbnail","hentry"],"acf":[],"_links":{"self":[{"href":"https:\/\/odeja.si\/hr\/wp-json\/wp\/v2\/pages\/133732","targetHints":{"allow":["GET"]}}],"collection":[{"href":"https:\/\/odeja.si\/hr\/wp-json\/wp\/v2\/pages"}],"about":[{"href":"https:\/\/odeja.si\/hr\/wp-json\/wp\/v2\/types\/page"}],"author":[{"embeddable":true,"href":"https:\/\/odeja.si\/hr\/wp-json\/wp\/v2\/users\/8481"}],"replies":[{"embeddable":true,"href":"https:\/\/odeja.si\/hr\/wp-json\/wp\/v2\/comments?post=133732"}],"version-history":[{"count":1,"href":"https:\/\/odeja.si\/hr\/wp-json\/wp\/v2\/pages\/133732\/revisions"}],"predecessor-version":[{"id":166511,"href":"https:\/\/odeja.si\/hr\/wp-json\/wp\/v2\/pages\/133732\/revisions\/166511"}],"wp:featuredmedia":[{"embeddable":true,"href":"https:\/\/odeja.si\/hr\/wp-json\/wp\/v2\/media\/93196"}],"wp:attachment":[{"href":"https:\/\/odeja.si\/hr\/wp-json\/wp\/v2\/media?parent=133732"}],"curies":[{"name":"wp","href":"https:\/\/api.w.org\/{rel}","templated":true}]}}