{"id":133741,"date":"2025-02-03T02:01:47","date_gmt":"2025-02-03T00:01:47","guid":{"rendered":"http:\/\/odeja.si\/piskotki\/"},"modified":"2025-09-17T09:10:02","modified_gmt":"2025-09-17T07:10:02","slug":"kolacici","status":"publish","type":"page","link":"https:\/\/odeja.si\/hr\/kolacici\/","title":{"rendered":"Kola\u010di\u010di"},"content":{"rendered":"\r\n<p><strong>Sadr\u017eaj<\/strong><\/p>\r\n<ul>\r\n<li>\u0160to su kola\u010di\u0107i?<\/li>\r\n<li>Za\u0161to su kola\u010di\u0107i potrebni?<\/li>\r\n<li>Za\u0161to na\u0161a web stranica koristi kola\u010di\u0107e?<\/li>\r\n<li>Onemogu\u0107avanje kola\u010di\u0107a<\/li>\r\n<li>Vrste kola\u010di\u0107a koje koristimo na ovoj web stranici<\/li>\r\n<li>Tablica kori\u0161tenih kola\u010di\u0107a<\/li>\r\n<\/ul>\r\n<p><strong>\u0160to su kola\u010di\u0107i? <\/strong><\/p>\r\n<p>Kola\u010di\u0107i su male datoteke koje se preuzimaju na va\u0161e ra\u010dunalo kako bi se pobolj\u0161alo korisni\u010dko iskustvo. Sami kola\u010di\u0107i ne sadr\u017ee nikakve podatke. Uvijek imate mogu\u0107nost prihvatiti ili odbiti kola\u010di\u0107e. Njihovo pohranjivanje je pod potpunom kontrolom preglednika koji korisnik koristi. Kola\u010di\u0107i su male datoteke koje posje\u0107ene web stranice \u0161alju u va\u0161e ra\u010dunalo i pohranjuju ih na njemu. Obi\u010dno sadr\u017ee: naziv poslu\u017eitelja s kojeg je kola\u010di\u0107 poslan, vijek trajanja kola\u010di\u0107a i vrijednost (jedinstveni broj). Kola\u010di\u0107i se pohranjuju u imeniku datoteka internetskog preglednika. Pri sljede\u0107em posjetu web stranici, preglednik \u010dita kola\u010di\u0107 i proslje\u0111uje informacije web stranici ili drugom elementu koji je postavio kola\u010di\u0107.<\/p>\r\n<p><strong>Za\u0161to su kola\u010di\u0107i potrebni? <\/strong><\/p>\r\n<p>Kola\u010di\u0107i su temeljni za pru\u017eanje korisni\u010dki prilago\u0111enih web usluga. Interakcija izme\u0111u web korisnika i web stranice uz pomo\u0107 kola\u010di\u0107a je br\u017ea i jednostavnija. Uz njihovu pomo\u0107, web stranica pamti individualne preferencije i iskustva, \u010dime se \u0161tedi vrijeme, a pregledavanje web stranica postaje u\u010dinkovitije i ugodnije.<\/p>\r\n<p>Nekoliko konkretnih primjera upotrebe kola\u010di\u0107a:<\/p>\r\n<ul>\r\n<li>za bolje korisni\u010dko iskustvo, posjetiteljima prilago\u0111avamo prikaz sadr\u017eaja na web stranici prema prethodnim posjetima<\/li>\r\n<li>za spremanje odabira pri stvaranju u\u017eeg izbora ure\u0111aja i ponuda te njihove usporedbe<\/li>\r\n<li>na dijelovima web stranica gdje je potrebna prijava, odr\u017eavamo vas prijavljenima<\/li>\r\n<li>za prepoznavanje va\u0161eg ure\u0111aja (ra\u010dunalo, tablet, mobitel) \u0161to omogu\u0107uje prilago\u0111avanje prikaza sadr\u017eaja va\u0161em ure\u0111aju<\/li>\r\n<li>za pra\u0107enje posjeta, \u0161to omogu\u0107uje provjeru u\u010dinkovitosti prikaza sadr\u017eaja i relevantnosti oglasa te stalno pobolj\u0161anje web stranica<\/li>\r\n<li>za rad odre\u0111enih usluga su nu\u017eni (npr. web trgovine i drugi oblici e-poslovanja, &#8230;)<\/li>\r\n<\/ul>\r\n<p>&nbsp;<\/p>\r\n<p><strong>Za\u0161to na\u0161a web stranica koristi kola\u010di\u0107e? <\/strong><\/p>\r\n<p>Kola\u010di\u0107i su va\u017eno sredstvo za odr\u017eavanje svje\u017eeg i relevantnog sadr\u017eaja koji je u skladu s interesima i preferencijama pojedinog web korisnika. Razlozi za upotrebu kola\u010di\u0107a proizlaze iz njihovih svojstava. Jedno od tih svojstava je pohranjivanje podataka o stanju pojedine web stranice. Kola\u010di\u0107i poma\u017eu pri pru\u017eanju raznih web usluga (web trgovine), poma\u017eu u prikupljanju raznih statistika jer se samo s njima mo\u017ee pratiti u\u010destalost posjeta odre\u0111enoj web stranici. Uz pomo\u0107 kola\u010di\u0107a, upravitelj web stranice mo\u017ee procijeniti u\u010dinkovitost dizajna svoje web stranice, kao i relevantnost vrste i broja oglasa koje tre\u0107e strane nude korisnicima na njegovoj web stranici.<\/p>\r\n<p><strong>Onemogu\u0107avanje kola\u010di\u0107a <\/strong><\/p>\r\n<p>Sami odlu\u010dujete ho\u0107ete li dopustiti pohranu kola\u010di\u0107a na va\u0161em ra\u010dunalu ili ne. Postavke za kola\u010di\u0107e mo\u017eete kontrolirati i mijenjati pomo\u0107u odabranih postavki internetskog preglednika. Za informacije o postavkama za kola\u010di\u0107e, odaberite internetski preglednik koji koristite.<\/p>\r\n<ul>\r\n<li><a href=\"https:\/\/support.google.com\/chrome\/answer\/95647?hl=sl-sl&amp;p=cpn_cookies\" target=\"_blank\" rel=\"noopener\">Chrome<\/a><\/li>\r\n<li><a href=\"https:\/\/support.mozilla.org\/sl\/kb\/izbrisite-piskotke-podatke-strani\" target=\"_blank\" rel=\"noopener\">Firefox<\/a><\/li>\r\n<li><a href=\"https:\/\/support.microsoft.com\/sl-si\/windows\/upravljanje-pi%C5%A1kotkov-v-brskalniku-microsoft-edge-ogled-omogo%C4%8Danje-blokiranje-brisanje-in-uporaba-168dab11-0753-043d-7c16-ede5947fc64d\" target=\"_blank\" rel=\"noopener\">Edge<\/a><\/li>\r\n<li><a href=\"http:\/\/www.opera.com\/help\/tutorials\/security\/cookies\/\" target=\"_blank\" rel=\"noopener\">Opera<\/a>(stranica na engleskom jeziku)<\/li>\r\n<li><a href=\"https:\/\/support.apple.com\/sl-si\/guide\/safari\/sfri11471\/mac\" target=\"_blank\" rel=\"noopener\">Safari<\/a>(stranica na engleskom jeziku)<\/li>\r\n<\/ul>\r\n<p><strong>Vrste kola\u010di\u0107a koje koristimo na ovoj web stranici <\/strong><\/p>\r\n<p>Za osiguravanje rada svih funkcija web stranice, koriste se sljede\u0107i kola\u010di\u0107i:<\/p>\r\n<ul>\r\n<li>kola\u010di\u0107i za analiti\u010dke svrhe<\/li>\r\n<li>kola\u010di\u0107 za pra\u0107enje itinerara neregistriranih korisnika.<\/li>\r\n<\/ul>\r\n<p>Odre\u0111eni sadr\u017eaji se prilago\u0111avaju za odre\u0111enog korisnika, a analiza posjeta web stranici omogu\u0107uje stalno pobolj\u0161avanje web stranice. Detaljan opis svakog kola\u010di\u0107a i vrijeme njegovog postavljanja vidljivi su u donjim tablicama:<\/p>\r\n<p><strong>Skupina: Potrebni kola\u010di\u0107i <\/strong><\/p>\r\n<p>Kola\u010di\u0107i su tekstualne datoteke koje na poslu\u017eitelju prepoznaju va\u0161e ra\u010dunalo. Sami kola\u010di\u0107i ne prepoznaju individualnog korisnika, ve\u0107 ra\u010dunalo koje je kori\u0161teno pri pristupu web stranici. Nu\u017eni kola\u010di\u0107i \u010dine web stranicu upotrebljivom jer omogu\u0107uju osnovne funkcije, kao \u0161to su navigacija po stranici i pristup sigurnim podru\u010djima web stranice. Web stranica bez tih kola\u010di\u0107a ne radi ispravno.<\/p>\r\n<p><strong>Skupina: Opcionalni\/funkcionalni kola\u010di\u0107i <\/strong><\/p>\r\n<p>Kola\u010di\u0107i za statistiku poma\u017eu vlasnicima web stranica razumjeti kako posjetitelji koriste web stranicu tako da anonimno prikupljaju i prijavljuju informacije.<\/p>\r\n<p><strong>Skupina: Kola\u010di\u0107i za marketing <\/strong><\/p>\r\n<p>Koriste se za pra\u0107enje korisnika putem web stranice. Svrha je prikazivanje oglasa koji su prikladni i zanimljivi za pojedinog korisnika.<\/p>\r\n<p>&nbsp;<\/p>\r\n<div class=\"cky-audit-table-element\">\u00a0<\/div>\r\n<p>&nbsp;<\/p>\r\n","protected":false},"excerpt":{"rendered":"<p>Sadr\u017eaj \u0160to su kola\u010di\u0107i? Za\u0161to su kola\u010di\u0107i potrebni? Za\u0161to na\u0161a web stranica koristi kola\u010di\u0107e? Onemogu\u0107avanje kola\u010di\u0107a&#8230;<\/p>\n","protected":false},"author":8481,"featured_media":0,"parent":0,"menu_order":0,"comment_status":"closed","ping_status":"closed","template":"","meta":{"_acf_changed":false,"footnotes":""},"class_list":["post-133741","page","type-page","status-publish","hentry"],"acf":[],"_links":{"self":[{"href":"https:\/\/odeja.si\/hr\/wp-json\/wp\/v2\/pages\/133741","targetHints":{"allow":["GET"]}}],"collection":[{"href":"https:\/\/odeja.si\/hr\/wp-json\/wp\/v2\/pages"}],"about":[{"href":"https:\/\/odeja.si\/hr\/wp-json\/wp\/v2\/types\/page"}],"author":[{"embeddable":true,"href":"https:\/\/odeja.si\/hr\/wp-json\/wp\/v2\/users\/8481"}],"replies":[{"embeddable":true,"href":"https:\/\/odeja.si\/hr\/wp-json\/wp\/v2\/comments?post=133741"}],"version-history":[{"count":6,"href":"https:\/\/odeja.si\/hr\/wp-json\/wp\/v2\/pages\/133741\/revisions"}],"predecessor-version":[{"id":169294,"href":"https:\/\/odeja.si\/hr\/wp-json\/wp\/v2\/pages\/133741\/revisions\/169294"}],"wp:attachment":[{"href":"https:\/\/odeja.si\/hr\/wp-json\/wp\/v2\/media?parent=133741"}],"curies":[{"name":"wp","href":"https:\/\/api.w.org\/{rel}","templated":true}]}}