{"id":225531,"date":"2025-12-08T11:49:30","date_gmt":"2025-12-08T10:49:30","guid":{"rendered":"https:\/\/odeja.si\/marec-popust\/"},"modified":"2026-04-23T11:08:30","modified_gmt":"2026-04-23T10:08:30","slug":"svibanj-popust","status":"publish","type":"page","link":"https:\/\/odeja.si\/hr\/svibanj-popust\/","title":{"rendered":"AKCIJA POZDRAV PROLJE\u0106U"},"content":{"rendered":"\r\n\t\t<div  class=\"block-e0db06f5-c8b4-4887-ac8c-325dea64437f areoi-element container\">\r\n\t\t\t\r\n\t\t\t\n\r\n\t\t<div  class=\"block-4690e16a-7730-40cf-9780-cb89602d74ea row areoi-element\">\r\n\t\t\t\r\n\r\n\t\t\t\n\r\n\t\t<div  class=\"block-241b37c8-bdda-49d7-b6ef-3ee64681f7bb col areoi-element\">\r\n\t\t\t\r\n\t\t\t\n\n<p>Od 7. 5. do 17. 5. o\u010dekuje vas -20 % na sve proizvode Odeja \ud83d\udecf\ufe0f\u2728<br>Da, ba\u0161 sve. Bez izgovora \ud83d\ude09<\/p>\n\n\n\n<p>Dostupno u svim fizi\u010dkim trgovinama Odeja i na \ud83d\udc49 odeja.si<\/p>\n\n\n\n<p>Ne propustite ovu priliku! \u23f0<br>Iskoristite akciju i stvorite svoju oazu za spavanje.<\/p>\n\n\n\n<p>\ud83d\udecf\ufe0f \u201320 % popusta na SVE proizvode Odeja!<br>\ud83d\udcc5 Od 7. 05. 2026 do 17. 05. 2026<br>\ud83d\udccd U svim trgovinama Odeja i na odeja.si<\/p>\n\n\n\n<p>\ud83d\udca1 Popust se obra\u010dunava na blagajni odnosno u online ko\u0161arici.<br>\u2757Popusti se ne zbrajaju i ne vrijede za poklon-bonove ili proizvode po narud\u017ebi.<\/p>\n\n \r\n\t\t\t\r\n\t\t<\/div>\r\n\t\n \r\n\t\t<\/div>\r\n\t\n\n\r\n\t\t<div  class=\"block-d4478041-5e28-4740-9ace-22ae2436e78d row areoi-element\">\r\n\t\t\t\r\n\r\n\t\t\t\n\r\n\t\t<div  class=\"block-a859046a-6b94-446d-b8d2-72ecb8b848f3 col areoi-element\">\r\n\t\t\t\r\n\t\t\t\n\n<div  class=\"image-cards-block image-cards-akcija layout-grid-3 layout-grid-3\" >\n            <a href=\"https:\/\/odeja.si\/hr\/popluni\/\" class=\"card-item\" style=\"background: linear-gradient(0deg,rgba(0, 0, 0, 0.05) 0%, rgba(255, 255, 255, 0) 25%), url(https:\/\/odeja.si\/wp-content\/uploads\/2026\/03\/1-3.jpg)\">\n            <div class=\"content\">\n\t                                <span>POPLUNI<\/span>\n\t                                        <\/div>\n        <\/a>\n            <a href=\"https:\/\/odeja.si\/hr\/jastuci\/\" class=\"card-item\" style=\"background: linear-gradient(0deg,rgba(0, 0, 0, 0.05) 0%, rgba(255, 255, 255, 0) 25%), url(https:\/\/odeja.si\/wp-content\/uploads\/2026\/03\/3.jpg)\">\n            <div class=\"content\">\n\t                                <span>JASTUCI<\/span>\n\t                                        <\/div>\n        <\/a>\n            <a href=\"https:\/\/odeja.si\/hr\/posteljina\/\" class=\"card-item\" style=\"background: linear-gradient(0deg,rgba(0, 0, 0, 0.05) 0%, rgba(255, 255, 255, 0) 25%), url(https:\/\/odeja.si\/wp-content\/uploads\/2026\/03\/2-2.jpg)\">\n            <div class=\"content\">\n\t                                <span>POSTELJINA<\/span>\n\t                                        <\/div>\n        <\/a>\n            <a href=\"https:\/\/odeja.si\/hr\/dodaci-za-dom\/\" class=\"card-item\" style=\"background: linear-gradient(0deg,rgba(0, 0, 0, 0.05) 0%, rgba(255, 255, 255, 0) 25%), url(https:\/\/odeja.si\/wp-content\/uploads\/2026\/03\/5.jpg)\">\n            <div class=\"content\">\n\t                                <span>DODACI ZA DOM<\/span>\n\t                                        <\/div>\n        <\/a>\n            <a href=\"https:\/\/odeja.si\/hr\/za-djecu\/\" class=\"card-item\" style=\"background: linear-gradient(0deg,rgba(0, 0, 0, 0.05) 0%, rgba(255, 255, 255, 0) 25%), url(https:\/\/odeja.si\/wp-content\/uploads\/2026\/03\/4.jpg)\">\n            <div class=\"content\">\n\t                                <span>ZA DJECU<\/span>\n\t                                        <\/div>\n        <\/a>\n            <a href=\"https:\/\/odeja.si\/hr\/nadmadraci\/\" class=\"card-item\" style=\"background: linear-gradient(0deg,rgba(0, 0, 0, 0.05) 0%, rgba(255, 255, 255, 0) 25%), url(https:\/\/odeja.si\/wp-content\/uploads\/2026\/03\/6-1.jpg)\">\n            <div class=\"content\">\n\t                                <span>NADMADRACI<\/span>\n\t                                        <\/div>\n        <\/a>\n    <\/div>\n\n \r\n\t\t\t\r\n\t\t<\/div>\r\n\t\n \r\n\t\t<\/div>\r\n\t\n\n\r\n\t\t<div  class=\"block-59d83608-ff41-4df6-a710-2887cbda0c4d row areoi-element\">\r\n\t\t\t\r\n\r\n\t\t\t\n\r\n\t\t<div  class=\"block-69170e27-e62b-4346-8247-e919f5f07608 col areoi-element\">\r\n\t\t\t\r\n\t\t\t\n\n<h2 class=\"wp-block-heading\">AKCIJA POZDRAV PROLJE\u0106U<\/h2>\n\n \r\n\t\t\t\r\n\t\t<\/div>\r\n\t\n \r\n\t\t<\/div>\r\n\t\n\n\r\n\t\t<div  class=\"block-88a02a55-5560-4067-96a2-763f94a1262b row areoi-element priporocamo-row\">\r\n\t\t\t\r\n\r\n\t\t\t\n\r\n\t\t<div  class=\"block-0103b67e-325f-41ca-af2d-5989f4a11992 col areoi-element priporocamo-col\">\r\n\t\t\t\r\n\t\t\t\n\r\n\t\t<div  class=\"block-d3c2989c-9ae7-4b99-90da-0dad401f22a8 row areoi-element priporocamo-row-inner\">\r\n\t\t\t\r\n\r\n\t\t\t\n\r\n\t\t<div  class=\"block-4c85cfe2-e764-43f8-a3a2-c60e6d51d6ec col areoi-element priporocamo-check-container\">\r\n\t\t\t\r\n\t\t\t\n\r\n\t\t<div  class=\"block-20eb8b9f-d1f0-49de-95c7-44e7b898630c row areoi-element\">\r\n\t\t\t\r\n\r\n\t\t\t\n\r\n\t\t<div  class=\"block-4cc7b18f-d739-4334-90c1-64381e1fb4cd col areoi-element\">\r\n\t\t\t\r\n\t\t\t\n\n<figure class=\"wp-block-image size-full is-resized\"><img decoding=\"async\" src=\"https:\/\/odeja.si\/wp-content\/uploads\/2025\/09\/check-mark.svg\" alt=\"\" class=\"wp-image-172995\" style=\"object-fit:cover;width:20px;height:20px\"\/><\/figure>\n\n \r\n\t\t\t\r\n\t\t<\/div>\r\n\t\n \r\n\t\t<\/div>\r\n\t\n \r\n\t\t\t\r\n\t\t<\/div>\r\n\t\n\n\r\n\t\t<div  class=\"block-5f773f0a-911d-4c36-80ab-7b767d4cd609 col areoi-element priporocamo-text\">\r\n\t\t\t\r\n\t\t\t\n\r\n\t\t<div  class=\"block-4c7ff978-fa7c-4db7-a3b2-e3dfd232380e row areoi-element\">\r\n\t\t\t\r\n\r\n\t\t\t\n\r\n\t\t<div  class=\"block-4cc7b18f-d739-4334-90c1-64381e1fb4cd col areoi-element\">\r\n\t\t\t\r\n\t\t\t\n\n<p>Slovenska kvaliteta<\/p>\n\n \r\n\t\t\t\r\n\t\t<\/div>\r\n\t\n \r\n\t\t<\/div>\r\n\t\n\n\r\n\t\t<div  class=\"block-824d2067-59d5-4fea-8cb3-52af4137946c row areoi-element\">\r\n\t\t\t\r\n\r\n\t\t\t\n\r\n\t\t<div  class=\"block-27c4dc6b-f97d-4f7c-8750-dd069535b3e9 col areoi-element\">\r\n\t\t\t\r\n\t\t\t\n\n<p>Proizvedeno u Sloveniji<\/p>\n\n \r\n\t\t\t\r\n\t\t<\/div>\r\n\t\n \r\n\t\t<\/div>\r\n\t\n \r\n\t\t\t\r\n\t\t<\/div>\r\n\t\n \r\n\t\t<\/div>\r\n\t\n \r\n\t\t\t\r\n\t\t<\/div>\r\n\t\n\n\r\n\t\t<div  class=\"block-142c73de-66cf-4699-a829-19495e4ecee6 col areoi-element priporocamo-col\">\r\n\t\t\t\r\n\t\t\t\n\r\n\t\t<div  class=\"block-52c71c2e-edf6-4522-ba43-bdb8a8565fcf row areoi-element priporocamo-row-inner\">\r\n\t\t\t\r\n\r\n\t\t\t\n\r\n\t\t<div  class=\"block-4c85cfe2-e764-43f8-a3a2-c60e6d51d6ec col areoi-element priporocamo-check-container\">\r\n\t\t\t\r\n\t\t\t\n\r\n\t\t<div  class=\"block-20eb8b9f-d1f0-49de-95c7-44e7b898630c row areoi-element\">\r\n\t\t\t\r\n\r\n\t\t\t\n\r\n\t\t<div  class=\"block-4cc7b18f-d739-4334-90c1-64381e1fb4cd col areoi-element\">\r\n\t\t\t\r\n\t\t\t\n\n<figure class=\"wp-block-image size-full is-resized\"><img decoding=\"async\" src=\"https:\/\/odeja.si\/wp-content\/uploads\/2025\/09\/check-mark.svg\" alt=\"\" class=\"wp-image-172995\" style=\"object-fit:cover;width:20px;height:20px\"\/><\/figure>\n\n \r\n\t\t\t\r\n\t\t<\/div>\r\n\t\n \r\n\t\t<\/div>\r\n\t\n \r\n\t\t\t\r\n\t\t<\/div>\r\n\t\n\n\r\n\t\t<div  class=\"block-5f773f0a-911d-4c36-80ab-7b767d4cd609 col areoi-element priporocamo-text\">\r\n\t\t\t\r\n\t\t\t\n\r\n\t\t<div  class=\"block-4c7ff978-fa7c-4db7-a3b2-e3dfd232380e row areoi-element\">\r\n\t\t\t\r\n\r\n\t\t\t\n\r\n\t\t<div  class=\"block-4cc7b18f-d739-4334-90c1-64381e1fb4cd col areoi-element\">\r\n\t\t\t\r\n\t\t\t\n\n<p>Vi\u0161e od 90 godina iskustva<\/p>\n\n \r\n\t\t\t\r\n\t\t<\/div>\r\n\t\n \r\n\t\t<\/div>\r\n\t\n\n\r\n\t\t<div  class=\"block-824d2067-59d5-4fea-8cb3-52af4137946c row areoi-element\">\r\n\t\t\t\r\n\r\n\t\t\t\n\r\n\t\t<div  class=\"block-27c4dc6b-f97d-4f7c-8750-dd069535b3e9 col areoi-element\">\r\n\t\t\t\r\n\t\t\t\n\n<p>Tisu\u0107e obitelji nam vjeruju<\/p>\n\n \r\n\t\t\t\r\n\t\t<\/div>\r\n\t\n \r\n\t\t<\/div>\r\n\t\n \r\n\t\t\t\r\n\t\t<\/div>\r\n\t\n \r\n\t\t<\/div>\r\n\t\n \r\n\t\t\t\r\n\t\t<\/div>\r\n\t\n\n\r\n\t\t<div  class=\"block-a3bb68e3-4ca5-43ca-af5b-480caac0a1fa col areoi-element priporocamo-col\">\r\n\t\t\t\r\n\t\t\t\n\r\n\t\t<div  class=\"block-6b7b6e46-9b49-457f-8f93-ade7dfda8efc row areoi-element priporocamo-row-inner\">\r\n\t\t\t\r\n\r\n\t\t\t\n\r\n\t\t<div  class=\"block-4c85cfe2-e764-43f8-a3a2-c60e6d51d6ec col areoi-element priporocamo-check-container\">\r\n\t\t\t\r\n\t\t\t\n\r\n\t\t<div  class=\"block-20eb8b9f-d1f0-49de-95c7-44e7b898630c row areoi-element\">\r\n\t\t\t\r\n\r\n\t\t\t\n\r\n\t\t<div  class=\"block-4cc7b18f-d739-4334-90c1-64381e1fb4cd col areoi-element\">\r\n\t\t\t\r\n\t\t\t\n\n<figure class=\"wp-block-image size-full is-resized\"><img decoding=\"async\" src=\"https:\/\/odeja.si\/wp-content\/uploads\/2025\/09\/check-mark.svg\" alt=\"\" class=\"wp-image-172995\" style=\"object-fit:cover;width:20px;height:20px\"\/><\/figure>\n\n \r\n\t\t\t\r\n\t\t<\/div>\r\n\t\n \r\n\t\t<\/div>\r\n\t\n \r\n\t\t\t\r\n\t\t<\/div>\r\n\t\n\n\r\n\t\t<div  class=\"block-5f773f0a-911d-4c36-80ab-7b767d4cd609 col areoi-element priporocamo-text\">\r\n\t\t\t\r\n\t\t\t\n\r\n\t\t<div  class=\"block-4c7ff978-fa7c-4db7-a3b2-e3dfd232380e row areoi-element\">\r\n\t\t\t\r\n\r\n\t\t\t\n\r\n\t\t<div  class=\"block-4cc7b18f-d739-4334-90c1-64381e1fb4cd col areoi-element\">\r\n\t\t\t\r\n\t\t\t\n\n<p>Prirodni i ugodni materijali<\/p>\n\n \r\n\t\t\t\r\n\t\t<\/div>\r\n\t\n \r\n\t\t<\/div>\r\n\t\n\n\r\n\t\t<div  class=\"block-824d2067-59d5-4fea-8cb3-52af4137946c row areoi-element\">\r\n\t\t\t\r\n\r\n\t\t\t\n\r\n\t\t<div  class=\"block-27c4dc6b-f97d-4f7c-8750-dd069535b3e9 col areoi-element\">\r\n\t\t\t\r\n\t\t\t\n\n<p>Za zdrav i miran san<\/p>\n\n \r\n\t\t\t\r\n\t\t<\/div>\r\n\t\n \r\n\t\t<\/div>\r\n\t\n \r\n\t\t\t\r\n\t\t<\/div>\r\n\t\n \r\n\t\t<\/div>\r\n\t\n \r\n\t\t\t\r\n\t\t<\/div>\r\n\t\n\n\r\n\t\t<div  class=\"block-c21e12fb-3a21-4c58-8851-d7eb7f63af32 col areoi-element priporocamo-col\">\r\n\t\t\t\r\n\t\t\t\n\r\n\t\t<div  class=\"block-218bbed9-1f46-460e-a686-60546c5fc44b row areoi-element priporocamo-row-inner\">\r\n\t\t\t\r\n\r\n\t\t\t\n\r\n\t\t<div  class=\"block-4c85cfe2-e764-43f8-a3a2-c60e6d51d6ec col areoi-element priporocamo-check-container\">\r\n\t\t\t\r\n\t\t\t\n\r\n\t\t<div  class=\"block-20eb8b9f-d1f0-49de-95c7-44e7b898630c row areoi-element\">\r\n\t\t\t\r\n\r\n\t\t\t\n\r\n\t\t<div  class=\"block-4cc7b18f-d739-4334-90c1-64381e1fb4cd col areoi-element\">\r\n\t\t\t\r\n\t\t\t\n\n<figure class=\"wp-block-image size-full is-resized\"><img decoding=\"async\" src=\"https:\/\/odeja.si\/wp-content\/uploads\/2025\/09\/check-mark.svg\" alt=\"\" class=\"wp-image-172995\" style=\"object-fit:cover;width:20px;height:20px\"\/><\/figure>\n\n \r\n\t\t\t\r\n\t\t<\/div>\r\n\t\n \r\n\t\t<\/div>\r\n\t\n \r\n\t\t\t\r\n\t\t<\/div>\r\n\t\n\n\r\n\t\t<div  class=\"block-5f773f0a-911d-4c36-80ab-7b767d4cd609 col areoi-element priporocamo-text\">\r\n\t\t\t\r\n\t\t\t\n\r\n\t\t<div  class=\"block-4c7ff978-fa7c-4db7-a3b2-e3dfd232380e row areoi-element\">\r\n\t\t\t\r\n\r\n\t\t\t\n\r\n\t\t<div  class=\"block-4cc7b18f-d739-4334-90c1-64381e1fb4cd col areoi-element\">\r\n\t\t\t\r\n\t\t\t\n\n<p>Brza dostava<\/p>\n\n \r\n\t\t\t\r\n\t\t<\/div>\r\n\t\n \r\n\t\t<\/div>\r\n\t\n\n\r\n\t\t<div  class=\"block-824d2067-59d5-4fea-8cb3-52af4137946c row areoi-element\">\r\n\t\t\t\r\n\r\n\t\t\t\n\r\n\t\t<div  class=\"block-27c4dc6b-f97d-4f7c-8750-dd069535b3e9 col areoi-element\">\r\n\t\t\t\r\n\t\t\t\n\n<p>Na ku\u0107nu adresu za samo nekoliko dana<\/p>\n\n \r\n\t\t\t\r\n\t\t<\/div>\r\n\t\n \r\n\t\t<\/div>\r\n\t\n \r\n\t\t\t\r\n\t\t<\/div>\r\n\t\n \r\n\t\t<\/div>\r\n\t\n \r\n\t\t\t\r\n\t\t<\/div>\r\n\t\n \r\n\t\t<\/div>\r\n\t\n\n\r\n\t\t<div  class=\"block-9bde9676-d32e-4c7a-8fc2-c9064876a91f row areoi-element\">\r\n\t\t\t\r\n\r\n\t\t\t\n\r\n\t\t<div  class=\"block-00f32da8-269a-4883-beef-b89b95af345a col areoi-element\">\r\n\t\t\t\r\n\t\t\t\n\n<p>Svaki proizvod plod je slovenskog znanja, kvalitetne izrade i promi\u0161ljenog dizajna, zato \u0107ete njime stvoriti dom u kojem \u0107e svaka ve\u010der biti savr\u0161ena.<\/p>\n\n \r\n\t\t\t\r\n\t\t<\/div>\r\n\t\n \r\n\t\t<\/div>\r\n\t\n\n\r\n\t\t<div  class=\"block-1283ad53-1da2-4d24-8535-3e5707ef0e8f row areoi-element\">\r\n\t\t\t\r\n\r\n\t\t\t\n\r\n\t\t<div  class=\"block-a9f60cfe-3703-4956-b069-75f46e8a14d2 col areoi-element\">\r\n\t\t\t\r\n\t\t\t\n\n<h2 class=\"wp-block-heading\">Uvjeti akcije<\/h2>\n\n \r\n\t\t\t\r\n\t\t<\/div>\r\n\t\n \r\n\t\t<\/div>\r\n\t\n\n\r\n\t\t<div  class=\"block-08747053-1dd2-4370-9523-dc14ce5e94ef row areoi-element\">\r\n\t\t\t\r\n\r\n\t\t\t\n\r\n\t\t<div  class=\"block-4bf56bbb-1049-474b-8f62-498b1a4cfc3a col areoi-element\">\r\n\t\t\t\r\n\t\t\t\n\n<ul class=\"wp-block-list\">\n<li><strong>20 % popust vrijedi od 7.05. do 17.05.2026 u svim Odeja prodavaonicama i u web trgovini odeja.si.<\/strong><\/li>\n\n\n\n<li>Popust se obra\u010dunava na blagajni odnosno u ko\u0161arici.<\/li>\n\n\n\n<li>Popusti se ne zbrajaju i ne vrijede pri kupnji poklon bonova te proizvoda po narud\u017ebi.<\/li>\n<\/ul>\n\n \r\n\t\t\t\r\n\t\t<\/div>\r\n\t\n \r\n\t\t<\/div>\r\n\t\n\n\r\n\t\t<div  class=\"block-c355f4e7-4e24-4fb2-b558-ac37f5aa696c row areoi-element\">\r\n\t\t\t\r\n\r\n\t\t\t\n\r\n\t\t<div  class=\"block-d7654753-4d87-48c7-a6cb-71d44f6c6794 col areoi-element\">\r\n\t\t\t\r\n\t\t\t\n\n<p><\/p>\n\n\n\n<p><strong><strong>Toplina doma po\u010dinje s dobrim snom. Odaberite Odeja proizvode \u2013 kvalitetne, dugotrajne i stvorene za va\u0161u svakodnevicu.<\/strong><\/strong><\/p>\n\n \r\n\t\t\t\r\n\t\t<\/div>\r\n\t\n \r\n\t\t<\/div>\r\n\t\n \r\n\t\t<\/div>\r\n\t\n\n\n<p><\/p>\n","protected":false},"excerpt":{"rendered":"","protected":false},"author":8482,"featured_media":227697,"parent":0,"menu_order":0,"comment_status":"closed","ping_status":"closed","template":"","meta":{"_acf_changed":false,"footnotes":""},"class_list":["post-225531","page","type-page","status-publish","has-post-thumbnail","hentry"],"acf":[],"_links":{"self":[{"href":"https:\/\/odeja.si\/hr\/wp-json\/wp\/v2\/pages\/225531","targetHints":{"allow":["GET"]}}],"collection":[{"href":"https:\/\/odeja.si\/hr\/wp-json\/wp\/v2\/pages"}],"about":[{"href":"https:\/\/odeja.si\/hr\/wp-json\/wp\/v2\/types\/page"}],"author":[{"embeddable":true,"href":"https:\/\/odeja.si\/hr\/wp-json\/wp\/v2\/users\/8482"}],"replies":[{"embeddable":true,"href":"https:\/\/odeja.si\/hr\/wp-json\/wp\/v2\/comments?post=225531"}],"version-history":[{"count":3,"href":"https:\/\/odeja.si\/hr\/wp-json\/wp\/v2\/pages\/225531\/revisions"}],"predecessor-version":[{"id":227704,"href":"https:\/\/odeja.si\/hr\/wp-json\/wp\/v2\/pages\/225531\/revisions\/227704"}],"wp:featuredmedia":[{"embeddable":true,"href":"https:\/\/odeja.si\/hr\/wp-json\/wp\/v2\/media\/227697"}],"wp:attachment":[{"href":"https:\/\/odeja.si\/hr\/wp-json\/wp\/v2\/media?parent=225531"}],"curies":[{"name":"wp","href":"https:\/\/api.w.org\/{rel}","templated":true}]}}