{"id":128497,"date":"2025-04-16T12:42:13","date_gmt":"2025-04-16T12:42:13","guid":{"rendered":"http:\/\/odeja.si\/?post_type=product&#038;p=128497"},"modified":"2025-05-13T06:26:14","modified_gmt":"2025-05-13T06:26:14","slug":"satenski-prekrivac-mist-bez","status":"publish","type":"product","link":"https:\/\/odeja.si\/hr\/satenski-prekrivac-mist-bez\/","title":{"rendered":"Satenski prekriva\u010d Mist &#8211; Be\u017e"},"content":{"rendered":"<p data-sourcepos=\"3:1-3:168\">Ukrasni prekriva\u010d kolekcije Mist unosi u va\u0161u spava\u0107u sobu nje\u017ene boje nadahnute nijansama jutarnje maglice, koje nagla\u0161avaju da\u0161ak profinjenosti i bezvremenskog stila.<\/p>\n<p data-sourcepos=\"5:1-5:183\">Prekriva\u010d mo\u017ee poslu\u017eiti kao dekoracija na krevetu ili kao dodatni izvor topline u spava\u0107oj, dje\u010djoj ili dnevnoj sobi, kao i na putovanju. Kada se zaprlja, mo\u017eete ga bez brige oprati.<\/p>\n<p>&nbsp;<\/p>\n","protected":false},"excerpt":{"rendered":"<p>Ukrasni prekriva\u010d kolekcije Mist unosi u va\u0161u spava\u0107u sobu nje\u017ene boje nadahnute nijansama jutarnje maglice, koje&#8230;<\/p>\n","protected":false},"featured_media":128508,"comment_status":"open","ping_status":"closed","template":"","meta":{"_acf_changed":false},"color":[5149],"kolekcija":[5075,4951,5076],"label":[4990,4992,4988,4983],"product_feature":[],"product_brand":[],"product_cat":[5951,5701,5782,5800,5798,5695,5698,5806,5776],"product_tag":[5312,5313,5348,5311,5310],"class_list":{"0":"post-128497","1":"product","2":"type-product","3":"status-publish","4":"has-post-thumbnail","6":"color-krema","7":"kolekcija-decor-hr","8":"kolekcija-design-hr","9":"kolekcija-mist-hr","10":"label-izradeno-od-prirodnih-materijala","11":"label-odgovorna-tvrtka","12":"label-prikladno-za-alergicare-i-astmaticare","13":"label-stvaramo-za-vas-vise-od-90-godina","14":"product_cat-dodaci-posteljina","15":"product_cat-kolekcije-hr","16":"product_cat-posteljina-kolekcija-mist","17":"product_cat-odeja-decor-hr","18":"product_cat-odeja-design-hr","19":"product_cat-popluni","20":"product_cat-posteljina","21":"product_cat-ukrasni-prekrivac-hr","22":"product_cat-ukrasni-prekrivac","23":"product_tag-lagani-pokrivac","24":"product_tag-prekrivac","25":"product_tag-ukrasnipokrivac","26":"product_tag-ukrasni-poplun","27":"product_tag-ukrasniprekrivac","28":"pa_collection-prestige-6","29":"pa_featured-product-0-50","30":"pa_glavna-znacilnost-enobarvna-tkanina-hr","31":"pa_glavna-znacilnost-bombazni-saten-hr","32":"pa_kakovost-made-in-eu-hr","33":"pa_kakovost-oeko-tex-certifikat-hr","34":"pa_kakovost-primerno-za-astmatike-in-alergike-hr","35":"pa_tip-izdelka-okrasno-presito-pregrinjalo-7","36":"pa_toplotne-karakteristike-poletno-lahka-6","37":"pa_velikost-220x140-cm-hr","38":"pa_velikost-220x200-cm-hr","39":"pa_velikost-220x260-cm-hr","40":"pa_vzdrzevanje-beljenje-ni-dovoljeno-4","41":"pa_vzdrzevanje-likanje-pri-srednji-temperaturi-150-c-hr","42":"pa_vzdrzevanje-kemicno-ciscenje-p-hr","43":"pa_vzdrzevanje-pranje-do-60-c-hr","44":"pa_vzdrzevanje-susenje-v-susilnem-stroju-ni-dovoljeno-hr","46":"first","47":"instock","48":"taxable","49":"shipping-taxable","50":"purchasable","51":"product-type-variable"},"acf":[],"_links":{"self":[{"href":"https:\/\/odeja.si\/hr\/wp-json\/wp\/v2\/product\/128497","targetHints":{"allow":["GET"]}}],"collection":[{"href":"https:\/\/odeja.si\/hr\/wp-json\/wp\/v2\/product"}],"about":[{"href":"https:\/\/odeja.si\/hr\/wp-json\/wp\/v2\/types\/product"}],"replies":[{"embeddable":true,"href":"https:\/\/odeja.si\/hr\/wp-json\/wp\/v2\/comments?post=128497"}],"wp:featuredmedia":[{"embeddable":true,"href":"https:\/\/odeja.si\/hr\/wp-json\/wp\/v2\/media\/128508"}],"wp:attachment":[{"href":"https:\/\/odeja.si\/hr\/wp-json\/wp\/v2\/media?parent=128497"}],"wp:term":[{"taxonomy":"color","embeddable":true,"href":"https:\/\/odeja.si\/hr\/wp-json\/wp\/v2\/color?post=128497"},{"taxonomy":"kolekcija","embeddable":true,"href":"https:\/\/odeja.si\/hr\/wp-json\/wp\/v2\/kolekcija?post=128497"},{"taxonomy":"label","embeddable":true,"href":"https:\/\/odeja.si\/hr\/wp-json\/wp\/v2\/label?post=128497"},{"taxonomy":"product_feature","embeddable":true,"href":"https:\/\/odeja.si\/hr\/wp-json\/wp\/v2\/product_feature?post=128497"},{"taxonomy":"product_brand","embeddable":true,"href":"https:\/\/odeja.si\/hr\/wp-json\/wp\/v2\/product_brand?post=128497"},{"taxonomy":"product_cat","embeddable":true,"href":"https:\/\/odeja.si\/hr\/wp-json\/wp\/v2\/product_cat?post=128497"},{"taxonomy":"product_tag","embeddable":true,"href":"https:\/\/odeja.si\/hr\/wp-json\/wp\/v2\/product_tag?post=128497"}],"curies":[{"name":"wp","href":"https:\/\/api.w.org\/{rel}","templated":true}]}}