{"id":128911,"date":"2025-04-16T13:29:09","date_gmt":"2025-04-16T13:29:09","guid":{"rendered":"http:\/\/odeja.si\/?post_type=product&#038;p=128911"},"modified":"2026-03-28T09:40:54","modified_gmt":"2026-03-28T08:40:54","slug":"posteljina-lali-siva","status":"publish","type":"product","link":"https:\/\/odeja.si\/hr\/posteljina-lali-siva\/","title":{"rendered":"Posteljina LaLi \u2013 Siva"},"content":{"rendered":"<p data-sourcepos=\"5:1-5:275\"><strong>Posteljina Lali \u2013 profinjenost pastelnog cvije\u0107a za romanti\u010dnu atmosferu u spava\u0107oj sobi<\/strong><\/p>\n<p data-sourcepos=\"5:1-5:275\">Posteljina Lali od pamu\u010dnog satena svojom bezbri\u017enom igrom pastelnih ru\u017ea i elegantnim razigranim uzorkom savr\u0161eno \u0107e osvje\u017eiti va\u0161 prostor za spavanje. Dizajnirana je za sve koji cijene nje\u017enost i profinjenost te \u017eele unijeti u svoju spava\u0107u sobu osje\u0107aj lako\u0107e i romantike.<\/p>\n<p data-sourcepos=\"7:1-7:98\">U\u0161iveni patentni zatvara\u010d pomo\u0107i \u0107e vam da brzo i jednostavno navu\u010dete navlaku na poplun i jastuk.<\/p>\n","protected":false},"excerpt":{"rendered":"<p>Posteljina Lali \u2013 profinjenost pastelnog cvije\u0107a za romanti\u010dnu atmosferu u spava\u0107oj sobi Posteljina Lali od pamu\u010dnog&#8230;<\/p>\n","protected":false},"featured_media":128694,"comment_status":"open","ping_status":"closed","template":"","meta":{"_acf_changed":false},"color":[5163],"kolekcija":[5075,4951,5077],"label":[4990,4992,4988,4983],"product_feature":[],"product_brand":[],"product_cat":[5784,5798,5735,5698,5710,5713,5731,5773,5779],"product_tag":[4943,4944,4946,4945],"class_list":{"0":"post-128911","1":"product","2":"type-product","3":"status-publish","4":"has-post-thumbnail","6":"color-svijetlosiva","7":"kolekcija-decor-hr","8":"kolekcija-design-hr","9":"kolekcija-lali-hr","10":"label-izradeno-od-prirodnih-materijala","11":"label-odgovorna-tvrtka","12":"label-prikladno-za-alergicare-i-astmaticare","13":"label-stvaramo-za-vas-vise-od-90-godina","14":"product_cat-posteljina-kolekcija-lali","15":"product_cat-odeja-design-hr","16":"product_cat-posteljina-hr","17":"product_cat-posteljina","18":"product_cat-posteljina-140x200","19":"product_cat-posteljina-200x220","20":"product_cat-posteljina-240x220","21":"product_cat-posteljina-s-uzorkom","22":"product_cat-posteljina-saten","23":"product_tag-pamucna-posteljina","24":"product_tag-posteljina-saten","25":"product_tag-saten-posteljina","26":"product_tag-satenska-posteljina","27":"pa_collection-basic-hr","28":"pa_featured-product-0-50","29":"pa_glavna-znacilnost-bombazni-saten-hr","30":"pa_glavna-znacilnost-primerno-za-alergike-in-astmatike-hr","31":"pa_glavna-znacilnost-tkanina-z-vzorcem-hr","32":"pa_glavna-znacilnost-vecnamenski-izdelek-hr","33":"pa_kakovost-made-in-eu-hr","34":"pa_kakovost-oeko-tex-certifikat-hr","35":"pa_kakovost-primerno-za-astmatike-in-alergike-hr","36":"pa_tip-izdelka-posteljnina-8","37":"pa_velikost-200x200-cm-2x60x80-cm-hr","38":"pa_velikost-200x260-cm-2x60x80-cm-hr","39":"pa_velikost-200x140-cm-60x80-cm-hr","40":"pa_velikost-220x140-cm-60x80-cm-hr","41":"pa_velikost-220x240-cm-2x60x80-cm-hr","42":"pa_vzdrzevanje-beljenje-ni-dovoljeno-4","43":"pa_vzdrzevanje-likanje-pri-srednji-temperaturi-150-c-hr","44":"pa_vzdrzevanje-kemicno-ciscenje-p-hr","45":"pa_vzdrzevanje-pranje-do-60-c-hr","46":"pa_vzdrzevanje-susenje-v-susilnem-stroju-pri-znizani-temperaturi-hr","48":"first","49":"instock","50":"taxable","51":"shipping-taxable","52":"purchasable","53":"product-type-variable"},"acf":[],"_links":{"self":[{"href":"https:\/\/odeja.si\/hr\/wp-json\/wp\/v2\/product\/128911","targetHints":{"allow":["GET"]}}],"collection":[{"href":"https:\/\/odeja.si\/hr\/wp-json\/wp\/v2\/product"}],"about":[{"href":"https:\/\/odeja.si\/hr\/wp-json\/wp\/v2\/types\/product"}],"replies":[{"embeddable":true,"href":"https:\/\/odeja.si\/hr\/wp-json\/wp\/v2\/comments?post=128911"}],"wp:featuredmedia":[{"embeddable":true,"href":"https:\/\/odeja.si\/hr\/wp-json\/wp\/v2\/media\/128694"}],"wp:attachment":[{"href":"https:\/\/odeja.si\/hr\/wp-json\/wp\/v2\/media?parent=128911"}],"wp:term":[{"taxonomy":"color","embeddable":true,"href":"https:\/\/odeja.si\/hr\/wp-json\/wp\/v2\/color?post=128911"},{"taxonomy":"kolekcija","embeddable":true,"href":"https:\/\/odeja.si\/hr\/wp-json\/wp\/v2\/kolekcija?post=128911"},{"taxonomy":"label","embeddable":true,"href":"https:\/\/odeja.si\/hr\/wp-json\/wp\/v2\/label?post=128911"},{"taxonomy":"product_feature","embeddable":true,"href":"https:\/\/odeja.si\/hr\/wp-json\/wp\/v2\/product_feature?post=128911"},{"taxonomy":"product_brand","embeddable":true,"href":"https:\/\/odeja.si\/hr\/wp-json\/wp\/v2\/product_brand?post=128911"},{"taxonomy":"product_cat","embeddable":true,"href":"https:\/\/odeja.si\/hr\/wp-json\/wp\/v2\/product_cat?post=128911"},{"taxonomy":"product_tag","embeddable":true,"href":"https:\/\/odeja.si\/hr\/wp-json\/wp\/v2\/product_tag?post=128911"}],"curies":[{"name":"wp","href":"https:\/\/api.w.org\/{rel}","templated":true}]}}