{"id":130303,"date":"2025-04-18T12:20:10","date_gmt":"2025-04-18T12:20:10","guid":{"rendered":"http:\/\/odeja.si\/trgovina\/vzglavnik-linen-organic-medium-60x80-cm\/"},"modified":"2025-11-26T19:07:25","modified_gmt":"2025-11-26T18:07:25","slug":"jastuk-linen-organic-medium-60x80-cm","status":"publish","type":"product","link":"https:\/\/odeja.si\/hr\/jastuk-linen-organic-medium-60x80-cm\/","title":{"rendered":"Jastuk Linen Organic Medium 60&#215;80 cm"},"content":{"rendered":"<p data-sourcepos=\"1:1-1:82\"><strong>Jastuk Linen Organic Medium savr\u0161en je pratilac za udoban i osvje\u017eavaju\u0107i san.<\/strong><\/p>\n<p data-sourcepos=\"3:1-3:521\">Kombinacija lanenih i pamu\u010dnih vlakana u punjenju perive navlake osigurava optimalnu cirkulaciju zraka. Punjenje od kapoka donosi brojne prednosti koje pove\u0107avaju udobnost i kvalitetu sna. Kapok, prirodno vlakno, izuzetno je lagano i prozra\u010dno, \u0161to omogu\u0107uje da jastuk pru\u017ei optimalnu potporu, a istovremeno osigurava odli\u010dnu cirkulaciju zraka i sprje\u010dava pregrijavanje. Kapok tako\u0111er osigurava dugotrajnu meko\u0107u i elasti\u010dnost, pa jastuk zadr\u017eava svoj oblik i udobnost \u010dak i nakon dugotrajne upotrebe.<\/p>\n","protected":false},"excerpt":{"rendered":"<p>Jastuk Linen Organic Medium savr\u0161en je pratilac za udoban i osvje\u017eavaju\u0107i san. Kombinacija lanenih i pamu\u010dnih&#8230;<\/p>\n","protected":false},"featured_media":128140,"comment_status":"open","ping_status":"closed","template":"","meta":{"_acf_changed":false},"color":[],"kolekcija":[5957,3388,3387],"label":[4990,4803,4983],"product_feature":[],"product_brand":[],"product_cat":[5696,5755,5740,5726,5701,5702,5797,5754,5741,5757,5758,5756],"product_tag":[5388,5389,5399],"class_list":{"0":"post-130303","1":"product","2":"type-product","3":"status-publish","4":"has-post-thumbnail","6":"kolekcija-lia-hr","7":"kolekcija-natur-hr","8":"kolekcija-organic-hr","9":"label-izradeno-od-prirodnih-materijala","10":"label-jamstvo-kvalitete","11":"label-stvaramo-za-vas-vise-od-90-godina","12":"product_cat-jastuci","13":"product_cat-jastuk-inovativni","14":"product_cat-jastuk-od-prirodnih-materijala","15":"product_cat-klasicni-jastuk","16":"product_cat-kolekcije-hr","17":"product_cat-novi-proizvodi","18":"product_cat-odeja-organic-hr","19":"product_cat-jastuk-pamucni","20":"product_cat-podesivi-jastuci","21":"product_cat-spavanje-na-boku","22":"product_cat-spavanje-na-ledima","23":"product_cat-spavanje-na-trbuhu","24":"product_tag-antialergijski-jastuk","25":"product_tag-jastuk-za-alergicare","26":"product_tag-mekani-jastuk","27":"pa_kakovost-made-in-eu-hr","28":"pa_kakovost-oeko-tex-certifikat-hr-2","29":"pa_vzdrzevanje-jedra-izbjeljivanje-nije-dozvoljeno-10","30":"pa_vzdrzevanje-jedra-pazljivo-kemijsko-ciscenje-p-7","31":"pa_vzdrzevanje-jedra-peglanje-nije-dozvoljeno-7","32":"pa_vzdrzevanje-jedra-pranje-proizvoda-nije-dozvoljeno-4","33":"pa_vzdrzevanje-jedra-susenje-u-susilici-nije-dozvoljeno-7","34":"pa_vzdrzevanje-prevleke-izbjeljivanje-nije-dozvoljeno-9","35":"pa_vzdrzevanje-prevleke-pazljivo-kemijsko-ciscenje-p-6","36":"pa_vzdrzevanje-prevleke-peglanje-nije-dozvoljeno-6","37":"pa_vzdrzevanje-prevleke-profesionalno-mokro-ciscenje-vrlo-njezan-postupak-4","38":"pa_vzdrzevanje-prevleke-susenje-na-ravnoj-povrsini-u-sjeni-4","39":"pa_vzdrzevanje-prevleke-susenje-u-susilici-nije-dozvoljeno-6","40":"pa_vzdrzevanje-prevleke-vrlo-blaga-mehanicka-obrada-na-temperaturama-do-30c-hr","42":"first","43":"instock","44":"taxable","45":"shipping-taxable","46":"purchasable","47":"product-type-simple"},"acf":[],"_links":{"self":[{"href":"https:\/\/odeja.si\/hr\/wp-json\/wp\/v2\/product\/130303","targetHints":{"allow":["GET"]}}],"collection":[{"href":"https:\/\/odeja.si\/hr\/wp-json\/wp\/v2\/product"}],"about":[{"href":"https:\/\/odeja.si\/hr\/wp-json\/wp\/v2\/types\/product"}],"replies":[{"embeddable":true,"href":"https:\/\/odeja.si\/hr\/wp-json\/wp\/v2\/comments?post=130303"}],"wp:featuredmedia":[{"embeddable":true,"href":"https:\/\/odeja.si\/hr\/wp-json\/wp\/v2\/media\/128140"}],"wp:attachment":[{"href":"https:\/\/odeja.si\/hr\/wp-json\/wp\/v2\/media?parent=130303"}],"wp:term":[{"taxonomy":"color","embeddable":true,"href":"https:\/\/odeja.si\/hr\/wp-json\/wp\/v2\/color?post=130303"},{"taxonomy":"kolekcija","embeddable":true,"href":"https:\/\/odeja.si\/hr\/wp-json\/wp\/v2\/kolekcija?post=130303"},{"taxonomy":"label","embeddable":true,"href":"https:\/\/odeja.si\/hr\/wp-json\/wp\/v2\/label?post=130303"},{"taxonomy":"product_feature","embeddable":true,"href":"https:\/\/odeja.si\/hr\/wp-json\/wp\/v2\/product_feature?post=130303"},{"taxonomy":"product_brand","embeddable":true,"href":"https:\/\/odeja.si\/hr\/wp-json\/wp\/v2\/product_brand?post=130303"},{"taxonomy":"product_cat","embeddable":true,"href":"https:\/\/odeja.si\/hr\/wp-json\/wp\/v2\/product_cat?post=130303"},{"taxonomy":"product_tag","embeddable":true,"href":"https:\/\/odeja.si\/hr\/wp-json\/wp\/v2\/product_tag?post=130303"}],"curies":[{"name":"wp","href":"https:\/\/api.w.org\/{rel}","templated":true}]}}