{"id":130329,"date":"2025-04-18T12:19:56","date_gmt":"2025-04-18T12:19:56","guid":{"rendered":"http:\/\/odeja.si\/trgovina\/vzglavnik-eco-lux-silk-extra-40x60-cm\/"},"modified":"2025-09-23T13:49:44","modified_gmt":"2025-09-23T11:49:44","slug":"jastuk-eco-lux-silk-extra-40x60-cm","status":"publish","type":"product","link":"https:\/\/odeja.si\/hr\/jastuk-eco-lux-silk-extra-40x60-cm\/","title":{"rendered":"Jastuk Eco Lux Silk Extra 40x60x12 cm"},"content":{"rendered":"<p>Jastuk Eco Lux Silk Extra pravi je izbor za one koji \u017eele spojiti <strong>luksuz i odr\u017eivost<\/strong> u jednom do\u017eivljaju spavanja. Jezgra jastuka izra\u0111ena je od <strong>prirodnog lateksa<\/strong>, koji pru\u017ea optimalnu potporu va\u0161oj glavi i vratu te prilagodljivost koja je klju\u010dna za udoban san u razli\u010ditim polo\u017eajima. Navlaka za jastuk sadr\u017ei punjenje od <strong>recikliranih svilenih vlakana<\/strong>, \u0161to stvara osje\u0107aj meko\u0107e i luksuza na va\u0161oj ko\u017ei. Osim toga, tkanina pamu\u010dne navlake oboga\u0107ena je <strong>zlatnim lurex nitima<\/strong>, koje dodaju da\u0161ak presti\u017ea i elegancije, \u010dine\u0107i jastuk ne samo udobnim, ve\u0107 i estetskim dodatkom koji uljep\u0161ava svaki prostor.<\/p>\n<p>Preporu\u010dujemo jastu\u010dnicu dimenzija 50&#215;70 cm.<\/p>\n","protected":false},"excerpt":{"rendered":"<p>Jastuk Eco Lux Silk Extra pravi je izbor za one koji \u017eele spojiti luksuz i odr\u017eivost&#8230;<\/p>\n","protected":false},"featured_media":128143,"comment_status":"open","ping_status":"closed","template":"","meta":{"_acf_changed":false},"color":[],"kolekcija":[6084,3388,3387],"label":[4990,4803,4988,4983],"product_feature":[],"product_brand":[],"product_cat":[5709,5696,5755,5753,5740,5701,5702,6086,5752,5757],"product_tag":[5388,5389],"class_list":{"0":"post-130329","1":"product","2":"type-product","3":"status-publish","4":"has-post-thumbnail","6":"kolekcija-kolekcija-green-hr","7":"kolekcija-natur-hr","8":"kolekcija-organic-hr","9":"label-izradeno-od-prirodnih-materijala","10":"label-jamstvo-kvalitete","11":"label-prikladno-za-alergicare-i-astmaticare","12":"label-stvaramo-za-vas-vise-od-90-godina","13":"product_cat-anatomski-jastuk","14":"product_cat-jastuci","15":"product_cat-jastuk-inovativni","16":"product_cat-jastuk-lateks","17":"product_cat-jastuk-od-prirodnih-materijala","18":"product_cat-kolekcije-hr","19":"product_cat-novi-proizvodi","20":"product_cat-odeja-green-hr","21":"product_cat-svileni-jastuk","22":"product_cat-spavanje-na-boku","23":"product_tag-antialergijski-jastuk","24":"product_tag-jastuk-za-alergicare","25":"pa_kakovost-made-in-eu-hr","26":"pa_kakovost-oeko-tex-certifikat-hr-2","27":"pa_kakovost-primerno-za-astmatike-in-alergike-hr","28":"pa_vzdrzevanje-jedra-izbjeljivanje-nije-dozvoljeno-10","29":"pa_vzdrzevanje-jedra-peglanje-nije-dozvoljeno-7","30":"pa_vzdrzevanje-jedra-pranje-proizvoda-nije-dozvoljeno-4","31":"pa_vzdrzevanje-jedra-susenje-u-susilici-nije-dozvoljeno-7","32":"pa_vzdrzevanje-prevleke-izbjeljivanje-nije-dozvoljeno-9","33":"pa_vzdrzevanje-prevleke-pazljivo-kemijsko-ciscenje-p-6","34":"pa_vzdrzevanje-prevleke-peglanje-nije-dozvoljeno-6","35":"pa_vzdrzevanje-prevleke-profesionalno-mokro-ciscenje-vrlo-njezan-postupak-4","36":"pa_vzdrzevanje-prevleke-susenje-na-ravnoj-povrsini-u-sjeni-4","37":"pa_vzdrzevanje-prevleke-susenje-u-susilici-nije-dozvoljeno-6","38":"pa_vzdrzevanje-prevleke-vrlo-blaga-mehanicka-obrada-na-temperaturama-do-30c-hr","40":"first","41":"instock","42":"taxable","43":"shipping-taxable","44":"purchasable","45":"product-type-simple"},"acf":[],"_links":{"self":[{"href":"https:\/\/odeja.si\/hr\/wp-json\/wp\/v2\/product\/130329","targetHints":{"allow":["GET"]}}],"collection":[{"href":"https:\/\/odeja.si\/hr\/wp-json\/wp\/v2\/product"}],"about":[{"href":"https:\/\/odeja.si\/hr\/wp-json\/wp\/v2\/types\/product"}],"replies":[{"embeddable":true,"href":"https:\/\/odeja.si\/hr\/wp-json\/wp\/v2\/comments?post=130329"}],"wp:featuredmedia":[{"embeddable":true,"href":"https:\/\/odeja.si\/hr\/wp-json\/wp\/v2\/media\/128143"}],"wp:attachment":[{"href":"https:\/\/odeja.si\/hr\/wp-json\/wp\/v2\/media?parent=130329"}],"wp:term":[{"taxonomy":"color","embeddable":true,"href":"https:\/\/odeja.si\/hr\/wp-json\/wp\/v2\/color?post=130329"},{"taxonomy":"kolekcija","embeddable":true,"href":"https:\/\/odeja.si\/hr\/wp-json\/wp\/v2\/kolekcija?post=130329"},{"taxonomy":"label","embeddable":true,"href":"https:\/\/odeja.si\/hr\/wp-json\/wp\/v2\/label?post=130329"},{"taxonomy":"product_feature","embeddable":true,"href":"https:\/\/odeja.si\/hr\/wp-json\/wp\/v2\/product_feature?post=130329"},{"taxonomy":"product_brand","embeddable":true,"href":"https:\/\/odeja.si\/hr\/wp-json\/wp\/v2\/product_brand?post=130329"},{"taxonomy":"product_cat","embeddable":true,"href":"https:\/\/odeja.si\/hr\/wp-json\/wp\/v2\/product_cat?post=130329"},{"taxonomy":"product_tag","embeddable":true,"href":"https:\/\/odeja.si\/hr\/wp-json\/wp\/v2\/product_tag?post=130329"}],"curies":[{"name":"wp","href":"https:\/\/api.w.org\/{rel}","templated":true}]}}