{"id":130381,"date":"2025-04-18T12:19:08","date_gmt":"2025-04-18T12:19:08","guid":{"rendered":"http:\/\/odeja.si\/trgovina\/odeja-bavarian-wool-medium\/"},"modified":"2025-09-23T13:58:15","modified_gmt":"2025-09-23T11:58:15","slug":"poplun-bavarian-wool-medium-200x140-cm","status":"publish","type":"product","link":"https:\/\/odeja.si\/hr\/poplun-bavarian-wool-medium-200x140-cm\/","title":{"rendered":"Poplun Bavarian Wool Medium 200&#215;140 cm"},"content":{"rendered":"<p>Punjenje od 100% bavarske ov\u010dje vune savr\u0161en je spoj prirodne udobnosti i njezinih iznimnih svojstava koja omogu\u0107uju idealne uvjete za spavanje tijekom svih godi\u0161njih doba. Ovaj prirodni materijal precizno uskla\u0111uje toplinu s va\u0161im tijelom i okolinom za spavanje. Tako \u0107ete zaboraviti na neugodna iskustva prehladnih ili pregrijanih no\u0107i. 100% bavarska vuna ne jam\u010di samo izvanrednu udobnost, ve\u0107 i dugi vijek trajanja, jer zadr\u017eava svoja svojstva \u010dak i nakon brojnih pranja. Profinjen i bogat uzorak damast tkanine dodaje pokriva\u010du osje\u0107aj luksuza, a istovremeno osigurava iznimnu udobnost na ko\u017ei. Pokriva\u010d je idealan izbor za one koji \u017eele svojoj spava\u0107oj sobi dodati da\u0161ak presti\u017ea.<\/p>\n","protected":false},"excerpt":{"rendered":"<p>Punjenje od 100% bavarske ov\u010dje vune savr\u0161en je spoj prirodne udobnosti i njezinih iznimnih svojstava koja&#8230;<\/p>\n","protected":false},"featured_media":128127,"comment_status":"open","ping_status":"closed","template":"","meta":{"_acf_changed":false},"color":[],"kolekcija":[5957,3388,3387],"label":[4990,4803,4983],"product_feature":[],"product_brand":[],"product_cat":[5701,5702,5796,5738,5695,5749,5724,5721,5737],"product_tag":[],"class_list":{"0":"post-130381","1":"product","2":"type-product","3":"status-publish","4":"has-post-thumbnail","6":"kolekcija-lia-hr","7":"kolekcija-natur-hr","8":"kolekcija-organic-hr","9":"label-izradeno-od-prirodnih-materijala","10":"label-jamstvo-kvalitete","11":"label-stvaramo-za-vas-vise-od-90-godina","12":"product_cat-kolekcije-hr","13":"product_cat-novi-proizvodi","14":"product_cat-odeja-natur-hr","15":"product_cat-pamucni-poplun","16":"product_cat-popluni","17":"product_cat-poplun-inovativnih-materiala","18":"product_cat-prirodni-popluni","19":"product_cat-srednje-topao-poplun","20":"product_cat-vuneni-poplun","21":"pa_kakovost-made-in-eu-hr","22":"pa_kakovost-oeko-tex-certifikat-hr","23":"pa_vzdrzevanje-beljenje-ni-dovoljeno-4","24":"pa_vzdrzevanje-likanje-ni-dovoljeno-hr","25":"pa_vzdrzevanje-previdno-kemicno-ciscenje-p-hr","26":"pa_vzdrzevanje-profesionalno-mokro-ciscenje-zelo-blag-postopek-hr","27":"pa_vzdrzevanje-susenje-na-ravni-podlagi-v-senci-hr","28":"pa_vzdrzevanje-susenje-v-susilnem-stroju-ni-dovoljeno-hr","29":"pa_vzdrzevanje-zelo-blaga-mehanska-obdelava-pri-temperaturi-do-30-c-centrifuga-max-400-obr-min-hr","31":"first","32":"instock","33":"featured","34":"taxable","35":"shipping-taxable","36":"purchasable","37":"product-type-simple"},"acf":[],"_links":{"self":[{"href":"https:\/\/odeja.si\/hr\/wp-json\/wp\/v2\/product\/130381","targetHints":{"allow":["GET"]}}],"collection":[{"href":"https:\/\/odeja.si\/hr\/wp-json\/wp\/v2\/product"}],"about":[{"href":"https:\/\/odeja.si\/hr\/wp-json\/wp\/v2\/types\/product"}],"replies":[{"embeddable":true,"href":"https:\/\/odeja.si\/hr\/wp-json\/wp\/v2\/comments?post=130381"}],"wp:featuredmedia":[{"embeddable":true,"href":"https:\/\/odeja.si\/hr\/wp-json\/wp\/v2\/media\/128127"}],"wp:attachment":[{"href":"https:\/\/odeja.si\/hr\/wp-json\/wp\/v2\/media?parent=130381"}],"wp:term":[{"taxonomy":"color","embeddable":true,"href":"https:\/\/odeja.si\/hr\/wp-json\/wp\/v2\/color?post=130381"},{"taxonomy":"kolekcija","embeddable":true,"href":"https:\/\/odeja.si\/hr\/wp-json\/wp\/v2\/kolekcija?post=130381"},{"taxonomy":"label","embeddable":true,"href":"https:\/\/odeja.si\/hr\/wp-json\/wp\/v2\/label?post=130381"},{"taxonomy":"product_feature","embeddable":true,"href":"https:\/\/odeja.si\/hr\/wp-json\/wp\/v2\/product_feature?post=130381"},{"taxonomy":"product_brand","embeddable":true,"href":"https:\/\/odeja.si\/hr\/wp-json\/wp\/v2\/product_brand?post=130381"},{"taxonomy":"product_cat","embeddable":true,"href":"https:\/\/odeja.si\/hr\/wp-json\/wp\/v2\/product_cat?post=130381"},{"taxonomy":"product_tag","embeddable":true,"href":"https:\/\/odeja.si\/hr\/wp-json\/wp\/v2\/product_tag?post=130381"}],"curies":[{"name":"wp","href":"https:\/\/api.w.org\/{rel}","templated":true}]}}