{"id":180304,"date":"2025-09-30T09:31:00","date_gmt":"2025-09-30T07:31:00","guid":{"rendered":"https:\/\/odeja.si\/?post_type=product&#038;p=180304"},"modified":"2026-02-20T17:30:21","modified_gmt":"2026-02-20T16:30:21","slug":"papuce-pikapoka-tamno-plava","status":"publish","type":"product","link":"https:\/\/odeja.si\/hr\/papuce-pikapoka-tamno-plava\/","title":{"rendered":"Papu\u010de Pikapoka &#8211; Tamno plava"},"content":{"rendered":"<p>Mekane, tople i razigrane papu\u010de s to\u010dkastim dizajnom koje pru\u017eaju udobnost pri svakom koraku. Protuklizni potplat osigurava sigurnost, a lagani dizajn ugodno no\u0161enje tijekom cijelog dana.<\/p>\n","protected":false},"excerpt":{"rendered":"<p>Mekane, tople i razigrane papu\u010de s to\u010dkastim dizajnom koje pru\u017eaju udobnost pri svakom koraku. Protuklizni potplat&#8230;<\/p>\n","protected":false},"featured_media":179558,"comment_status":"open","ping_status":"closed","template":"","meta":{"_acf_changed":false},"color":[5141],"kolekcija":[],"label":[],"product_feature":[],"product_brand":[],"product_cat":[5700,5790,6051],"product_tag":[],"class_list":{"0":"post-180304","1":"product","2":"type-product","3":"status-publish","4":"has-post-thumbnail","6":"color-tamnoplava","7":"product_cat-dodaci-za-dom","8":"product_cat-odeja-kolekcija-pikapoka","9":"product_cat-pamucne-papuce","10":"pa_kakovost-made-in-eu-hr","11":"pa_kakovost-oeko-tex-certifikat-hr-2","12":"pa_velikost-35-36-hr","13":"pa_velikost-37-38-hr","14":"pa_velikost-39-40-hr","15":"pa_velikost-41-42-hr","16":"pa_velikost-43-44-hr","17":"pa_velikost-45-46-hr","19":"first","20":"instock","21":"taxable","22":"shipping-taxable","23":"purchasable","24":"product-type-variable"},"acf":[],"_links":{"self":[{"href":"https:\/\/odeja.si\/hr\/wp-json\/wp\/v2\/product\/180304","targetHints":{"allow":["GET"]}}],"collection":[{"href":"https:\/\/odeja.si\/hr\/wp-json\/wp\/v2\/product"}],"about":[{"href":"https:\/\/odeja.si\/hr\/wp-json\/wp\/v2\/types\/product"}],"replies":[{"embeddable":true,"href":"https:\/\/odeja.si\/hr\/wp-json\/wp\/v2\/comments?post=180304"}],"wp:featuredmedia":[{"embeddable":true,"href":"https:\/\/odeja.si\/hr\/wp-json\/wp\/v2\/media\/179558"}],"wp:attachment":[{"href":"https:\/\/odeja.si\/hr\/wp-json\/wp\/v2\/media?parent=180304"}],"wp:term":[{"taxonomy":"color","embeddable":true,"href":"https:\/\/odeja.si\/hr\/wp-json\/wp\/v2\/color?post=180304"},{"taxonomy":"kolekcija","embeddable":true,"href":"https:\/\/odeja.si\/hr\/wp-json\/wp\/v2\/kolekcija?post=180304"},{"taxonomy":"label","embeddable":true,"href":"https:\/\/odeja.si\/hr\/wp-json\/wp\/v2\/label?post=180304"},{"taxonomy":"product_feature","embeddable":true,"href":"https:\/\/odeja.si\/hr\/wp-json\/wp\/v2\/product_feature?post=180304"},{"taxonomy":"product_brand","embeddable":true,"href":"https:\/\/odeja.si\/hr\/wp-json\/wp\/v2\/product_brand?post=180304"},{"taxonomy":"product_cat","embeddable":true,"href":"https:\/\/odeja.si\/hr\/wp-json\/wp\/v2\/product_cat?post=180304"},{"taxonomy":"product_tag","embeddable":true,"href":"https:\/\/odeja.si\/hr\/wp-json\/wp\/v2\/product_tag?post=180304"}],"curies":[{"name":"wp","href":"https:\/\/api.w.org\/{rel}","templated":true}]}}