{"id":212478,"date":"2026-01-19T14:38:42","date_gmt":"2026-01-19T13:38:42","guid":{"rendered":"https:\/\/odeja.si\/vlozek-za-vzglavnik\/"},"modified":"2026-03-21T07:32:15","modified_gmt":"2026-03-21T06:32:15","slug":"umetak-za-jastuk","status":"publish","type":"product","link":"https:\/\/odeja.si\/hr\/umetak-za-jastuk\/","title":{"rendered":"Umetak za jastuk"},"content":{"rendered":"<p>Umetak za jastuk sadr\u017ei nje\u017ene poliesterske kuglice koje pru\u017eaju dodatnu meko\u0107u i udobnost.<\/p>\n","protected":false},"excerpt":{"rendered":"<p>Umetak za jastuk sadr\u017ei nje\u017ene poliesterske kuglice koje pru\u017eaju dodatnu meko\u0107u i udobnost.<\/p>\n","protected":false},"featured_media":212438,"comment_status":"open","ping_status":"closed","template":"","meta":{"_acf_changed":false},"color":[5155],"kolekcija":[4974,5075,4951],"label":[4992,4988,4983],"product_feature":[],"product_brand":[],"product_cat":[5704,5807],"product_tag":[],"class_list":{"0":"post-212478","1":"product","2":"type-product","3":"status-publish","4":"has-post-thumbnail","6":"color-bijela","7":"kolekcija-basic-hr","8":"kolekcija-decor-hr","9":"kolekcija-design-hr","10":"label-odgovorna-tvrtka","11":"label-prikladno-za-alergicare-i-astmaticare","12":"label-stvaramo-za-vas-vise-od-90-godina","13":"product_cat-ukrasni-jastuci","14":"product_cat-ukrasni-jastuci-hr","15":"pa_velikost-40x60-cm-hr","16":"pa_velikost-45x45-cm-hr","18":"first","19":"instock","20":"taxable","21":"shipping-taxable","22":"purchasable","23":"product-type-variable"},"acf":[],"_links":{"self":[{"href":"https:\/\/odeja.si\/hr\/wp-json\/wp\/v2\/product\/212478","targetHints":{"allow":["GET"]}}],"collection":[{"href":"https:\/\/odeja.si\/hr\/wp-json\/wp\/v2\/product"}],"about":[{"href":"https:\/\/odeja.si\/hr\/wp-json\/wp\/v2\/types\/product"}],"replies":[{"embeddable":true,"href":"https:\/\/odeja.si\/hr\/wp-json\/wp\/v2\/comments?post=212478"}],"wp:featuredmedia":[{"embeddable":true,"href":"https:\/\/odeja.si\/hr\/wp-json\/wp\/v2\/media\/212438"}],"wp:attachment":[{"href":"https:\/\/odeja.si\/hr\/wp-json\/wp\/v2\/media?parent=212478"}],"wp:term":[{"taxonomy":"color","embeddable":true,"href":"https:\/\/odeja.si\/hr\/wp-json\/wp\/v2\/color?post=212478"},{"taxonomy":"kolekcija","embeddable":true,"href":"https:\/\/odeja.si\/hr\/wp-json\/wp\/v2\/kolekcija?post=212478"},{"taxonomy":"label","embeddable":true,"href":"https:\/\/odeja.si\/hr\/wp-json\/wp\/v2\/label?post=212478"},{"taxonomy":"product_feature","embeddable":true,"href":"https:\/\/odeja.si\/hr\/wp-json\/wp\/v2\/product_feature?post=212478"},{"taxonomy":"product_brand","embeddable":true,"href":"https:\/\/odeja.si\/hr\/wp-json\/wp\/v2\/product_brand?post=212478"},{"taxonomy":"product_cat","embeddable":true,"href":"https:\/\/odeja.si\/hr\/wp-json\/wp\/v2\/product_cat?post=212478"},{"taxonomy":"product_tag","embeddable":true,"href":"https:\/\/odeja.si\/hr\/wp-json\/wp\/v2\/product_tag?post=212478"}],"curies":[{"name":"wp","href":"https:\/\/api.w.org\/{rel}","templated":true}]}}