{"id":213301,"date":"2026-01-22T09:13:32","date_gmt":"2026-01-22T08:13:32","guid":{"rendered":"https:\/\/odeja.si\/?post_type=product&#038;p=213301"},"modified":"2026-01-22T09:48:41","modified_gmt":"2026-01-22T08:48:41","slug":"posteljina-vesna-140x200-cm-narancasta","status":"publish","type":"product","link":"https:\/\/odeja.si\/hr\/posteljina-vesna-140x200-cm-narancasta\/","title":{"rendered":"Posteljina Vesna 140&#215;200 cm &#8211; Naran\u010dasta"},"content":{"rendered":"<p data-start=\"477\" data-end=\"545\"><strong data-start=\"477\" data-end=\"545\">Posteljina Vesna \u2013 svje\u017ei po\u010detak prolje\u0107a u va\u0161oj spava\u0107oj sobi<\/strong><\/p>\n<p data-start=\"547\" data-end=\"852\" data-is-last-node=\"\" data-is-only-node=\"\">Prolje\u0107e je vrijeme preobrazbe, svje\u017eine i novih po\u010detaka \u2013 a upravo to nadahnjuje na\u0161u najnoviju kolekciju posteljine Vesna. S pa\u017eljivo odabranih pet proljetnih boja i izradom od 100 % prirodnog pamuka, ova je kolekcija stvorena za sve koji \u017eele lako\u0107u, udobnost i eleganciju u svom prostoru za spavanje.<\/p>\n<p>&nbsp;<\/p>\n","protected":false},"excerpt":{"rendered":"<p>Posteljina Vesna \u2013 svje\u017ei po\u010detak prolje\u0107a u va\u0161oj spava\u0107oj sobi Prolje\u0107e je vrijeme preobrazbe, svje\u017eine i&#8230;<\/p>\n","protected":false},"featured_media":213105,"comment_status":"open","ping_status":"closed","template":"","meta":{"_acf_changed":false},"color":[5157],"kolekcija":[5075,4951,6078],"label":[4990,4992,4988,4983],"product_feature":[],"product_brand":[],"product_cat":[5701,5778,5698,5735,5773,6081],"product_tag":[4943,5294],"class_list":{"0":"post-213301","1":"product","2":"type-product","3":"status-publish","4":"has-post-thumbnail","6":"color-marelica-hr","7":"kolekcija-decor-hr","8":"kolekcija-design-hr","9":"kolekcija-vesna-hr","10":"label-izradeno-od-prirodnih-materijala","11":"label-odgovorna-tvrtka","12":"label-prikladno-za-alergicare-i-astmaticare","13":"label-stvaramo-za-vas-vise-od-90-godina","14":"product_cat-kolekcije-hr","15":"product_cat-pamucna-posteljina","16":"product_cat-posteljina","17":"product_cat-posteljina-hr","18":"product_cat-posteljina-s-uzorkom","19":"product_cat-vesna-hr","20":"product_tag-pamucna-posteljina","21":"product_tag-posteljina","22":"pa_collection-basic-hr","23":"pa_featured-product-0-50","24":"pa_glavna-znacilnost-bombaz-hr","25":"pa_glavna-znacilnost-primerno-za-alergike-in-astmatike-hr","26":"pa_glavna-znacilnost-tkanina-z-vzorcem-hr","27":"pa_glavna-znacilnost-vecnamenski-izdelek-hr","28":"pa_kakovost-made-in-eu-hr","29":"pa_kakovost-oeko-tex-certifikat-hr","30":"pa_kakovost-primerno-za-astmatike-in-alergike-hr","31":"pa_tip-izdelka-posteljnina-8","32":"pa_vzdrzevanje-beljenje-ni-dovoljeno-4","33":"pa_vzdrzevanje-likanje-pri-srednji-temperaturi-150-c-hr","34":"pa_vzdrzevanje-kemicno-ciscenje-p-hr","35":"pa_vzdrzevanje-pranje-do-60-c-hr","36":"pa_vzdrzevanje-susenje-v-susilnem-stroju-pri-znizani-temperaturi-hr","38":"first","39":"instock","40":"featured","41":"taxable","42":"shipping-taxable","43":"purchasable","44":"product-type-simple"},"acf":[],"_links":{"self":[{"href":"https:\/\/odeja.si\/hr\/wp-json\/wp\/v2\/product\/213301","targetHints":{"allow":["GET"]}}],"collection":[{"href":"https:\/\/odeja.si\/hr\/wp-json\/wp\/v2\/product"}],"about":[{"href":"https:\/\/odeja.si\/hr\/wp-json\/wp\/v2\/types\/product"}],"replies":[{"embeddable":true,"href":"https:\/\/odeja.si\/hr\/wp-json\/wp\/v2\/comments?post=213301"}],"wp:featuredmedia":[{"embeddable":true,"href":"https:\/\/odeja.si\/hr\/wp-json\/wp\/v2\/media\/213105"}],"wp:attachment":[{"href":"https:\/\/odeja.si\/hr\/wp-json\/wp\/v2\/media?parent=213301"}],"wp:term":[{"taxonomy":"color","embeddable":true,"href":"https:\/\/odeja.si\/hr\/wp-json\/wp\/v2\/color?post=213301"},{"taxonomy":"kolekcija","embeddable":true,"href":"https:\/\/odeja.si\/hr\/wp-json\/wp\/v2\/kolekcija?post=213301"},{"taxonomy":"label","embeddable":true,"href":"https:\/\/odeja.si\/hr\/wp-json\/wp\/v2\/label?post=213301"},{"taxonomy":"product_feature","embeddable":true,"href":"https:\/\/odeja.si\/hr\/wp-json\/wp\/v2\/product_feature?post=213301"},{"taxonomy":"product_brand","embeddable":true,"href":"https:\/\/odeja.si\/hr\/wp-json\/wp\/v2\/product_brand?post=213301"},{"taxonomy":"product_cat","embeddable":true,"href":"https:\/\/odeja.si\/hr\/wp-json\/wp\/v2\/product_cat?post=213301"},{"taxonomy":"product_tag","embeddable":true,"href":"https:\/\/odeja.si\/hr\/wp-json\/wp\/v2\/product_tag?post=213301"}],"curies":[{"name":"wp","href":"https:\/\/api.w.org\/{rel}","templated":true}]}}