{"id":213651,"date":"2026-01-23T10:52:12","date_gmt":"2026-01-23T09:52:12","guid":{"rendered":"https:\/\/odeja.si\/?post_type=product&#038;p=213651"},"modified":"2026-01-23T12:11:14","modified_gmt":"2026-01-23T11:11:14","slug":"posteljina-harmony-140x200-cm-narancasta","status":"publish","type":"product","link":"https:\/\/odeja.si\/hr\/posteljina-harmony-140x200-cm-narancasta\/","title":{"rendered":"Posteljina Harmony 140&#215;200 cm &#8211; Naran\u010dasta"},"content":{"rendered":"<h3 data-start=\"92\" data-end=\"161\"><strong data-start=\"100\" data-end=\"161\">Posteljina Harmony \u2013 savr\u0161en sklad elegancije i udobnosti<\/strong><\/h3>\n<p data-start=\"163\" data-end=\"434\">Do\u017eivite harmoniju u svojoj spava\u0107oj sobi s ekskluzivnom posteljinom <strong data-start=\"232\" data-end=\"243\">Harmony<\/strong>, izra\u0111enom od <strong data-start=\"258\" data-end=\"283\">100 % pamu\u010dnog satena<\/strong>. Mekana, prozra\u010dna i nje\u017ena na dodir, ova tkanina pru\u017ea luksuzan osje\u0107aj svaki put kada legnete, a istovremeno va\u0161em prostoru dodaje da\u0161ak elegancije.<\/p>\n<p>&nbsp;<\/p>\n","protected":false},"excerpt":{"rendered":"<p>Posteljina Harmony \u2013 savr\u0161en sklad elegancije i udobnosti Do\u017eivite harmoniju u svojoj spava\u0107oj sobi s ekskluzivnom&#8230;<\/p>\n","protected":false},"featured_media":213477,"comment_status":"open","ping_status":"closed","template":"","meta":{"_acf_changed":false},"color":[5156],"kolekcija":[5075,4951],"label":[4990,4992,4988,4983],"product_feature":[],"product_brand":[],"product_cat":[5798,5698,5735,5773,5779],"product_tag":[4943,5294],"class_list":{"0":"post-213651","1":"product","2":"type-product","3":"status-publish","4":"has-post-thumbnail","6":"color-narancasta","7":"kolekcija-decor-hr","8":"kolekcija-design-hr","9":"label-izradeno-od-prirodnih-materijala","10":"label-odgovorna-tvrtka","11":"label-prikladno-za-alergicare-i-astmaticare","12":"label-stvaramo-za-vas-vise-od-90-godina","13":"product_cat-odeja-design-hr","14":"product_cat-posteljina","15":"product_cat-posteljina-hr","16":"product_cat-posteljina-s-uzorkom","17":"product_cat-posteljina-saten","18":"product_tag-pamucna-posteljina","19":"product_tag-posteljina","20":"pa_collection-basic-hr","21":"pa_featured-product-0-50","22":"pa_glavna-znacilnost-bombaz-hr","23":"pa_glavna-znacilnost-primerno-za-alergike-in-astmatike-hr","24":"pa_glavna-znacilnost-tkanina-z-vzorcem-hr","25":"pa_glavna-znacilnost-vecnamenski-izdelek-hr","26":"pa_kakovost-made-in-eu-hr","27":"pa_kakovost-oeko-tex-certifikat-hr","28":"pa_kakovost-primerno-za-astmatike-in-alergike-hr","29":"pa_tip-izdelka-posteljnina-8","30":"pa_vzdrzevanje-beljenje-ni-dovoljeno-4","31":"pa_vzdrzevanje-likanje-pri-srednji-temperaturi-150-c-hr","32":"pa_vzdrzevanje-kemicno-ciscenje-p-hr","33":"pa_vzdrzevanje-pranje-do-60-c-hr","34":"pa_vzdrzevanje-susenje-v-susilnem-stroju-pri-znizani-temperaturi-hr","36":"first","37":"instock","38":"taxable","39":"shipping-taxable","40":"purchasable","41":"product-type-simple"},"acf":[],"_links":{"self":[{"href":"https:\/\/odeja.si\/hr\/wp-json\/wp\/v2\/product\/213651","targetHints":{"allow":["GET"]}}],"collection":[{"href":"https:\/\/odeja.si\/hr\/wp-json\/wp\/v2\/product"}],"about":[{"href":"https:\/\/odeja.si\/hr\/wp-json\/wp\/v2\/types\/product"}],"replies":[{"embeddable":true,"href":"https:\/\/odeja.si\/hr\/wp-json\/wp\/v2\/comments?post=213651"}],"wp:featuredmedia":[{"embeddable":true,"href":"https:\/\/odeja.si\/hr\/wp-json\/wp\/v2\/media\/213477"}],"wp:attachment":[{"href":"https:\/\/odeja.si\/hr\/wp-json\/wp\/v2\/media?parent=213651"}],"wp:term":[{"taxonomy":"color","embeddable":true,"href":"https:\/\/odeja.si\/hr\/wp-json\/wp\/v2\/color?post=213651"},{"taxonomy":"kolekcija","embeddable":true,"href":"https:\/\/odeja.si\/hr\/wp-json\/wp\/v2\/kolekcija?post=213651"},{"taxonomy":"label","embeddable":true,"href":"https:\/\/odeja.si\/hr\/wp-json\/wp\/v2\/label?post=213651"},{"taxonomy":"product_feature","embeddable":true,"href":"https:\/\/odeja.si\/hr\/wp-json\/wp\/v2\/product_feature?post=213651"},{"taxonomy":"product_brand","embeddable":true,"href":"https:\/\/odeja.si\/hr\/wp-json\/wp\/v2\/product_brand?post=213651"},{"taxonomy":"product_cat","embeddable":true,"href":"https:\/\/odeja.si\/hr\/wp-json\/wp\/v2\/product_cat?post=213651"},{"taxonomy":"product_tag","embeddable":true,"href":"https:\/\/odeja.si\/hr\/wp-json\/wp\/v2\/product_tag?post=213651"}],"curies":[{"name":"wp","href":"https:\/\/api.w.org\/{rel}","templated":true}]}}