{"id":223651,"date":"2026-03-02T11:03:27","date_gmt":"2026-03-02T10:03:27","guid":{"rendered":"https:\/\/odeja.si\/?post_type=product&#038;p=223651"},"modified":"2026-03-02T12:56:50","modified_gmt":"2026-03-02T11:56:50","slug":"deka-domus-150x200-cm-taupe","status":"publish","type":"product","link":"https:\/\/odeja.si\/hr\/deka-domus-150x200-cm-taupe\/","title":{"rendered":"Deka Domus 150&#215;200 cm \u2013 Taupe"},"content":{"rendered":"<p data-sourcepos=\"7:1-7:35\"><strong>U\u017eivajte u mekom zagrljaju boja<\/strong><\/p>\n<p data-sourcepos=\"9:1-9:167\">Tkana pamu\u010dna deka je zbog svoje sastave topla, meka i ugodna na dodir. Dostupna je u mnogim bojama koje \u0107e lijepo o\u017eivjeti va\u0161 dom.<\/p>\n<p data-sourcepos=\"11:1-11:27\"><strong>Dimenzija:<\/strong> 150 x 200 cm<\/p>\n<p>&nbsp;<\/p>\n<p>&nbsp;<\/p>\n<p>&nbsp;<\/p>\n","protected":false},"excerpt":{"rendered":"<p>&nbsp; &nbsp;<\/p>\n","protected":false},"featured_media":223605,"comment_status":"open","ping_status":"closed","template":"","meta":{"_acf_changed":false},"color":[5150],"kolekcija":[],"label":[4992,4988,4983],"product_feature":[],"product_brand":[],"product_cat":[5700,5799,5743],"product_tag":[5312,5349,5350],"class_list":{"0":"post-223651","1":"product","2":"type-product","3":"status-publish","4":"has-post-thumbnail","6":"color-tamno-bez","7":"label-odgovorna-tvrtka","8":"label-prikladno-za-alergicare-i-astmaticare","9":"label-stvaramo-za-vas-vise-od-90-godina","10":"product_cat-dodaci-za-dom","11":"product_cat-odeja-wellness","12":"product_cat-tkana-pamucna-deka","13":"product_tag-lagani-pokrivac","14":"product_tag-pamucni-pokrivac","15":"product_tag-tkani-pokrivac","16":"pa_featured-product-0-50","17":"pa_kakovost-made-in-eu-hr","18":"pa_kakovost-oeko-tex-certifikat-hr-2","19":"pa_kakovost-primerno-za-astmatike-in-alergike-hr","20":"pa_tip-izdelka-tkana-bombazna-odeja-7","21":"pa_vasco-sku-019798-hr","22":"pa_vzdrzevanje-beljenje-ni-dovoljeno-4","23":"pa_vzdrzevanje-likanje-pri-srednji-temperaturi-150-c-hr","24":"pa_vzdrzevanje-kemicno-ciscenje-p-hr","25":"pa_vzdrzevanje-previdno-pranje-do-30-c-hr","26":"pa_vzdrzevanje-susenje-v-susilnem-stroju-ni-dovoljeno-hr","28":"first","29":"outofstock","30":"taxable","31":"shipping-taxable","32":"purchasable","33":"product-type-simple"},"acf":[],"_links":{"self":[{"href":"https:\/\/odeja.si\/hr\/wp-json\/wp\/v2\/product\/223651","targetHints":{"allow":["GET"]}}],"collection":[{"href":"https:\/\/odeja.si\/hr\/wp-json\/wp\/v2\/product"}],"about":[{"href":"https:\/\/odeja.si\/hr\/wp-json\/wp\/v2\/types\/product"}],"replies":[{"embeddable":true,"href":"https:\/\/odeja.si\/hr\/wp-json\/wp\/v2\/comments?post=223651"}],"wp:featuredmedia":[{"embeddable":true,"href":"https:\/\/odeja.si\/hr\/wp-json\/wp\/v2\/media\/223605"}],"wp:attachment":[{"href":"https:\/\/odeja.si\/hr\/wp-json\/wp\/v2\/media?parent=223651"}],"wp:term":[{"taxonomy":"color","embeddable":true,"href":"https:\/\/odeja.si\/hr\/wp-json\/wp\/v2\/color?post=223651"},{"taxonomy":"kolekcija","embeddable":true,"href":"https:\/\/odeja.si\/hr\/wp-json\/wp\/v2\/kolekcija?post=223651"},{"taxonomy":"label","embeddable":true,"href":"https:\/\/odeja.si\/hr\/wp-json\/wp\/v2\/label?post=223651"},{"taxonomy":"product_feature","embeddable":true,"href":"https:\/\/odeja.si\/hr\/wp-json\/wp\/v2\/product_feature?post=223651"},{"taxonomy":"product_brand","embeddable":true,"href":"https:\/\/odeja.si\/hr\/wp-json\/wp\/v2\/product_brand?post=223651"},{"taxonomy":"product_cat","embeddable":true,"href":"https:\/\/odeja.si\/hr\/wp-json\/wp\/v2\/product_cat?post=223651"},{"taxonomy":"product_tag","embeddable":true,"href":"https:\/\/odeja.si\/hr\/wp-json\/wp\/v2\/product_tag?post=223651"}],"curies":[{"name":"wp","href":"https:\/\/api.w.org\/{rel}","templated":true}]}}