{"id":225724,"date":"2026-03-10T14:50:24","date_gmt":"2026-03-10T13:50:24","guid":{"rendered":"https:\/\/odeja.si\/?post_type=product&#038;p=225724"},"modified":"2026-03-10T15:39:44","modified_gmt":"2026-03-10T14:39:44","slug":"poplun-down-duck-light-140x200-cm","status":"publish","type":"product","link":"https:\/\/odeja.si\/hr\/poplun-down-duck-light-140x200-cm\/","title":{"rendered":"Poplun Down Duck Light 140&#215;200 cm"},"content":{"rendered":"<h3 data-start=\"56\" data-end=\"131\"><strong data-start=\"63\" data-end=\"131\">Perolaka poplun \u2013 savr\u0161ena kombinacija topline, meko\u0107e i lako\u0107e.<\/strong><\/h3>\n<p data-start=\"133\" data-end=\"427\">Probudite osje\u0107aj potpunog ugodja uz poplun koji grli poput laganog oblaka.<br data-start=\"208\" data-end=\"211\" \/><strong data-start=\"211\" data-end=\"228\">Pa\u010dje paperje<\/strong>, poznato po svojoj iznimnoj sposobnosti zadr\u017eavanja topline i lakoj strukturi, pa\u017eljivo je u\u0161iveno u <strong data-start=\"330\" data-end=\"368\">nje\u017enu tkaninu od pamu\u010dnog perkala<\/strong> \u2013 materijala koji di\u0161e i njeguje i najosjetljiviju ko\u017eu.<\/p>\n<p data-start=\"429\" data-end=\"646\">Perolaka poplun dizajnirana je za one koji cijene <strong data-start=\"479\" data-end=\"510\">prirodnu toplinu bez te\u017eine<\/strong>. Brzo vas ugrije, a toplinu ravnomjerno raspore\u0111uje po cijelom tijelu, stvaraju\u0107i <strong data-start=\"593\" data-end=\"644\">savr\u0161en osje\u0107aj ravnote\u017ee i opu\u0161ten, dubok san.<\/strong><\/p>\n","protected":false},"excerpt":{"rendered":"<p>Perolaka poplun \u2013 savr\u0161ena kombinacija topline, meko\u0107e i lako\u0107e. Probudite osje\u0107aj potpunog ugodja uz poplun koji&#8230;<\/p>\n","protected":false},"featured_media":94304,"comment_status":"open","ping_status":"closed","template":"","meta":{"_acf_changed":false},"color":[],"kolekcija":[5957,3388,3387],"label":[4990,4992,4983],"product_feature":[],"product_brand":[],"product_cat":[5701,5705,5702,5796,5714,5695,5739],"product_tag":[],"class_list":{"0":"post-225724","1":"product","2":"type-product","3":"status-publish","4":"has-post-thumbnail","6":"kolekcija-lia-hr","7":"kolekcija-natur-hr","8":"kolekcija-organic-hr","9":"label-izradeno-od-prirodnih-materijala","10":"label-odgovorna-tvrtka","11":"label-stvaramo-za-vas-vise-od-90-godina","12":"product_cat-kolekcije-hr","13":"product_cat-ljetni-popluni","14":"product_cat-novi-proizvodi","15":"product_cat-odeja-natur-hr","16":"product_cat-poplun-140x200","17":"product_cat-popluni","18":"product_cat-popluni-sa-paperjem","19":"pa_kakovost-made-in-eu-hr","20":"pa_kakovost-oeko-tex-certifikat-hr-2","21":"pa_vzdrzevanje-beljenje-ni-dovoljeno-4","22":"pa_vzdrzevanje-likanje-ni-dovoljeno-hr","23":"pa_vzdrzevanje-previdno-kemicno-ciscenje-p-hr","24":"pa_vzdrzevanje-previdno-pranje-do-60-c-hr","25":"pa_vzdrzevanje-susenje-v-susilnem-stroju-pri-znizani-temperaturi-hr","27":"first","28":"instock","29":"taxable","30":"shipping-taxable","31":"purchasable","32":"product-type-simple"},"acf":[],"_links":{"self":[{"href":"https:\/\/odeja.si\/hr\/wp-json\/wp\/v2\/product\/225724","targetHints":{"allow":["GET"]}}],"collection":[{"href":"https:\/\/odeja.si\/hr\/wp-json\/wp\/v2\/product"}],"about":[{"href":"https:\/\/odeja.si\/hr\/wp-json\/wp\/v2\/types\/product"}],"replies":[{"embeddable":true,"href":"https:\/\/odeja.si\/hr\/wp-json\/wp\/v2\/comments?post=225724"}],"wp:featuredmedia":[{"embeddable":true,"href":"https:\/\/odeja.si\/hr\/wp-json\/wp\/v2\/media\/94304"}],"wp:attachment":[{"href":"https:\/\/odeja.si\/hr\/wp-json\/wp\/v2\/media?parent=225724"}],"wp:term":[{"taxonomy":"color","embeddable":true,"href":"https:\/\/odeja.si\/hr\/wp-json\/wp\/v2\/color?post=225724"},{"taxonomy":"kolekcija","embeddable":true,"href":"https:\/\/odeja.si\/hr\/wp-json\/wp\/v2\/kolekcija?post=225724"},{"taxonomy":"label","embeddable":true,"href":"https:\/\/odeja.si\/hr\/wp-json\/wp\/v2\/label?post=225724"},{"taxonomy":"product_feature","embeddable":true,"href":"https:\/\/odeja.si\/hr\/wp-json\/wp\/v2\/product_feature?post=225724"},{"taxonomy":"product_brand","embeddable":true,"href":"https:\/\/odeja.si\/hr\/wp-json\/wp\/v2\/product_brand?post=225724"},{"taxonomy":"product_cat","embeddable":true,"href":"https:\/\/odeja.si\/hr\/wp-json\/wp\/v2\/product_cat?post=225724"},{"taxonomy":"product_tag","embeddable":true,"href":"https:\/\/odeja.si\/hr\/wp-json\/wp\/v2\/product_tag?post=225724"}],"curies":[{"name":"wp","href":"https:\/\/api.w.org\/{rel}","templated":true}]}}