{"id":227569,"date":"2026-04-17T07:58:28","date_gmt":"2026-04-17T06:58:28","guid":{"rendered":"https:\/\/odeja.si\/?post_type=product&#038;p=227569"},"modified":"2026-04-17T08:37:32","modified_gmt":"2026-04-17T07:37:32","slug":"posteljina-lia-organic-mini-plava","status":"publish","type":"product","link":"https:\/\/odeja.si\/hr\/posteljina-lia-organic-mini-plava\/","title":{"rendered":"Posteljina Lia Organic MINI &#8211; Plava"},"content":{"rendered":"<div class=\"flex flex-col text-sm pb-25\">\n<section class=\"text-token-text-primary w-full focus:outline-none [--shadow-height:45px] has-data-writing-block:pointer-events-none has-data-writing-block:-mt-(--shadow-height) has-data-writing-block:pt-(--shadow-height) [&amp;:has([data-writing-block])&gt;*]:pointer-events-auto scroll-mt-[calc(var(--header-height)+min(200px,max(70px,20svh)))]\" dir=\"auto\" data-turn-id=\"request-WEB:fb7355b6-5bf2-40d4-b3e3-93929c083a4c-1\" data-testid=\"conversation-turn-4\" data-scroll-anchor=\"true\" data-turn=\"assistant\">\n<div class=\"text-base my-auto mx-auto pb-10 [--thread-content-margin:var(--thread-content-margin-xs,calc(var(--spacing)*4))] @w-sm\/main:[--thread-content-margin:var(--thread-content-margin-sm,calc(var(--spacing)*6))] @w-lg\/main:[--thread-content-margin:var(--thread-content-margin-lg,calc(var(--spacing)*16))] px-(--thread-content-margin)\">\n<div class=\"[--thread-content-max-width:40rem] @w-lg\/main:[--thread-content-max-width:48rem] mx-auto max-w-(--thread-content-max-width) flex-1 group\/turn-messages focus-visible:outline-hidden relative flex w-full min-w-0 flex-col agent-turn\">\n<div class=\"flex max-w-full flex-col gap-4 grow\">\n<div class=\"min-h-8 text-message relative flex w-full flex-col items-end gap-2 text-start break-words whitespace-normal outline-none keyboard-focused:focus-ring [.text-message+&amp;]:mt-1\" dir=\"auto\" tabindex=\"0\" data-message-author-role=\"assistant\" data-message-id=\"5dc16271-1619-4379-ae05-e7446f17b292\" data-message-model-slug=\"gpt-5-3\" data-turn-start-message=\"true\">\n<div class=\"flex w-full flex-col gap-1 empty:hidden\">\n<div class=\"markdown prose dark:prose-invert w-full wrap-break-word light markdown-new-styling\">\n<p data-start=\"21\" data-end=\"79\">U\u017eivajte u \u010distoj, prirodnoj udobnosti organskog pamuka.<\/p>\n<p data-start=\"81\" data-end=\"438\">Posteljina Lia Organic Mini izra\u0111ena je od 100 % organskog pamuka s presti\u017enim GOTS certifikatom te obojena u prirodnim tonovima, bez \u0161tetnih kemikalija, zbog \u010dega je sigurna za va\u0161e dijete i prijateljska prema okoli\u0161u. Njezin autenti\u010dan, organski izgled nakon prvog pranja postaje jo\u0161 izra\u017eeniji, dodatno nagla\u0161avaju\u0107i njezinu prirodnu meko\u0107u i karakter.<\/p>\n<p data-start=\"440\" data-end=\"548\">Posteljina je pakirana u prakti\u010dnu, ekolo\u0161ki prihvatljivu vre\u0107icu od organskog pamuka s GOTS certifikatom.<\/p>\n<p data-start=\"550\" data-end=\"751\"><strong data-start=\"550\" data-end=\"592\">Potpuno prirodno okru\u017eenje za spavanje<\/strong><br data-start=\"592\" data-end=\"595\" \/>Svi kori\u0161teni materijali imaju GOTS certifikat, koji jam\u010di vrhunsku kvalitetu i strogo kontrolirane procese od odabira sirovina do prerade i skladi\u0161tenja.<\/p>\n<\/div>\n<\/div>\n<\/div>\n<\/div>\n<div class=\"z-0 flex min-h-[46px] justify-start\"><\/div>\n<div class=\"mt-3 w-full empty:hidden\">\n<div class=\"text-center\"><\/div>\n<\/div>\n<\/div>\n<\/div>\n<\/section>\n<\/div>\n<div class=\"pointer-events-none h-px w-px absolute bottom-0\" aria-hidden=\"true\" data-edge=\"true\"><\/div>\n","protected":false},"excerpt":{"rendered":"<p>U\u017eivajte u \u010distoj, prirodnoj udobnosti organskog pamuka. Posteljina Lia Organic Mini izra\u0111ena je od 100 %&#8230;<\/p>\n","protected":false},"featured_media":227504,"comment_status":"open","ping_status":"closed","template":"","meta":{"_acf_changed":false},"color":[5144],"kolekcija":[5957,4859,3387],"label":[4990,4992,4986,4983],"product_feature":[],"product_brand":[],"product_cat":[5811,5819,5701,5791,5702,5801,5780,5698,5774,5699],"product_tag":[],"class_list":{"0":"post-227569","1":"product","2":"type-product","3":"status-publish","4":"has-post-thumbnail","6":"color-svijetlo-plava","7":"kolekcija-lia-hr","8":"kolekcija-mini-hr","9":"kolekcija-organic-hr","10":"label-izradeno-od-prirodnih-materijala","11":"label-odgovorna-tvrtka","12":"label-sigurno-za-alergicare-i-astmaticare","13":"label-stvaramo-za-vas-vise-od-90-godina","14":"product_cat-posteljina-za-djecu-hr","15":"product_cat-proizvodi-organski-pamuk","16":"product_cat-kolekcije-hr","17":"product_cat-posteljina-kolekcija-lia","18":"product_cat-novi-proizvodi","19":"product_cat-odeja-mini-hr","20":"product_cat-organska-posteljina","21":"product_cat-posteljina","22":"product_cat-posteljina-djecja","23":"product_cat-za-djecu","24":"pa_kakovost-gots-hr","25":"pa_kakovost-primerno-za-astmatike-in-alergike-hr","26":"pa_velikost-120x80-30x40-cm-hr","27":"pa_velikost-135x100-40x60-cm-hr","28":"pa_vzdrzevanje-beljenje-ni-dovoljeno-4","29":"pa_vzdrzevanje-likanje-pri-srednji-temperaturi-150-c-hr","30":"pa_vzdrzevanje-previdno-kemicno-ciscenje-p-hr","31":"pa_vzdrzevanje-pranje-do-60-c-hr","32":"pa_vzdrzevanje-susenje-v-susilnem-stroju-ni-dovoljeno-hr","34":"first","35":"instock","36":"featured","37":"taxable","38":"shipping-taxable","39":"purchasable","40":"product-type-variable"},"acf":[],"_links":{"self":[{"href":"https:\/\/odeja.si\/hr\/wp-json\/wp\/v2\/product\/227569","targetHints":{"allow":["GET"]}}],"collection":[{"href":"https:\/\/odeja.si\/hr\/wp-json\/wp\/v2\/product"}],"about":[{"href":"https:\/\/odeja.si\/hr\/wp-json\/wp\/v2\/types\/product"}],"replies":[{"embeddable":true,"href":"https:\/\/odeja.si\/hr\/wp-json\/wp\/v2\/comments?post=227569"}],"wp:featuredmedia":[{"embeddable":true,"href":"https:\/\/odeja.si\/hr\/wp-json\/wp\/v2\/media\/227504"}],"wp:attachment":[{"href":"https:\/\/odeja.si\/hr\/wp-json\/wp\/v2\/media?parent=227569"}],"wp:term":[{"taxonomy":"color","embeddable":true,"href":"https:\/\/odeja.si\/hr\/wp-json\/wp\/v2\/color?post=227569"},{"taxonomy":"kolekcija","embeddable":true,"href":"https:\/\/odeja.si\/hr\/wp-json\/wp\/v2\/kolekcija?post=227569"},{"taxonomy":"label","embeddable":true,"href":"https:\/\/odeja.si\/hr\/wp-json\/wp\/v2\/label?post=227569"},{"taxonomy":"product_feature","embeddable":true,"href":"https:\/\/odeja.si\/hr\/wp-json\/wp\/v2\/product_feature?post=227569"},{"taxonomy":"product_brand","embeddable":true,"href":"https:\/\/odeja.si\/hr\/wp-json\/wp\/v2\/product_brand?post=227569"},{"taxonomy":"product_cat","embeddable":true,"href":"https:\/\/odeja.si\/hr\/wp-json\/wp\/v2\/product_cat?post=227569"},{"taxonomy":"product_tag","embeddable":true,"href":"https:\/\/odeja.si\/hr\/wp-json\/wp\/v2\/product_tag?post=227569"}],"curies":[{"name":"wp","href":"https:\/\/api.w.org\/{rel}","templated":true}]}}