{"id":34920,"date":"2017-01-31T14:27:33","date_gmt":"2017-01-31T14:27:33","guid":{"rendered":"http:\/\/odeja.si\/?post_type=product&#038;p=34920"},"modified":"2026-02-14T23:04:55","modified_gmt":"2026-02-14T22:04:55","slug":"nadmadrac-medical-primar","status":"publish","type":"product","link":"https:\/\/odeja.si\/hr\/nadmadrac-medical-primar\/","title":{"rendered":"Nadmadrac Medical Primar"},"content":{"rendered":"<p><strong>Za\u0161tita od vla\u017eenja i od grinja<\/strong><\/p>\n<p>Nadmadrac nudi izvrsnu mehani\u010dku za\u0161titu od grinja u madracu, a istovremeno, zahvaljuju\u0107i vodootpornoj membrani, \u0161titi madrac od vla\u017eenja. Nadmadrac se mo\u017ee postaviti uz pomo\u0107 elastika koje osiguravaju da ostaje na mjestu. Tako\u0111er, nadmadrac omogu\u0107uje visoku razinu higijene, budu\u0107i da se mo\u017ee prati na 95 \u00b0C. Prikladan je za pacijente, starije osobe te tako\u0111er za bolnice i sli\u010dne ustanove.<\/p>\n<p>&nbsp;<\/p>\n","protected":false},"excerpt":{"rendered":"<p>Za\u0161tita od vla\u017eenja i od grinja Nadmadrac nudi izvrsnu mehani\u010dku za\u0161titu od grinja u madracu, a&#8230;<\/p>\n","protected":false},"featured_media":94605,"comment_status":"open","ping_status":"closed","template":"","meta":{"_acf_changed":false},"color":[],"kolekcija":[4979,3384,3385],"label":[4990,4992,4986,4983],"product_feature":[],"product_brand":[],"product_cat":[5697,5795],"product_tag":[5398,5390],"class_list":{"0":"post-34920","1":"product","2":"type-product","3":"status-publish","4":"has-post-thumbnail","6":"kolekcija-adam-in-eva-hr","7":"kolekcija-dream-hr","8":"kolekcija-medical-hr","9":"label-izradeno-od-prirodnih-materijala","10":"label-odgovorna-tvrtka","11":"label-sigurno-za-alergicare-i-astmaticare","12":"label-stvaramo-za-vas-vise-od-90-godina","13":"product_cat-nadmadraci","14":"product_cat-odeja-medical-hr","15":"product_tag-antialergijski-nadmadrac-hr","16":"product_tag-nadmadrac-za-alergicare","17":"pa_collection-medical-5","18":"pa_featured-product-0-50","19":"pa_glavna-znacilnost-pralno-hr","20":"pa_glavna-znacilnost-primerno-za-alergike-in-astmatike-hr","21":"pa_kakovost-made-in-eu-hr","22":"pa_kakovost-oeko-tex-certifikat-hr","23":"pa_kakovost-primerno-za-astmatike-in-alergike-hr","24":"pa_tip-izdelka-nadvlozek-hr","25":"pa_velikost-200x100-cm-hr","26":"pa_velikost-200x120-cm-hr","27":"pa_velikost-200x160-cm-hr","28":"pa_velikost-200x180-cm-hr","29":"pa_velikost-200x200-cm-hr","30":"pa_velikost-200x90-cm-hr","31":"pa_velikost-200x140-cm-hr","32":"pa_vzdrzevanje-beljenje-ni-dovoljeno-4","33":"pa_vzdrzevanje-likanje-ni-dovoljeno-hr","34":"pa_vzdrzevanje-kemicno-ciscenje-ni-dovoljeno-hr","35":"pa_vzdrzevanje-pranje-do-95-c-hr","36":"pa_vzdrzevanje-susenje-v-susilnem-stroju-pri-znizani-temperaturi-hr","38":"first","39":"instock","40":"taxable","41":"shipping-taxable","42":"purchasable","43":"product-type-variable"},"acf":[],"_links":{"self":[{"href":"https:\/\/odeja.si\/hr\/wp-json\/wp\/v2\/product\/34920","targetHints":{"allow":["GET"]}}],"collection":[{"href":"https:\/\/odeja.si\/hr\/wp-json\/wp\/v2\/product"}],"about":[{"href":"https:\/\/odeja.si\/hr\/wp-json\/wp\/v2\/types\/product"}],"replies":[{"embeddable":true,"href":"https:\/\/odeja.si\/hr\/wp-json\/wp\/v2\/comments?post=34920"}],"wp:featuredmedia":[{"embeddable":true,"href":"https:\/\/odeja.si\/hr\/wp-json\/wp\/v2\/media\/94605"}],"wp:attachment":[{"href":"https:\/\/odeja.si\/hr\/wp-json\/wp\/v2\/media?parent=34920"}],"wp:term":[{"taxonomy":"color","embeddable":true,"href":"https:\/\/odeja.si\/hr\/wp-json\/wp\/v2\/color?post=34920"},{"taxonomy":"kolekcija","embeddable":true,"href":"https:\/\/odeja.si\/hr\/wp-json\/wp\/v2\/kolekcija?post=34920"},{"taxonomy":"label","embeddable":true,"href":"https:\/\/odeja.si\/hr\/wp-json\/wp\/v2\/label?post=34920"},{"taxonomy":"product_feature","embeddable":true,"href":"https:\/\/odeja.si\/hr\/wp-json\/wp\/v2\/product_feature?post=34920"},{"taxonomy":"product_brand","embeddable":true,"href":"https:\/\/odeja.si\/hr\/wp-json\/wp\/v2\/product_brand?post=34920"},{"taxonomy":"product_cat","embeddable":true,"href":"https:\/\/odeja.si\/hr\/wp-json\/wp\/v2\/product_cat?post=34920"},{"taxonomy":"product_tag","embeddable":true,"href":"https:\/\/odeja.si\/hr\/wp-json\/wp\/v2\/product_tag?post=34920"}],"curies":[{"name":"wp","href":"https:\/\/api.w.org\/{rel}","templated":true}]}}