{"id":35294,"date":"2017-01-31T15:08:08","date_gmt":"2017-01-31T15:08:08","guid":{"rendered":"http:\/\/odeja.si\/?post_type=product&#038;p=35294"},"modified":"2025-05-14T13:57:42","modified_gmt":"2025-05-14T13:57:42","slug":"posteljina-basic-svijetlo-smeda","status":"publish","type":"product","link":"https:\/\/odeja.si\/hr\/posteljina-basic-svijetlo-smeda\/","title":{"rendered":"Posteljina Basic &#8211; Svijetlo sme\u0111a"},"content":{"rendered":"<p data-sourcepos=\"3:1-3:57\"><strong>Satenska posteljina Basic \u2013 rasko\u0161na meko\u0107a za potpun san<\/strong><\/p>\n<p data-sourcepos=\"5:1-5:360\">Posteljina <strong>Basic<\/strong> stvorena je za one koji \u017eele savr\u0161enu ravnote\u017eu izme\u0111u rasko\u0161i, udobnosti i prakti\u010dnosti. Izra\u0111ena je od visokokvalitetnog <strong>pamu\u010dnog satena<\/strong> koji spaja prirodnu prozra\u010dnost, svilenkastu meko\u0107u i nje\u017ean sjaj koji prostoru dodaje da\u0161ak elegancije. Svojom glatkom teksturom nje\u017eno obavija va\u0161e tijelo te osigurava ugodan, opu\u0161taju\u0107i san svake no\u0107i.<\/p>\n","protected":false},"excerpt":{"rendered":"<p>Satenska posteljina Basic \u2013 rasko\u0161na meko\u0107a za potpun san Posteljina Basic stvorena je za one koji&#8230;<\/p>\n","protected":false},"featured_media":92825,"comment_status":"open","ping_status":"closed","template":"","meta":{"_acf_changed":false},"color":[5168],"kolekcija":[4974,5075,4951],"label":[4990,4992,4988,4983],"product_feature":[],"product_brand":[],"product_cat":[5781,5772,5798,5735,5698,5710,5713,5731,5779],"product_tag":[4943,5294,5309,4946,4945],"class_list":{"0":"post-35294","1":"product","2":"type-product","3":"status-publish","4":"has-post-thumbnail","6":"color-svijetlo-smeda","7":"kolekcija-basic-hr","8":"kolekcija-decor-hr","9":"kolekcija-design-hr","10":"label-izradeno-od-prirodnih-materijala","11":"label-odgovorna-tvrtka","12":"label-prikladno-za-alergicare-i-astmaticare","13":"label-stvaramo-za-vas-vise-od-90-godina","14":"product_cat-posteljina-kolekcija-basic","15":"product_cat-jednobojna-posteljina","16":"product_cat-odeja-design-hr","17":"product_cat-posteljina-hr","18":"product_cat-posteljina","19":"product_cat-posteljina-140x200","20":"product_cat-posteljina-200x220","21":"product_cat-posteljina-240x220","22":"product_cat-posteljina-saten","23":"product_tag-pamucna-posteljina","24":"product_tag-posteljina","25":"product_tag-posteljina-sa-satenom","26":"product_tag-saten-posteljina","27":"product_tag-satenska-posteljina","28":"pa_collection-basic-hr","29":"pa_featured-product-0-50","30":"pa_glavna-znacilnost-enobarvna-tkanina-hr","31":"pa_glavna-znacilnost-bombazni-saten-hr","32":"pa_kakovost-made-in-eu-hr","33":"pa_kakovost-oeko-tex-certifikat-hr","34":"pa_kakovost-primerno-za-astmatike-in-alergike-hr","35":"pa_tip-izdelka-posteljnina-8","36":"pa_velikost-200x160-cm-2x60x80-cm-hr","37":"pa_velikost-200x200-cm-2x60x80-cm-hr","38":"pa_velikost-200x260-cm-2x60x80-cm-hr","39":"pa_velikost-200x140-cm-60x80-cm-hr","40":"pa_velikost-220x140-cm-60x80-cm-hr","41":"pa_velikost-220x200-cm-2x60x80-cm-hr","42":"pa_velikost-220x240-cm-2x60x80-cm-hr","43":"pa_vzdrzevanje-beljenje-ni-dovoljeno-4","44":"pa_vzdrzevanje-likanje-pri-srednji-temperaturi-150-c-hr","45":"pa_vzdrzevanje-kemicno-ciscenje-p-hr","46":"pa_vzdrzevanje-pranje-do-60-c-hr","47":"pa_vzdrzevanje-susenje-v-susilnem-stroju-pri-znizani-temperaturi-hr","49":"first","50":"instock","51":"taxable","52":"shipping-taxable","53":"purchasable","54":"product-type-variable"},"acf":[],"_links":{"self":[{"href":"https:\/\/odeja.si\/hr\/wp-json\/wp\/v2\/product\/35294","targetHints":{"allow":["GET"]}}],"collection":[{"href":"https:\/\/odeja.si\/hr\/wp-json\/wp\/v2\/product"}],"about":[{"href":"https:\/\/odeja.si\/hr\/wp-json\/wp\/v2\/types\/product"}],"replies":[{"embeddable":true,"href":"https:\/\/odeja.si\/hr\/wp-json\/wp\/v2\/comments?post=35294"}],"wp:featuredmedia":[{"embeddable":true,"href":"https:\/\/odeja.si\/hr\/wp-json\/wp\/v2\/media\/92825"}],"wp:attachment":[{"href":"https:\/\/odeja.si\/hr\/wp-json\/wp\/v2\/media?parent=35294"}],"wp:term":[{"taxonomy":"color","embeddable":true,"href":"https:\/\/odeja.si\/hr\/wp-json\/wp\/v2\/color?post=35294"},{"taxonomy":"kolekcija","embeddable":true,"href":"https:\/\/odeja.si\/hr\/wp-json\/wp\/v2\/kolekcija?post=35294"},{"taxonomy":"label","embeddable":true,"href":"https:\/\/odeja.si\/hr\/wp-json\/wp\/v2\/label?post=35294"},{"taxonomy":"product_feature","embeddable":true,"href":"https:\/\/odeja.si\/hr\/wp-json\/wp\/v2\/product_feature?post=35294"},{"taxonomy":"product_brand","embeddable":true,"href":"https:\/\/odeja.si\/hr\/wp-json\/wp\/v2\/product_brand?post=35294"},{"taxonomy":"product_cat","embeddable":true,"href":"https:\/\/odeja.si\/hr\/wp-json\/wp\/v2\/product_cat?post=35294"},{"taxonomy":"product_tag","embeddable":true,"href":"https:\/\/odeja.si\/hr\/wp-json\/wp\/v2\/product_tag?post=35294"}],"curies":[{"name":"wp","href":"https:\/\/api.w.org\/{rel}","templated":true}]}}