{"id":35542,"date":"2018-05-17T07:23:33","date_gmt":"2018-05-17T07:23:33","guid":{"rendered":"http:\/\/odeja.si\/?post_type=product&#038;p=35542"},"modified":"2026-02-28T11:23:09","modified_gmt":"2026-02-28T10:23:09","slug":"napenjalna-plahta-hera-extra-crvena","status":"publish","type":"product","link":"https:\/\/odeja.si\/hr\/napenjalna-plahta-hera-extra-crvena\/","title":{"rendered":"Napenjalna plahta Hera Extra \u2013 Crvena"},"content":{"rendered":"<p data-sourcepos=\"3:1-3:15\"><strong>\u010carobnost satena<\/strong><\/p>\n<p data-sourcepos=\"5:1-5:261\">Kad budete jedanput spavali na satenu, te\u0161ko \u0107ete ikad zaspati na \u010demu drugom. Veoma prijatna, mekana i lagana tkanina djeluje kao druga ko\u017ea. Plahte preporu\u010dujemo svima koji kao i mi vjerujete da je zdrava okolica sna osnova za zaista opu\u0161taju\u0107i odmor.<\/p>\n","protected":false},"excerpt":{"rendered":"<p>\u010carobnost satena Kad budete jedanput spavali na satenu, te\u0161ko \u0107ete ikad zaspati na \u010demu drugom. Veoma&#8230;<\/p>\n","protected":false},"featured_media":127667,"comment_status":"open","ping_status":"closed","template":"","meta":{"_acf_changed":false},"color":[5146],"kolekcija":[4974,5075,4951],"label":[4990,4992,4988,4983],"product_feature":[],"product_brand":[],"product_cat":[5781,5798,5734,5760,5698,5779],"product_tag":[5319,5318,5320],"class_list":{"0":"post-35542","1":"product","2":"type-product","3":"status-publish","4":"has-post-thumbnail","6":"color-crvena","7":"kolekcija-basic-hr","8":"kolekcija-decor-hr","9":"kolekcija-design-hr","10":"label-izradeno-od-prirodnih-materijala","11":"label-odgovorna-tvrtka","12":"label-prikladno-za-alergicare-i-astmaticare","13":"label-stvaramo-za-vas-vise-od-90-godina","14":"product_cat-posteljina-kolekcija-basic","15":"product_cat-odeja-design-hr","16":"product_cat-plahta-s-gumicom","17":"product_cat-plahte-hr","18":"product_cat-posteljina","19":"product_cat-posteljina-saten","20":"product_tag-plahta","21":"product_tag-plahta-s-gumicom","22":"product_tag-plahta-za-madrac","23":"pa_collection-basic-hr","24":"pa_featured-product-0-50","25":"pa_glavna-znacilnost-enobarvna-tkanina-hr","26":"pa_glavna-znacilnost-bombazni-saten-hr","27":"pa_kakovost-made-in-eu-hr","28":"pa_kakovost-oeko-tex-certifikat-hr","29":"pa_kakovost-primerno-za-astmatike-in-alergike-hr","30":"pa_tip-izdelka-rjuha-z-elastiko-5","31":"pa_velikost-200x120-cm-hr","32":"pa_velikost-200x160-cm-hr","33":"pa_velikost-200x180-cm-hr","34":"pa_velikost-200x200-cm-hr","35":"pa_velikost-200x90-cm-hr","36":"pa_velikost-200x140-cm-hr","37":"pa_vzdrzevanje-beljenje-ni-dovoljeno-4","38":"pa_vzdrzevanje-likanje-pri-srednji-temperaturi-150-c-hr","39":"pa_vzdrzevanje-kemicno-ciscenje-p-hr","40":"pa_vzdrzevanje-pranje-do-60-c-hr","41":"pa_vzdrzevanje-susenje-v-susilnem-stroju-pri-znizani-temperaturi-hr","43":"first","44":"instock","45":"sale","46":"taxable","47":"shipping-taxable","48":"purchasable","49":"product-type-variable"},"acf":[],"_links":{"self":[{"href":"https:\/\/odeja.si\/hr\/wp-json\/wp\/v2\/product\/35542","targetHints":{"allow":["GET"]}}],"collection":[{"href":"https:\/\/odeja.si\/hr\/wp-json\/wp\/v2\/product"}],"about":[{"href":"https:\/\/odeja.si\/hr\/wp-json\/wp\/v2\/types\/product"}],"replies":[{"embeddable":true,"href":"https:\/\/odeja.si\/hr\/wp-json\/wp\/v2\/comments?post=35542"}],"wp:featuredmedia":[{"embeddable":true,"href":"https:\/\/odeja.si\/hr\/wp-json\/wp\/v2\/media\/127667"}],"wp:attachment":[{"href":"https:\/\/odeja.si\/hr\/wp-json\/wp\/v2\/media?parent=35542"}],"wp:term":[{"taxonomy":"color","embeddable":true,"href":"https:\/\/odeja.si\/hr\/wp-json\/wp\/v2\/color?post=35542"},{"taxonomy":"kolekcija","embeddable":true,"href":"https:\/\/odeja.si\/hr\/wp-json\/wp\/v2\/kolekcija?post=35542"},{"taxonomy":"label","embeddable":true,"href":"https:\/\/odeja.si\/hr\/wp-json\/wp\/v2\/label?post=35542"},{"taxonomy":"product_feature","embeddable":true,"href":"https:\/\/odeja.si\/hr\/wp-json\/wp\/v2\/product_feature?post=35542"},{"taxonomy":"product_brand","embeddable":true,"href":"https:\/\/odeja.si\/hr\/wp-json\/wp\/v2\/product_brand?post=35542"},{"taxonomy":"product_cat","embeddable":true,"href":"https:\/\/odeja.si\/hr\/wp-json\/wp\/v2\/product_cat?post=35542"},{"taxonomy":"product_tag","embeddable":true,"href":"https:\/\/odeja.si\/hr\/wp-json\/wp\/v2\/product_tag?post=35542"}],"curies":[{"name":"wp","href":"https:\/\/api.w.org\/{rel}","templated":true}]}}