{"id":36378,"date":"2017-01-31T15:08:08","date_gmt":"2017-01-31T15:08:08","guid":{"rendered":"http:\/\/odeja.si\/?post_type=product&#038;p=36378"},"modified":"2026-02-26T10:49:35","modified_gmt":"2026-02-26T09:49:35","slug":"navlaka-micro-protect-za-poplun","status":"publish","type":"product","link":"https:\/\/odeja.si\/hr\/navlaka-micro-protect-za-poplun\/","title":{"rendered":"Navlaka Micro Protect za poplun"},"content":{"rendered":"<hr data-sourcepos=\"1:1-1:3\" \/>\n<p data-sourcepos=\"2:1-2:62\"><strong>U\u017eivajte u potpuno \u010distom i svje\u017eem okru\u017eenju za spavanje.<\/strong><\/p>\n<p data-sourcepos=\"4:1-4:156\">Posebna Odejina navlaka Medical Micro Protect onemogu\u0107uje dodir tijela s poplunom u kojem se mo\u017eda zadr\u017eavaju grinje ili vam se ne \u010dini dovoljno \u010distim.<\/p>\n<p data-sourcepos=\"6:1-6:189\">Preporu\u010dujemo je svima koji pate od alergija i astme, svima koji \u017eele maksimalnu \u010disto\u0107u svog okru\u017eenja za spavanje, te svima koji na putovanjima trebaju svoju, provjereno \u010distu posteljinu.<\/p>\n<p data-sourcepos=\"8:1-8:161\">Navlaka za poplun izra\u0111ena je od izuzetno ugodne, prozra\u010dne i lagane tkanine koja je toliko gusto tkana da grinje iz popluna ne mogu prodrijeti do va\u0161e ko\u017ee.<\/p>\n","protected":false},"excerpt":{"rendered":"<p>U\u017eivajte u potpuno \u010distom i svje\u017eem okru\u017eenju za spavanje. Posebna Odejina navlaka Medical Micro Protect onemogu\u0107uje&#8230;<\/p>\n","protected":false},"featured_media":127877,"comment_status":"open","ping_status":"closed","template":"","meta":{"_acf_changed":false},"color":[],"kolekcija":[4979,3384,3385],"label":[4990,4992,4986,4983],"product_feature":[],"product_brand":[],"product_cat":[5795,5698,5759,5815],"product_tag":[5338,5337],"class_list":{"0":"post-36378","1":"product","2":"type-product","3":"status-publish","4":"has-post-thumbnail","6":"kolekcija-adam-in-eva-hr","7":"kolekcija-dream-hr","8":"kolekcija-medical-hr","9":"label-izradeno-od-prirodnih-materijala","10":"label-odgovorna-tvrtka","11":"label-sigurno-za-alergicare-i-astmaticare","12":"label-stvaramo-za-vas-vise-od-90-godina","13":"product_cat-odeja-medical-hr","14":"product_cat-posteljina","15":"product_cat-posteljina-za-alergicare","16":"product_cat-djeca-alergicari-astmaticari","17":"product_tag-antialergijska-navlaka-za-poplun","18":"product_tag-navlaka-za-poplun","19":"pa_collection-medical-5","20":"pa_featured-product-0-50","21":"pa_glavna-znacilnost-enobarvna-tkanina-hr","22":"pa_kakovost-made-in-eu-hr","23":"pa_kakovost-oeko-tex-certifikat-hr-2","24":"pa_kakovost-primerno-za-astmatike-in-alergike-hr","25":"pa_tip-izdelka-posteljnina-8","26":"pa_velikost-135x100-cm-hr","27":"pa_velikost-200x200-cm-hr","28":"pa_velikost-200x260-cm-hr","29":"pa_velikost-200x140-cm-hr","30":"pa_vzdrzevanje-beljenje-ni-dovoljeno-4","31":"pa_vzdrzevanje-likanje-ni-dovoljeno-hr","32":"pa_vzdrzevanje-kemicno-ciscenje-p-hr","33":"pa_vzdrzevanje-pranje-do-95-c-hr","34":"pa_vzdrzevanje-susenje-v-susilnem-stroju-pri-znizani-temperaturi-hr","36":"first","37":"instock","38":"taxable","39":"shipping-taxable","40":"purchasable","41":"product-type-variable"},"acf":[],"_links":{"self":[{"href":"https:\/\/odeja.si\/hr\/wp-json\/wp\/v2\/product\/36378","targetHints":{"allow":["GET"]}}],"collection":[{"href":"https:\/\/odeja.si\/hr\/wp-json\/wp\/v2\/product"}],"about":[{"href":"https:\/\/odeja.si\/hr\/wp-json\/wp\/v2\/types\/product"}],"replies":[{"embeddable":true,"href":"https:\/\/odeja.si\/hr\/wp-json\/wp\/v2\/comments?post=36378"}],"wp:featuredmedia":[{"embeddable":true,"href":"https:\/\/odeja.si\/hr\/wp-json\/wp\/v2\/media\/127877"}],"wp:attachment":[{"href":"https:\/\/odeja.si\/hr\/wp-json\/wp\/v2\/media?parent=36378"}],"wp:term":[{"taxonomy":"color","embeddable":true,"href":"https:\/\/odeja.si\/hr\/wp-json\/wp\/v2\/color?post=36378"},{"taxonomy":"kolekcija","embeddable":true,"href":"https:\/\/odeja.si\/hr\/wp-json\/wp\/v2\/kolekcija?post=36378"},{"taxonomy":"label","embeddable":true,"href":"https:\/\/odeja.si\/hr\/wp-json\/wp\/v2\/label?post=36378"},{"taxonomy":"product_feature","embeddable":true,"href":"https:\/\/odeja.si\/hr\/wp-json\/wp\/v2\/product_feature?post=36378"},{"taxonomy":"product_brand","embeddable":true,"href":"https:\/\/odeja.si\/hr\/wp-json\/wp\/v2\/product_brand?post=36378"},{"taxonomy":"product_cat","embeddable":true,"href":"https:\/\/odeja.si\/hr\/wp-json\/wp\/v2\/product_cat?post=36378"},{"taxonomy":"product_tag","embeddable":true,"href":"https:\/\/odeja.si\/hr\/wp-json\/wp\/v2\/product_tag?post=36378"}],"curies":[{"name":"wp","href":"https:\/\/api.w.org\/{rel}","templated":true}]}}