{"id":36512,"date":"2017-01-31T15:08:09","date_gmt":"2017-01-31T15:08:09","guid":{"rendered":"http:\/\/odeja.si\/?post_type=product&#038;p=36512"},"modified":"2025-07-17T11:31:20","modified_gmt":"2025-07-17T11:31:20","slug":"poplun-camelfil-medium","status":"publish","type":"product","link":"https:\/\/odeja.si\/hr\/poplun-camelfil-medium\/","title":{"rendered":"Poplun Camelfil Medium"},"content":{"rendered":"<p data-sourcepos=\"3:1-3:55\"><strong>U\u017eivajte u kraljevskoj udobnosti tijekom cijele godine.<\/strong><\/p>\n<p data-sourcepos=\"5:1-5:378\">Devina vuna poznata je po svojoj iznimnoj sposobnosti regulacije i akumulacije topline. Savr\u0161ena kombinacija presti\u017ene devine vune i vrhunske pamu\u010dne tkanine stvara uistinu kraljevsku udobnost. Poplun je \u010dudesno topao, ugodno mekan i podatljiv te \u0107e vam omogu\u0107iti cjelovitu regeneraciju i sanjivo opu\u0161tanje. Preporu\u010dujemo ga svima koji \u017eele u\u017eivati u sanjivoj klimi za spavanje.<\/p>\n","protected":false},"excerpt":{"rendered":"<p>U\u017eivajte u kraljevskoj udobnosti tijekom cijele godine. Devina vuna poznata je po svojoj iznimnoj sposobnosti regulacije&#8230;<\/p>\n","protected":false},"featured_media":94914,"comment_status":"open","ping_status":"closed","template":"","meta":{"_acf_changed":false},"color":[],"kolekcija":[5957,3388,3387],"label":[4990,4803,4983],"product_feature":[],"product_brand":[],"product_cat":[5796,5738,5695,5724,5721,5737],"product_tag":[5377,5362,5366,5361],"class_list":{"0":"post-36512","1":"product","2":"type-product","3":"status-publish","4":"has-post-thumbnail","6":"kolekcija-lia-hr","7":"kolekcija-natur-hr","8":"kolekcija-organic-hr","9":"label-izradeno-od-prirodnih-materijala","10":"label-jamstvo-kvalitete","11":"label-stvaramo-za-vas-vise-od-90-godina","12":"product_cat-odeja-natur-hr","13":"product_cat-pamucni-poplun","14":"product_cat-popluni","15":"product_cat-prirodni-popluni","16":"product_cat-srednje-topao-poplun","17":"product_cat-vuneni-poplun","18":"product_tag-cjelogodisnji-pokrivac","19":"product_tag-topao-poplun","20":"product_tag-veoma-topao-polun","21":"product_tag-vuneni-poplun","22":"pa_collection-natur-hr","23":"pa_featured-product-0-50","24":"pa_glavna-znacilnost-kamelja-ali-ovcja-volna-hr","25":"pa_glavna-znacilnost-bombaz-hr","26":"pa_kakovost-made-in-eu-hr","27":"pa_kakovost-oeko-tex-certifikat-hr","28":"pa_tip-izdelka-klasicna-presita-odeja-6","29":"pa_toplotne-karakteristike-zelo-topla-6","30":"pa_velikost-200x200-cm-hr","31":"pa_velikost-200x260-cm-hr","32":"pa_velikost-200x140-cm-hr","33":"pa_vzdrzevanje-beljenje-ni-dovoljeno-4","34":"pa_vzdrzevanje-likanje-ni-dovoljeno-hr","35":"pa_vzdrzevanje-kemicno-ciscenje-p-hr","36":"pa_vzdrzevanje-pranje-izdelka-ni-dovoljeno-hr","37":"pa_vzdrzevanje-susenje-v-susilnem-stroju-ni-dovoljeno-hr","39":"first","40":"instock","41":"taxable","42":"shipping-taxable","43":"purchasable","44":"product-type-variable"},"acf":[],"_links":{"self":[{"href":"https:\/\/odeja.si\/hr\/wp-json\/wp\/v2\/product\/36512","targetHints":{"allow":["GET"]}}],"collection":[{"href":"https:\/\/odeja.si\/hr\/wp-json\/wp\/v2\/product"}],"about":[{"href":"https:\/\/odeja.si\/hr\/wp-json\/wp\/v2\/types\/product"}],"replies":[{"embeddable":true,"href":"https:\/\/odeja.si\/hr\/wp-json\/wp\/v2\/comments?post=36512"}],"wp:featuredmedia":[{"embeddable":true,"href":"https:\/\/odeja.si\/hr\/wp-json\/wp\/v2\/media\/94914"}],"wp:attachment":[{"href":"https:\/\/odeja.si\/hr\/wp-json\/wp\/v2\/media?parent=36512"}],"wp:term":[{"taxonomy":"color","embeddable":true,"href":"https:\/\/odeja.si\/hr\/wp-json\/wp\/v2\/color?post=36512"},{"taxonomy":"kolekcija","embeddable":true,"href":"https:\/\/odeja.si\/hr\/wp-json\/wp\/v2\/kolekcija?post=36512"},{"taxonomy":"label","embeddable":true,"href":"https:\/\/odeja.si\/hr\/wp-json\/wp\/v2\/label?post=36512"},{"taxonomy":"product_feature","embeddable":true,"href":"https:\/\/odeja.si\/hr\/wp-json\/wp\/v2\/product_feature?post=36512"},{"taxonomy":"product_brand","embeddable":true,"href":"https:\/\/odeja.si\/hr\/wp-json\/wp\/v2\/product_brand?post=36512"},{"taxonomy":"product_cat","embeddable":true,"href":"https:\/\/odeja.si\/hr\/wp-json\/wp\/v2\/product_cat?post=36512"},{"taxonomy":"product_tag","embeddable":true,"href":"https:\/\/odeja.si\/hr\/wp-json\/wp\/v2\/product_tag?post=36512"}],"curies":[{"name":"wp","href":"https:\/\/api.w.org\/{rel}","templated":true}]}}