{"id":36841,"date":"2017-01-31T15:08:10","date_gmt":"2017-01-31T15:08:10","guid":{"rendered":"http:\/\/odeja.si\/?post_type=product&#038;p=36841"},"modified":"2025-09-30T23:26:24","modified_gmt":"2025-09-30T21:26:24","slug":"poplun-eva-extra-140x200-cm","status":"publish","type":"product","link":"https:\/\/odeja.si\/hr\/poplun-eva-extra-140x200-cm\/","title":{"rendered":"Poplun Eva Extra 140&#215;200 cm"},"content":{"rendered":"<p data-sourcepos=\"1:1-1:23\"><strong>Voluminozno razvajanje.<\/strong><\/p>\n<p data-sourcepos=\"3:1-3:351\">Ne\u017ena tkanina od pamuka ugodna je na dodir, nje\u017ena i primjerena i za one s osjetljivijom ko\u017eom. U punjenju su mekana poliesterska vlakna koja nude ugodnu toplinu bez pregrijavanja tijela. Poplun preporu\u010dujemo za hladne i negrijane spava\u0107e sobe i svima kojima je \u010desto hladno. Svi materijali u poplunu naime su nje\u017eni i prema osjetljivijim korisnicima.<\/p>\n<p data-sourcepos=\"5:1-5:23\"><strong>Veli\u010dina<\/strong>: 200 x 140 cm.<\/p>\n","protected":false},"excerpt":{"rendered":"<p>Voluminozno razvajanje. Ne\u017ena tkanina od pamuka ugodna je na dodir, nje\u017ena i primjerena i za one&#8230;<\/p>\n","protected":false},"featured_media":94313,"comment_status":"open","ping_status":"closed","template":"","meta":{"_acf_changed":false},"color":[],"kolekcija":[4979,3384,3385],"label":[4990,4992,4988],"product_feature":[],"product_brand":[],"product_cat":[5821,5794,5738,5695,5749],"product_tag":[5356,5367,5362,5376],"class_list":{"0":"post-36841","1":"product","2":"type-product","3":"status-publish","4":"has-post-thumbnail","6":"kolekcija-adam-in-eva-hr","7":"kolekcija-dream-hr","8":"kolekcija-medical-hr","9":"label-izradeno-od-prirodnih-materijala","10":"label-odgovorna-tvrtka","11":"label-prikladno-za-alergicare-i-astmaticare","12":"product_cat-kolekcija-adam-eva-hr","13":"product_cat-odeja-dream-hr","14":"product_cat-pamucni-poplun","15":"product_cat-popluni","16":"product_cat-poplun-inovativnih-materiala","17":"product_tag-antialergijski-poplun","18":"product_tag-poplun-za-alergicare","19":"product_tag-topao-poplun","20":"product_tag-zimski-pokrivac","21":"pa_collection-odeja-5","22":"pa_featured-product-0-50","23":"pa_glavna-znacilnost-bombaz-hr","24":"pa_kakovost-made-in-eu-hr","25":"pa_kakovost-oeko-tex-certifikat-hr","26":"pa_kakovost-primerno-za-astmatike-in-alergike-hr","27":"pa_tip-izdelka-klasicna-presita-odeja-6","28":"pa_toplotne-karakteristike-zelo-topla-6","29":"pa_vasco-sku-021092-hr","30":"pa_vzdrzevanje-beljenje-ni-dovoljeno-4","31":"pa_vzdrzevanje-likanje-ni-dovoljeno-hr","32":"pa_vzdrzevanje-kemicno-ciscenje-p-hr","33":"pa_vzdrzevanje-previdno-pranje-do-60-c-hr","34":"pa_vzdrzevanje-susenje-v-susilnem-stroju-pri-znizani-temperaturi-hr","36":"first","37":"instock","38":"sale","39":"taxable","40":"shipping-taxable","41":"purchasable","42":"product-type-simple"},"acf":[],"_links":{"self":[{"href":"https:\/\/odeja.si\/hr\/wp-json\/wp\/v2\/product\/36841","targetHints":{"allow":["GET"]}}],"collection":[{"href":"https:\/\/odeja.si\/hr\/wp-json\/wp\/v2\/product"}],"about":[{"href":"https:\/\/odeja.si\/hr\/wp-json\/wp\/v2\/types\/product"}],"replies":[{"embeddable":true,"href":"https:\/\/odeja.si\/hr\/wp-json\/wp\/v2\/comments?post=36841"}],"wp:featuredmedia":[{"embeddable":true,"href":"https:\/\/odeja.si\/hr\/wp-json\/wp\/v2\/media\/94313"}],"wp:attachment":[{"href":"https:\/\/odeja.si\/hr\/wp-json\/wp\/v2\/media?parent=36841"}],"wp:term":[{"taxonomy":"color","embeddable":true,"href":"https:\/\/odeja.si\/hr\/wp-json\/wp\/v2\/color?post=36841"},{"taxonomy":"kolekcija","embeddable":true,"href":"https:\/\/odeja.si\/hr\/wp-json\/wp\/v2\/kolekcija?post=36841"},{"taxonomy":"label","embeddable":true,"href":"https:\/\/odeja.si\/hr\/wp-json\/wp\/v2\/label?post=36841"},{"taxonomy":"product_feature","embeddable":true,"href":"https:\/\/odeja.si\/hr\/wp-json\/wp\/v2\/product_feature?post=36841"},{"taxonomy":"product_brand","embeddable":true,"href":"https:\/\/odeja.si\/hr\/wp-json\/wp\/v2\/product_brand?post=36841"},{"taxonomy":"product_cat","embeddable":true,"href":"https:\/\/odeja.si\/hr\/wp-json\/wp\/v2\/product_cat?post=36841"},{"taxonomy":"product_tag","embeddable":true,"href":"https:\/\/odeja.si\/hr\/wp-json\/wp\/v2\/product_tag?post=36841"}],"curies":[{"name":"wp","href":"https:\/\/api.w.org\/{rel}","templated":true}]}}