{"id":36910,"date":"2017-01-31T15:08:10","date_gmt":"2017-01-31T15:08:10","guid":{"rendered":"http:\/\/odeja.si\/?post_type=product&#038;p=36910"},"modified":"2026-02-17T08:29:38","modified_gmt":"2026-02-17T07:29:38","slug":"jastuk-comfort-special-50x70-cm","status":"publish","type":"product","link":"https:\/\/odeja.si\/hr\/jastuk-comfort-special-50x70-cm\/","title":{"rendered":"Jastuk Comfort Special 50&#215;70 cm"},"content":{"rendered":"<p data-sourcepos=\"3:1-3:26\"><strong>Zdrava potpora kralje\u017enici<\/strong><\/p>\n<p data-sourcepos=\"5:1-5:403\">Jastuk ima poseban oblik koji je posebno prikladan za spavanje na le\u0111ima ili na boku jer vam spavanje s ovim jastukom omogu\u0107uje ravan polo\u017eaj kralje\u017enice. Jastuk tako\u0111er nije pretjerano visok i stoga je prikladan za sve koje brinu bore na vratu uzrokovane starenjem. Meko\u0107a i podatnost vrhunskog punila omogu\u0107uju vam da podvijete rubove jastuka ako vam je za spavanje na boku potrebna malo vi\u0161a potpora.<\/p>\n<p data-sourcepos=\"7:1-8:21\"><strong>Veli\u010dina: 50 x 70 cm <\/strong><br \/>\n<strong>Visina jastuka: 10 cm<\/strong><\/p>\n","protected":false},"excerpt":{"rendered":"<p>Zdrava potpora kralje\u017enici Jastuk ima poseban oblik koji je posebno prikladan za spavanje na le\u0111ima ili&#8230;<\/p>\n","protected":false},"featured_media":94769,"comment_status":"open","ping_status":"closed","template":"","meta":{"_acf_changed":false},"color":[],"kolekcija":[4979,3384,3385],"label":[4990,4992,4988,4983],"product_feature":[],"product_brand":[],"product_cat":[5696,5727,5755,5794,5754,5758],"product_tag":[5409,5388,5389],"class_list":{"0":"post-36910","1":"product","2":"type-product","3":"status-publish","4":"has-post-thumbnail","6":"kolekcija-adam-in-eva-hr","7":"kolekcija-dream-hr","8":"kolekcija-medical-hr","9":"label-izradeno-od-prirodnih-materijala","10":"label-odgovorna-tvrtka","11":"label-prikladno-za-alergicare-i-astmaticare","12":"label-stvaramo-za-vas-vise-od-90-godina","13":"product_cat-jastuci","14":"product_cat-jastuci-za-alergicare","15":"product_cat-jastuk-inovativni","16":"product_cat-odeja-dream-hr","17":"product_cat-jastuk-pamucni","18":"product_cat-spavanje-na-ledima","19":"product_tag-antialergijski-jastuci","20":"product_tag-antialergijski-jastuk","21":"product_tag-jastuk-za-alergicare","22":"pa_collection-odeja-5","23":"pa_featured-product-0-50","24":"pa_kakovost-made-in-eu-hr","25":"pa_kakovost-oeko-tex-certifikat-hr","26":"pa_kakovost-primerno-za-astmatike-in-alergike-hr","27":"pa_tip-izdelka-vzglavnik-anatomske-oblike-hr","28":"pa_vasco-sku-018194-hr","29":"pa_vzdrzevanje-beljenje-ni-dovoljeno-4","30":"pa_vzdrzevanje-likanje-ni-dovoljeno-hr","31":"pa_vzdrzevanje-previdno-kemicno-ciscenje-p-hr","32":"pa_vzdrzevanje-previdno-pranje-do-40-c-hr","33":"pa_vzdrzevanje-susenje-v-susilnem-stroju-pri-znizani-temperaturi-hr","35":"first","36":"instock","37":"taxable","38":"shipping-taxable","39":"purchasable","40":"product-type-simple"},"acf":[],"_links":{"self":[{"href":"https:\/\/odeja.si\/hr\/wp-json\/wp\/v2\/product\/36910","targetHints":{"allow":["GET"]}}],"collection":[{"href":"https:\/\/odeja.si\/hr\/wp-json\/wp\/v2\/product"}],"about":[{"href":"https:\/\/odeja.si\/hr\/wp-json\/wp\/v2\/types\/product"}],"replies":[{"embeddable":true,"href":"https:\/\/odeja.si\/hr\/wp-json\/wp\/v2\/comments?post=36910"}],"wp:featuredmedia":[{"embeddable":true,"href":"https:\/\/odeja.si\/hr\/wp-json\/wp\/v2\/media\/94769"}],"wp:attachment":[{"href":"https:\/\/odeja.si\/hr\/wp-json\/wp\/v2\/media?parent=36910"}],"wp:term":[{"taxonomy":"color","embeddable":true,"href":"https:\/\/odeja.si\/hr\/wp-json\/wp\/v2\/color?post=36910"},{"taxonomy":"kolekcija","embeddable":true,"href":"https:\/\/odeja.si\/hr\/wp-json\/wp\/v2\/kolekcija?post=36910"},{"taxonomy":"label","embeddable":true,"href":"https:\/\/odeja.si\/hr\/wp-json\/wp\/v2\/label?post=36910"},{"taxonomy":"product_feature","embeddable":true,"href":"https:\/\/odeja.si\/hr\/wp-json\/wp\/v2\/product_feature?post=36910"},{"taxonomy":"product_brand","embeddable":true,"href":"https:\/\/odeja.si\/hr\/wp-json\/wp\/v2\/product_brand?post=36910"},{"taxonomy":"product_cat","embeddable":true,"href":"https:\/\/odeja.si\/hr\/wp-json\/wp\/v2\/product_cat?post=36910"},{"taxonomy":"product_tag","embeddable":true,"href":"https:\/\/odeja.si\/hr\/wp-json\/wp\/v2\/product_tag?post=36910"}],"curies":[{"name":"wp","href":"https:\/\/api.w.org\/{rel}","templated":true}]}}