{"id":36969,"date":"2017-01-31T15:08:10","date_gmt":"2017-01-31T15:08:10","guid":{"rendered":"http:\/\/odeja.si\/?post_type=product&#038;p=36969"},"modified":"2026-03-07T11:52:49","modified_gmt":"2026-03-07T10:52:49","slug":"jastuk-hygienic-soft","status":"publish","type":"product","link":"https:\/\/odeja.si\/hr\/jastuk-hygienic-soft\/","title":{"rendered":"Jastuk Hygienic Soft"},"content":{"rendered":"<p data-sourcepos=\"1:1-1:37\"><strong>Za sve koji trebaju vrlo \u010dist jastuk.<\/strong><\/p>\n<p data-sourcepos=\"3:1-3:619\">Jastuk je izdr\u017eljiv i namijenjen intenzivnoj uporabi. Njegovo odr\u017eavanje je jednostavno i ekonomi\u010dno. U pro\u0161ivenoj navlaci jastuka nalazi se punjenje koje je pro\u0161iveno tako da ostaje na svom mjestu. U jezgri jastuka nalaze se poliesterske kuglice i poliuretanske ljuskice koje stvaraju osje\u0107aj ugodne meko\u0107e i pru\u017eaju korisniku zdravu potporu tijekom spavanja. Pro\u0161ivenu navlaku na preklop mo\u017eete jednostavno skinuti i zasebno redovito prati na visokoj temperaturi te tako osigurati visoku higijenu jastuka. Jastuk se sastoji od pro\u0161ivene navlake koju mo\u017eete skinuti i prati na 95\u00b0C te jezgre koju mo\u017eete prati na 40\u00b0C.<\/p>\n<p data-sourcepos=\"5:1-7:41\"><strong>Visina jastuka veli\u010dine 60 x 80 cm: 16 cm <\/strong><\/p>\n<p data-sourcepos=\"5:1-7:41\"><strong>Visina jastuka veli\u010dine 50 x 70 cm: 15 cm <\/strong><\/p>\n<p data-sourcepos=\"5:1-7:41\"><strong>Visina jastuka veli\u010dine 40 x 60 cm: 14 cm<\/strong><\/p>\n<p>&nbsp;<\/p>\n","protected":false},"excerpt":{"rendered":"<p>Za sve koji trebaju vrlo \u010dist jastuk. Jastuk je izdr\u017eljiv i namijenjen intenzivnoj uporabi. Njegovo odr\u017eavanje&#8230;<\/p>\n","protected":false},"featured_media":94818,"comment_status":"open","ping_status":"closed","template":"","meta":{"_acf_changed":false},"color":[],"kolekcija":[4979,3384,3385],"label":[4990,4992,4986,4983],"product_feature":[],"product_brand":[],"product_cat":[5696,5727,5755,5726,5794,5756],"product_tag":[5409,5388,5389],"class_list":{"0":"post-36969","1":"product","2":"type-product","3":"status-publish","4":"has-post-thumbnail","6":"kolekcija-adam-in-eva-hr","7":"kolekcija-dream-hr","8":"kolekcija-medical-hr","9":"label-izradeno-od-prirodnih-materijala","10":"label-odgovorna-tvrtka","11":"label-sigurno-za-alergicare-i-astmaticare","12":"label-stvaramo-za-vas-vise-od-90-godina","13":"product_cat-jastuci","14":"product_cat-jastuci-za-alergicare","15":"product_cat-jastuk-inovativni","16":"product_cat-klasicni-jastuk","17":"product_cat-odeja-dream-hr","18":"product_cat-spavanje-na-trbuhu","19":"product_tag-antialergijski-jastuci","20":"product_tag-antialergijski-jastuk","21":"product_tag-jastuk-za-alergicare","22":"pa_collection-odeja-5","23":"pa_featured-product-0-50","24":"pa_kakovost-made-in-eu-hr","25":"pa_kakovost-oeko-tex-certifikat-hr","26":"pa_kakovost-primerno-za-astmatike-in-alergike-hr","27":"pa_tip-izdelka-klasicni-vzglavnik-hr","28":"pa_velikost-40x60-cm-hr","29":"pa_velikost-50x70-cm-hr","30":"pa_velikost-60x80-cm-hr","31":"pa_velikost-70x70-cm-hr","32":"pa_vzdrzevanje-jedra-izbjeljivanje-nije-dozvoljeno-10","33":"pa_vzdrzevanje-jedra-kemijsko-ciscenje-p-7","34":"pa_vzdrzevanje-jedra-lagano-pranje-do-60c-4","35":"pa_vzdrzevanje-jedra-peglanje-nije-dozvoljeno-7","36":"pa_vzdrzevanje-jedra-susenje-u-susilici-na-snizenoj-temperaturi-7","37":"pa_vzdrzevanje-prevleke-izbjeljivanje-nije-dozvoljeno-9","38":"pa_vzdrzevanje-prevleke-kemijsko-ciscenje-p-6","39":"pa_vzdrzevanje-prevleke-pazljivo-pranje-do-95-c-hr","40":"pa_vzdrzevanje-prevleke-peglanje-nije-dozvoljeno-6","41":"pa_vzdrzevanje-prevleke-susenje-u-susilici-na-snizenoj-temperaturi-4","43":"first","44":"instock","45":"taxable","46":"shipping-taxable","47":"purchasable","48":"product-type-variable"},"acf":[],"_links":{"self":[{"href":"https:\/\/odeja.si\/hr\/wp-json\/wp\/v2\/product\/36969","targetHints":{"allow":["GET"]}}],"collection":[{"href":"https:\/\/odeja.si\/hr\/wp-json\/wp\/v2\/product"}],"about":[{"href":"https:\/\/odeja.si\/hr\/wp-json\/wp\/v2\/types\/product"}],"replies":[{"embeddable":true,"href":"https:\/\/odeja.si\/hr\/wp-json\/wp\/v2\/comments?post=36969"}],"wp:featuredmedia":[{"embeddable":true,"href":"https:\/\/odeja.si\/hr\/wp-json\/wp\/v2\/media\/94818"}],"wp:attachment":[{"href":"https:\/\/odeja.si\/hr\/wp-json\/wp\/v2\/media?parent=36969"}],"wp:term":[{"taxonomy":"color","embeddable":true,"href":"https:\/\/odeja.si\/hr\/wp-json\/wp\/v2\/color?post=36969"},{"taxonomy":"kolekcija","embeddable":true,"href":"https:\/\/odeja.si\/hr\/wp-json\/wp\/v2\/kolekcija?post=36969"},{"taxonomy":"label","embeddable":true,"href":"https:\/\/odeja.si\/hr\/wp-json\/wp\/v2\/label?post=36969"},{"taxonomy":"product_feature","embeddable":true,"href":"https:\/\/odeja.si\/hr\/wp-json\/wp\/v2\/product_feature?post=36969"},{"taxonomy":"product_brand","embeddable":true,"href":"https:\/\/odeja.si\/hr\/wp-json\/wp\/v2\/product_brand?post=36969"},{"taxonomy":"product_cat","embeddable":true,"href":"https:\/\/odeja.si\/hr\/wp-json\/wp\/v2\/product_cat?post=36969"},{"taxonomy":"product_tag","embeddable":true,"href":"https:\/\/odeja.si\/hr\/wp-json\/wp\/v2\/product_tag?post=36969"}],"curies":[{"name":"wp","href":"https:\/\/api.w.org\/{rel}","templated":true}]}}