{"id":36992,"date":"2018-10-15T11:12:43","date_gmt":"2018-10-15T11:12:43","guid":{"rendered":"http:\/\/odeja.si\/?post_type=product&#038;p=36992"},"modified":"2026-04-08T12:41:59","modified_gmt":"2026-04-08T11:41:59","slug":"jastuk-merinofil-medium","status":"publish","type":"product","link":"https:\/\/odeja.si\/hr\/jastuk-merinofil-medium\/","title":{"rendered":"Jastuk Merinofil Medium"},"content":{"rendered":"<p data-sourcepos=\"1:1-1:47\"><strong>Upoznajte okrepljuju\u0107a svojstva ov\u010dje vune.<\/strong><\/p>\n<p data-sourcepos=\"3:1-3:423\">Jastuk nudi zdravu potporu i nje\u017enu toplinu, a istovremeno zbog visoke prozra\u010dnosti i hidrofili\u010dnosti vune ne uzrokuje no\u0107no znojenje ovdje u \u0160kofji Loki. Mogu\u0107nost pranja uklonjive navlake i samo\u010diste\u0107a svojstva vune osiguravaju da \u0107e jastuk zadr\u017eati svoju svje\u017einu. Patentni zatvara\u010d u perivoj pro\u0161ivenoj navlaci omogu\u0107uje da oduzimanjem i dodavanjem punila jastuka prilagodite njegovu visinu i meko\u0107u svojim \u017eeljama.<\/p>\n<p data-sourcepos=\"5:1-6:46\"><strong>Visina jastuka dimenzija 60 x 80 cm: 20 cm<\/strong><\/p>\n<p data-sourcepos=\"5:1-6:46\"><strong>Visina jastuka dimenzija 50 x 70 cm: 19 cm<\/strong><\/p>\n<p>&nbsp;<\/p>\n","protected":false},"excerpt":{"rendered":"<p>Upoznajte okrepljuju\u0107a svojstva ov\u010dje vune. Jastuk nudi zdravu potporu i nje\u017enu toplinu, a istovremeno zbog visoke&#8230;<\/p>\n","protected":false},"featured_media":94740,"comment_status":"open","ping_status":"closed","template":"","meta":{"_acf_changed":false},"color":[],"kolekcija":[5957,3388,3387],"label":[4990,4803,4983],"product_feature":[],"product_brand":[],"product_cat":[5696,5740,5726,5796,5754,5741,5751,5757,5758],"product_tag":[5407,5406],"class_list":{"0":"post-36992","1":"product","2":"type-product","3":"status-publish","4":"has-post-thumbnail","6":"kolekcija-lia-hr","7":"kolekcija-natur-hr","8":"kolekcija-organic-hr","9":"label-izradeno-od-prirodnih-materijala","10":"label-jamstvo-kvalitete","11":"label-stvaramo-za-vas-vise-od-90-godina","12":"product_cat-jastuci","13":"product_cat-jastuk-od-prirodnih-materijala","14":"product_cat-klasicni-jastuk","15":"product_cat-odeja-natur-hr","16":"product_cat-jastuk-pamucni","17":"product_cat-podesivi-jastuci","18":"product_cat-vuneni-jastuk","19":"product_cat-spavanje-na-boku","20":"product_cat-spavanje-na-ledima","21":"product_tag-jastuk-sa-vuno","22":"product_tag-vuneni-jastuk","23":"pa_collection-natur-hr","24":"pa_featured-product-0-50","25":"pa_glavna-znacilnost-kamelja-ali-ovcja-volna-hr","26":"pa_kakovost-made-in-eu-hr","27":"pa_kakovost-oeko-tex-certifikat-hr","28":"pa_tip-izdelka-klasicni-vzglavnik-hr","29":"pa_velikost-50x70-cm-hr","30":"pa_velikost-60x80-cm-hr","31":"pa_vzdrzevanje-jedra-izbjeljivanje-nije-dozvoljeno-10","32":"pa_vzdrzevanje-jedra-pazljivo-kemijsko-ciscenje-p-7","33":"pa_vzdrzevanje-jedra-peglanje-nije-dozvoljeno-7","34":"pa_vzdrzevanje-jedra-pranje-proizvoda-nije-dozvoljeno-4","35":"pa_vzdrzevanje-jedra-susenje-u-susilici-nije-dozvoljeno-7","36":"pa_vzdrzevanje-prevleke-izbjeljivanje-nije-dozvoljeno-9","37":"pa_vzdrzevanje-prevleke-pazljivo-kemijsko-ciscenje-p-6","38":"pa_vzdrzevanje-prevleke-peglanje-nije-dozvoljeno-6","39":"pa_vzdrzevanje-prevleke-susenje-u-susilici-nije-dozvoljeno-6","40":"pa_vzdrzevanje-prevleke-vrlo-blaga-mehanicka-obrada-na-temperaturama-do-30c-hr","42":"first","43":"instock","44":"taxable","45":"shipping-taxable","46":"purchasable","47":"product-type-variable"},"acf":[],"_links":{"self":[{"href":"https:\/\/odeja.si\/hr\/wp-json\/wp\/v2\/product\/36992","targetHints":{"allow":["GET"]}}],"collection":[{"href":"https:\/\/odeja.si\/hr\/wp-json\/wp\/v2\/product"}],"about":[{"href":"https:\/\/odeja.si\/hr\/wp-json\/wp\/v2\/types\/product"}],"replies":[{"embeddable":true,"href":"https:\/\/odeja.si\/hr\/wp-json\/wp\/v2\/comments?post=36992"}],"wp:featuredmedia":[{"embeddable":true,"href":"https:\/\/odeja.si\/hr\/wp-json\/wp\/v2\/media\/94740"}],"wp:attachment":[{"href":"https:\/\/odeja.si\/hr\/wp-json\/wp\/v2\/media?parent=36992"}],"wp:term":[{"taxonomy":"color","embeddable":true,"href":"https:\/\/odeja.si\/hr\/wp-json\/wp\/v2\/color?post=36992"},{"taxonomy":"kolekcija","embeddable":true,"href":"https:\/\/odeja.si\/hr\/wp-json\/wp\/v2\/kolekcija?post=36992"},{"taxonomy":"label","embeddable":true,"href":"https:\/\/odeja.si\/hr\/wp-json\/wp\/v2\/label?post=36992"},{"taxonomy":"product_feature","embeddable":true,"href":"https:\/\/odeja.si\/hr\/wp-json\/wp\/v2\/product_feature?post=36992"},{"taxonomy":"product_brand","embeddable":true,"href":"https:\/\/odeja.si\/hr\/wp-json\/wp\/v2\/product_brand?post=36992"},{"taxonomy":"product_cat","embeddable":true,"href":"https:\/\/odeja.si\/hr\/wp-json\/wp\/v2\/product_cat?post=36992"},{"taxonomy":"product_tag","embeddable":true,"href":"https:\/\/odeja.si\/hr\/wp-json\/wp\/v2\/product_tag?post=36992"}],"curies":[{"name":"wp","href":"https:\/\/api.w.org\/{rel}","templated":true}]}}