{"id":37018,"date":"2017-01-31T15:08:10","date_gmt":"2017-01-31T15:08:10","guid":{"rendered":"http:\/\/odeja.si\/?post_type=product&#038;p=37018"},"modified":"2025-11-22T18:06:34","modified_gmt":"2025-11-22T17:06:34","slug":"jastuk-relax-soft","status":"publish","type":"product","link":"https:\/\/odeja.si\/hr\/jastuk-relax-soft\/","title":{"rendered":"Jastuk Relax Soft"},"content":{"rendered":"<p data-sourcepos=\"1:1-1:23\"><strong>Meko\u0107a i voluminoznost.<\/strong><\/p>\n<p data-sourcepos=\"3:1-3:332\">Jastuk odlikuju pro\u0161ivena navlaka te prekrasno mekano punjenje koje je izrazito lagano i prozra\u010dno. Materijali jastuka uspje\u0161no odvode tjelesnu vlagu u prostor i time sprje\u010davaju pregrijavanje glave i vrata te na taj na\u010din omogu\u0107uju mirniji san. Jastuk je iznimno mekan i voluminozan, stoga je spavanje na njemu udobno i opu\u0161taju\u0107e.<\/p>\n<p data-sourcepos=\"5:1-6:41\"><strong>Visina jastuka veli\u010dine 60 x 80 cm: 18 cm <\/strong><\/p>\n<p data-sourcepos=\"5:1-6:41\"><strong>Visina jastuka veli\u010dine 50 x 70 cm: 15 cm<\/strong><\/p>\n<p>&nbsp;<\/p>\n","protected":false},"excerpt":{"rendered":"<p>Meko\u0107a i voluminoznost. Jastuk odlikuju pro\u0161ivena navlaka te prekrasno mekano punjenje koje je izrazito lagano i&#8230;<\/p>\n","protected":false},"featured_media":94711,"comment_status":"open","ping_status":"closed","template":"","meta":{"_acf_changed":false},"color":[],"kolekcija":[4979,3384,3385],"label":[4992,4988,4983],"product_feature":[],"product_brand":[],"product_cat":[5696,5755,5726,5794,5756],"product_tag":[5388,5389],"class_list":{"0":"post-37018","1":"product","2":"type-product","3":"status-publish","4":"has-post-thumbnail","6":"kolekcija-adam-in-eva-hr","7":"kolekcija-dream-hr","8":"kolekcija-medical-hr","9":"label-odgovorna-tvrtka","10":"label-prikladno-za-alergicare-i-astmaticare","11":"label-stvaramo-za-vas-vise-od-90-godina","12":"product_cat-jastuci","13":"product_cat-jastuk-inovativni","14":"product_cat-klasicni-jastuk","15":"product_cat-odeja-dream-hr","16":"product_cat-spavanje-na-trbuhu","17":"product_tag-antialergijski-jastuk","18":"product_tag-jastuk-za-alergicare","19":"pa_collection-odeja-5","20":"pa_featured-product-0-50","21":"pa_kakovost-made-in-eu-hr","22":"pa_kakovost-oeko-tex-certifikat-hr","23":"pa_kakovost-primerno-za-astmatike-in-alergike-hr","24":"pa_tip-izdelka-klasicni-vzglavnik-hr","25":"pa_velikost-50x70-cm-hr","26":"pa_velikost-60x80-cm-hr","27":"pa_vzdrzevanje-beljenje-ni-dovoljeno-4","28":"pa_vzdrzevanje-likanje-ni-dovoljeno-hr","29":"pa_vzdrzevanje-kemicno-ciscenje-p-hr","30":"pa_vzdrzevanje-previdno-pranje-do-40-c-hr","31":"pa_vzdrzevanje-susenje-v-susilnem-stroju-pri-znizani-temperaturi-hr","33":"first","34":"instock","35":"taxable","36":"shipping-taxable","37":"purchasable","38":"product-type-variable"},"acf":[],"_links":{"self":[{"href":"https:\/\/odeja.si\/hr\/wp-json\/wp\/v2\/product\/37018","targetHints":{"allow":["GET"]}}],"collection":[{"href":"https:\/\/odeja.si\/hr\/wp-json\/wp\/v2\/product"}],"about":[{"href":"https:\/\/odeja.si\/hr\/wp-json\/wp\/v2\/types\/product"}],"replies":[{"embeddable":true,"href":"https:\/\/odeja.si\/hr\/wp-json\/wp\/v2\/comments?post=37018"}],"wp:featuredmedia":[{"embeddable":true,"href":"https:\/\/odeja.si\/hr\/wp-json\/wp\/v2\/media\/94711"}],"wp:attachment":[{"href":"https:\/\/odeja.si\/hr\/wp-json\/wp\/v2\/media?parent=37018"}],"wp:term":[{"taxonomy":"color","embeddable":true,"href":"https:\/\/odeja.si\/hr\/wp-json\/wp\/v2\/color?post=37018"},{"taxonomy":"kolekcija","embeddable":true,"href":"https:\/\/odeja.si\/hr\/wp-json\/wp\/v2\/kolekcija?post=37018"},{"taxonomy":"label","embeddable":true,"href":"https:\/\/odeja.si\/hr\/wp-json\/wp\/v2\/label?post=37018"},{"taxonomy":"product_feature","embeddable":true,"href":"https:\/\/odeja.si\/hr\/wp-json\/wp\/v2\/product_feature?post=37018"},{"taxonomy":"product_brand","embeddable":true,"href":"https:\/\/odeja.si\/hr\/wp-json\/wp\/v2\/product_brand?post=37018"},{"taxonomy":"product_cat","embeddable":true,"href":"https:\/\/odeja.si\/hr\/wp-json\/wp\/v2\/product_cat?post=37018"},{"taxonomy":"product_tag","embeddable":true,"href":"https:\/\/odeja.si\/hr\/wp-json\/wp\/v2\/product_tag?post=37018"}],"curies":[{"name":"wp","href":"https:\/\/api.w.org\/{rel}","templated":true}]}}