{"id":37082,"date":"2018-10-18T06:52:14","date_gmt":"2018-10-18T06:52:14","guid":{"rendered":"http:\/\/odeja.si\/?post_type=product&#038;p=37082"},"modified":"2026-03-25T11:08:31","modified_gmt":"2026-03-25T10:08:31","slug":"jastuk-medical-special","status":"publish","type":"product","link":"https:\/\/odeja.si\/hr\/jastuk-medical-special\/","title":{"rendered":"Jastuk Medical Special"},"content":{"rendered":"<p data-sourcepos=\"3:1-3:31\"><strong>Mogu\u0107nost prilago\u0111avanja visine<\/strong><\/p>\n<p data-sourcepos=\"5:1-5:510\">Tkanina s aktivnom za\u0161titom Allergo-Protection dokazano sprje\u010dava razvoj grinja i \u0161tetnih bakterija. U punilu pro\u0161ivene navlake nalaze se Sensi-Care vlakna, tako\u0111er obra\u0111ena protiv grinja. Ulo\u017eak u jezgri jastuka punjen je mekanim punilom koje daje prozra\u010dnost i volumen te je tako\u0111er periv. Pro\u0161ivena navlaka ima patentni zatvara\u010d, stoga je mo\u017eete jednostavno skinuti i zasebno oprati. Patentni zatvara\u010d je u\u0161iven i u ulo\u017eak jastuka, \u0161to omogu\u0107uje prilago\u0111avanje visine. Prikladan je za sve polo\u017eaje spavanja.<\/p>\n<p data-sourcepos=\"7:1-9:41\"><strong>Visina jastuka veli\u010dine 60 x 80 cm: 22 cm <\/strong><\/p>\n<p data-sourcepos=\"7:1-9:41\"><strong>Visina jastuka veli\u010dine 50 x 70 cm: 18 cm <\/strong><\/p>\n<p>&nbsp;<\/p>\n","protected":false},"excerpt":{"rendered":"<p>Mogu\u0107nost prilago\u0111avanja visine Tkanina s aktivnom za\u0161titom Allergo-Protection dokazano sprje\u010dava razvoj grinja i \u0161tetnih bakterija. U&#8230;<\/p>\n","protected":false},"featured_media":94789,"comment_status":"open","ping_status":"closed","template":"","meta":{"_acf_changed":false},"color":[],"kolekcija":[4979,3384,3385],"label":[4990,4992,4986,4983],"product_feature":[],"product_brand":[],"product_cat":[5696,5727,5755,5726,5795,5741,5757,5758,5756],"product_tag":[5409,5388,5389],"class_list":{"0":"post-37082","1":"product","2":"type-product","3":"status-publish","4":"has-post-thumbnail","6":"kolekcija-adam-in-eva-hr","7":"kolekcija-dream-hr","8":"kolekcija-medical-hr","9":"label-izradeno-od-prirodnih-materijala","10":"label-odgovorna-tvrtka","11":"label-sigurno-za-alergicare-i-astmaticare","12":"label-stvaramo-za-vas-vise-od-90-godina","13":"product_cat-jastuci","14":"product_cat-jastuci-za-alergicare","15":"product_cat-jastuk-inovativni","16":"product_cat-klasicni-jastuk","17":"product_cat-odeja-medical-hr","18":"product_cat-podesivi-jastuci","19":"product_cat-spavanje-na-boku","20":"product_cat-spavanje-na-ledima","21":"product_cat-spavanje-na-trbuhu","22":"product_tag-antialergijski-jastuci","23":"product_tag-antialergijski-jastuk","24":"product_tag-jastuk-za-alergicare","25":"pa_collection-medical-5","26":"pa_featured-product-0-50","27":"pa_glavna-znacilnost-pralno-hr","28":"pa_glavna-znacilnost-primerno-za-alergike-in-astmatike-hr","29":"pa_kakovost-made-in-eu-hr","30":"pa_kakovost-oeko-tex-certifikat-hr","31":"pa_kakovost-primerno-za-astmatike-in-alergike-hr","32":"pa_tip-izdelka-klasicni-vzglavnik-hr","33":"pa_velikost-40x60-cm-hr","34":"pa_velikost-50x70-cm-hr","35":"pa_velikost-60x80-cm-hr","36":"pa_vzdrzevanje-beljenje-ni-dovoljeno-4","37":"pa_vzdrzevanje-likanje-ni-dovoljeno-hr","38":"pa_vzdrzevanje-kemicno-ciscenje-p-hr","39":"pa_vzdrzevanje-previdno-pranje-do-60-c-hr","40":"pa_vzdrzevanje-susenje-v-susilnem-stroju-pri-znizani-temperaturi-hr","42":"first","43":"instock","44":"taxable","45":"shipping-taxable","46":"purchasable","47":"product-type-variable"},"acf":[],"_links":{"self":[{"href":"https:\/\/odeja.si\/hr\/wp-json\/wp\/v2\/product\/37082","targetHints":{"allow":["GET"]}}],"collection":[{"href":"https:\/\/odeja.si\/hr\/wp-json\/wp\/v2\/product"}],"about":[{"href":"https:\/\/odeja.si\/hr\/wp-json\/wp\/v2\/types\/product"}],"replies":[{"embeddable":true,"href":"https:\/\/odeja.si\/hr\/wp-json\/wp\/v2\/comments?post=37082"}],"wp:featuredmedia":[{"embeddable":true,"href":"https:\/\/odeja.si\/hr\/wp-json\/wp\/v2\/media\/94789"}],"wp:attachment":[{"href":"https:\/\/odeja.si\/hr\/wp-json\/wp\/v2\/media?parent=37082"}],"wp:term":[{"taxonomy":"color","embeddable":true,"href":"https:\/\/odeja.si\/hr\/wp-json\/wp\/v2\/color?post=37082"},{"taxonomy":"kolekcija","embeddable":true,"href":"https:\/\/odeja.si\/hr\/wp-json\/wp\/v2\/kolekcija?post=37082"},{"taxonomy":"label","embeddable":true,"href":"https:\/\/odeja.si\/hr\/wp-json\/wp\/v2\/label?post=37082"},{"taxonomy":"product_feature","embeddable":true,"href":"https:\/\/odeja.si\/hr\/wp-json\/wp\/v2\/product_feature?post=37082"},{"taxonomy":"product_brand","embeddable":true,"href":"https:\/\/odeja.si\/hr\/wp-json\/wp\/v2\/product_brand?post=37082"},{"taxonomy":"product_cat","embeddable":true,"href":"https:\/\/odeja.si\/hr\/wp-json\/wp\/v2\/product_cat?post=37082"},{"taxonomy":"product_tag","embeddable":true,"href":"https:\/\/odeja.si\/hr\/wp-json\/wp\/v2\/product_tag?post=37082"}],"curies":[{"name":"wp","href":"https:\/\/api.w.org\/{rel}","templated":true}]}}