{"id":37106,"date":"2018-10-18T06:51:48","date_gmt":"2018-10-18T06:51:48","guid":{"rendered":"http:\/\/odeja.si\/?post_type=product&#038;p=37106"},"modified":"2026-02-11T18:46:17","modified_gmt":"2026-02-11T17:46:17","slug":"jastuk-medical-soft","status":"publish","type":"product","link":"https:\/\/odeja.si\/hr\/jastuk-medical-soft\/","title":{"rendered":"Jastuk Medical Soft"},"content":{"rendered":"<p data-sourcepos=\"1:1-1:51\"><strong>Udobna potpora glave za osjetljive i zahtjevne.<\/strong><\/p>\n<p data-sourcepos=\"3:1-3:282\">Tkanina s aktivnom za\u0161titom Allergo-Protection sprje\u010dava razvoj grinja i \u0161tetnih bakterija. U punjenju pro\u0161iva za jastuk su mekana Sensi-Care vlakna, posebno dizajnirana za alergi\u010dare i astmati\u010dare. Jastuk je punjen iznimno mekanim punjenjem. Primjeren za sve polo\u017eaje spavanja.<\/p>\n<p data-sourcepos=\"5:1-7:46\">Visina jastuka dimenzija 60 x 80 cm: 20 cm<br \/>\nVisina jastuka dimenzija 50 x 70 cm: 18 cm<br \/>\nVisina jastuka dimenzija 40 x 60 cm: 16 cm<\/p>\n<p>&nbsp;<\/p>\n","protected":false},"excerpt":{"rendered":"<p>Udobna potpora glave za osjetljive i zahtjevne. Tkanina s aktivnom za\u0161titom Allergo-Protection sprje\u010dava razvoj grinja i&#8230;<\/p>\n","protected":false},"featured_media":94699,"comment_status":"open","ping_status":"closed","template":"","meta":{"_acf_changed":false},"color":[],"kolekcija":[4979,3384,3385],"label":[4990,4992,4986],"product_feature":[],"product_brand":[],"product_cat":[5696,5727,5755,5726,5795,5756],"product_tag":[5388,5389],"class_list":{"0":"post-37106","1":"product","2":"type-product","3":"status-publish","4":"has-post-thumbnail","6":"kolekcija-adam-in-eva-hr","7":"kolekcija-dream-hr","8":"kolekcija-medical-hr","9":"label-izradeno-od-prirodnih-materijala","10":"label-odgovorna-tvrtka","11":"label-sigurno-za-alergicare-i-astmaticare","12":"product_cat-jastuci","13":"product_cat-jastuci-za-alergicare","14":"product_cat-jastuk-inovativni","15":"product_cat-klasicni-jastuk","16":"product_cat-odeja-medical-hr","17":"product_cat-spavanje-na-trbuhu","18":"product_tag-antialergijski-jastuk","19":"product_tag-jastuk-za-alergicare","20":"pa_collection-medical-5","21":"pa_featured-product-0-50","22":"pa_glavna-znacilnost-pralno-hr","23":"pa_glavna-znacilnost-primerno-za-alergike-in-astmatike-hr","24":"pa_kakovost-oeko-tex-certifikat-hr","25":"pa_kakovost-primerno-za-astmatike-in-alergike-hr","26":"pa_tip-izdelka-klasicni-vzglavnik-hr","27":"pa_velikost-50x70-cm-hr","28":"pa_velikost-60x80-cm-hr","29":"pa_vzdrzevanje-beljenje-ni-dovoljeno-4","30":"pa_vzdrzevanje-likanje-ni-dovoljeno-hr","31":"pa_vzdrzevanje-kemicno-ciscenje-p-hr","32":"pa_vzdrzevanje-pranje-do-60-c-hr","33":"pa_vzdrzevanje-susenje-v-susilnem-stroju-pri-znizani-temperaturi-hr","35":"first","36":"instock","37":"taxable","38":"shipping-taxable","39":"purchasable","40":"product-type-variable"},"acf":[],"_links":{"self":[{"href":"https:\/\/odeja.si\/hr\/wp-json\/wp\/v2\/product\/37106","targetHints":{"allow":["GET"]}}],"collection":[{"href":"https:\/\/odeja.si\/hr\/wp-json\/wp\/v2\/product"}],"about":[{"href":"https:\/\/odeja.si\/hr\/wp-json\/wp\/v2\/types\/product"}],"replies":[{"embeddable":true,"href":"https:\/\/odeja.si\/hr\/wp-json\/wp\/v2\/comments?post=37106"}],"wp:featuredmedia":[{"embeddable":true,"href":"https:\/\/odeja.si\/hr\/wp-json\/wp\/v2\/media\/94699"}],"wp:attachment":[{"href":"https:\/\/odeja.si\/hr\/wp-json\/wp\/v2\/media?parent=37106"}],"wp:term":[{"taxonomy":"color","embeddable":true,"href":"https:\/\/odeja.si\/hr\/wp-json\/wp\/v2\/color?post=37106"},{"taxonomy":"kolekcija","embeddable":true,"href":"https:\/\/odeja.si\/hr\/wp-json\/wp\/v2\/kolekcija?post=37106"},{"taxonomy":"label","embeddable":true,"href":"https:\/\/odeja.si\/hr\/wp-json\/wp\/v2\/label?post=37106"},{"taxonomy":"product_feature","embeddable":true,"href":"https:\/\/odeja.si\/hr\/wp-json\/wp\/v2\/product_feature?post=37106"},{"taxonomy":"product_brand","embeddable":true,"href":"https:\/\/odeja.si\/hr\/wp-json\/wp\/v2\/product_brand?post=37106"},{"taxonomy":"product_cat","embeddable":true,"href":"https:\/\/odeja.si\/hr\/wp-json\/wp\/v2\/product_cat?post=37106"},{"taxonomy":"product_tag","embeddable":true,"href":"https:\/\/odeja.si\/hr\/wp-json\/wp\/v2\/product_tag?post=37106"}],"curies":[{"name":"wp","href":"https:\/\/api.w.org\/{rel}","templated":true}]}}