{"id":37148,"date":"2017-01-31T15:08:10","date_gmt":"2017-01-31T15:08:10","guid":{"rendered":"http:\/\/odeja.si\/?post_type=product&#038;p=37148"},"modified":"2026-04-01T09:27:47","modified_gmt":"2026-04-01T08:27:47","slug":"nadmadrac-natur-double-comfort","status":"publish","type":"product","link":"https:\/\/odeja.si\/hr\/nadmadrac-natur-double-comfort\/","title":{"rendered":"Nadmadrac Natur Double Comfort"},"content":{"rendered":"<p><strong>U\u017eivajte u prirodnoj udobnosti cijelu godinu<\/strong><br \/>\nDebljina nadmadraca odu\u0161evit \u0107e vas svojom udobno\u0161\u0107u, a sastav iznimnom funkcionalno\u0161\u0107u. Za vunu i pamuk u nadmadracu je karakteristi\u010dno da ne zadr\u017eavaju vlagu i u\u010dinkovito reguliraju temperaturu. Nadmadrac ima dvije strane; na jednoj je strani pamu\u010dno punilo, koje je idealno za toplije godi\u0161nje doba, dok je punilo od vrhunske ov\u010dje vune na drugoj strani izvrsno za hladnije no\u0107i. Promi\u0161ljena sastava nadmadraca sprje\u010dava pregrijavanje tijela i stoga omogu\u0107uje potpun odmor bez no\u0107nog znojenja.<\/p>\n","protected":false},"excerpt":{"rendered":"<p>U\u017eivajte u prirodnoj udobnosti cijelu godinu Debljina nadmadraca odu\u0161evit \u0107e vas svojom udobno\u0161\u0107u, a sastav iznimnom&#8230;<\/p>\n","protected":false},"featured_media":94619,"comment_status":"open","ping_status":"closed","template":"","meta":{"_acf_changed":false},"color":[],"kolekcija":[5957,3388,3387],"label":[4990,4803,4983],"product_feature":[],"product_brand":[],"product_cat":[5697,5796],"product_tag":[5395],"class_list":{"0":"post-37148","1":"product","2":"type-product","3":"status-publish","4":"has-post-thumbnail","6":"kolekcija-lia-hr","7":"kolekcija-natur-hr","8":"kolekcija-organic-hr","9":"label-izradeno-od-prirodnih-materijala","10":"label-jamstvo-kvalitete","11":"label-stvaramo-za-vas-vise-od-90-godina","12":"product_cat-nadmadraci","13":"product_cat-odeja-natur-hr","14":"product_tag-nadmadrac-hr","15":"pa_collection-natur-hr","16":"pa_featured-product-0-50","17":"pa_glavna-znacilnost-bombaz-hr","18":"pa_kakovost-made-in-eu-hr","19":"pa_kakovost-oeko-tex-certifikat-hr","20":"pa_tip-izdelka-nadvlozek-hr","21":"pa_velikost-190x180-cm-hr","22":"pa_velikost-190x90-cm-hr","23":"pa_velikost-200x100-cm-hr","24":"pa_velikost-200x120-cm-hr","25":"pa_velikost-200x160-cm-hr","26":"pa_velikost-200x180-cm-hr","27":"pa_velikost-200x200-cm-hr","28":"pa_velikost-200x90-cm-hr","29":"pa_velikost-200x140-cm-hr","30":"pa_velikost-220x90-cm-hr","31":"pa_vzdrzevanje-beljenje-ni-dovoljeno-4","32":"pa_vzdrzevanje-likanje-ni-dovoljeno-hr","33":"pa_vzdrzevanje-previdno-kemicno-ciscenje-p-hr","34":"pa_vzdrzevanje-previdno-pranje-do-30-c-hr","35":"pa_vzdrzevanje-susenje-v-susilnem-stroju-ni-dovoljeno-hr","37":"first","38":"instock","39":"taxable","40":"shipping-taxable","41":"purchasable","42":"product-type-variable"},"acf":[],"_links":{"self":[{"href":"https:\/\/odeja.si\/hr\/wp-json\/wp\/v2\/product\/37148","targetHints":{"allow":["GET"]}}],"collection":[{"href":"https:\/\/odeja.si\/hr\/wp-json\/wp\/v2\/product"}],"about":[{"href":"https:\/\/odeja.si\/hr\/wp-json\/wp\/v2\/types\/product"}],"replies":[{"embeddable":true,"href":"https:\/\/odeja.si\/hr\/wp-json\/wp\/v2\/comments?post=37148"}],"wp:featuredmedia":[{"embeddable":true,"href":"https:\/\/odeja.si\/hr\/wp-json\/wp\/v2\/media\/94619"}],"wp:attachment":[{"href":"https:\/\/odeja.si\/hr\/wp-json\/wp\/v2\/media?parent=37148"}],"wp:term":[{"taxonomy":"color","embeddable":true,"href":"https:\/\/odeja.si\/hr\/wp-json\/wp\/v2\/color?post=37148"},{"taxonomy":"kolekcija","embeddable":true,"href":"https:\/\/odeja.si\/hr\/wp-json\/wp\/v2\/kolekcija?post=37148"},{"taxonomy":"label","embeddable":true,"href":"https:\/\/odeja.si\/hr\/wp-json\/wp\/v2\/label?post=37148"},{"taxonomy":"product_feature","embeddable":true,"href":"https:\/\/odeja.si\/hr\/wp-json\/wp\/v2\/product_feature?post=37148"},{"taxonomy":"product_brand","embeddable":true,"href":"https:\/\/odeja.si\/hr\/wp-json\/wp\/v2\/product_brand?post=37148"},{"taxonomy":"product_cat","embeddable":true,"href":"https:\/\/odeja.si\/hr\/wp-json\/wp\/v2\/product_cat?post=37148"},{"taxonomy":"product_tag","embeddable":true,"href":"https:\/\/odeja.si\/hr\/wp-json\/wp\/v2\/product_tag?post=37148"}],"curies":[{"name":"wp","href":"https:\/\/api.w.org\/{rel}","templated":true}]}}