{"id":37201,"date":"2017-01-31T15:08:10","date_gmt":"2017-01-31T15:08:10","guid":{"rendered":"http:\/\/odeja.si\/?post_type=product&#038;p=37201"},"modified":"2026-04-15T12:44:44","modified_gmt":"2026-04-15T11:44:44","slug":"nadmadrac-natur-protect","status":"publish","type":"product","link":"https:\/\/odeja.si\/hr\/nadmadrac-natur-protect\/","title":{"rendered":"Nadmadrac Natur Protect"},"content":{"rendered":"<h3 data-sourcepos=\"7:1-7:39\">Osigurajte prirodnu udobnost le\u017eaja<\/h3>\n<p data-sourcepos=\"9:1-9:492\">Nadmadrac \u0107e stvoriti ugodnu, prozra\u010dnu i zdravu klimu za spavanje u va\u0161em krevetu, jer ga odlikuje visoka hidrofilnost. Njime \u0107ete pove\u0107ati udobnost starog le\u017eaja, produljiti mu \u017eivotni vijek i za\u0161tititi ga od neugodnih mirisa. Mo\u017eete ga koristiti i za pobolj\u0161anje udobnosti kreveta s dva odvojena le\u017eaja. Nadmadrac jednostavno pri\u010dvrstite elastikama. Ako se zaprlja, mo\u017eete ga oprati. Gusto pro\u0161ivanje osigurava da \u0107e punilo ostati na svom mjestu i odr\u017eavati ugodnu udobnost nadmadraca.<\/p>\n","protected":false},"excerpt":{"rendered":"<p>Osigurajte prirodnu udobnost le\u017eaja Nadmadrac \u0107e stvoriti ugodnu, prozra\u010dnu i zdravu klimu za spavanje u va\u0161em&#8230;<\/p>\n","protected":false},"featured_media":94626,"comment_status":"open","ping_status":"closed","template":"","meta":{"_acf_changed":false},"color":[],"kolekcija":[5957,3388,3387],"label":[4990,4803,4988,4983],"product_feature":[],"product_brand":[],"product_cat":[5697,5796],"product_tag":[5395],"class_list":{"0":"post-37201","1":"product","2":"type-product","3":"status-publish","4":"has-post-thumbnail","6":"kolekcija-lia-hr","7":"kolekcija-natur-hr","8":"kolekcija-organic-hr","9":"label-izradeno-od-prirodnih-materijala","10":"label-jamstvo-kvalitete","11":"label-prikladno-za-alergicare-i-astmaticare","12":"label-stvaramo-za-vas-vise-od-90-godina","13":"product_cat-nadmadraci","14":"product_cat-odeja-natur-hr","15":"product_tag-nadmadrac-hr","16":"pa_collection-natur-hr","17":"pa_featured-product-0-50","18":"pa_glavna-znacilnost-bombaz-hr","19":"pa_kakovost-made-in-eu-hr","20":"pa_kakovost-oeko-tex-certifikat-hr","21":"pa_kakovost-primerno-za-astmatike-in-alergike-hr","22":"pa_tip-izdelka-nadvlozek-hr","23":"pa_velikost-190x120-cm-hr","24":"pa_velikost-190x140-cm-hr","25":"pa_velikost-190x160-cm-hr","26":"pa_velikost-190x180-cm-hr","27":"pa_velikost-190x90-cm-hr","28":"pa_velikost-200x100-cm-hr","29":"pa_velikost-200x120-cm-hr","30":"pa_velikost-200x160-cm-hr","31":"pa_velikost-200x180-cm-hr","32":"pa_velikost-200x200-cm-hr","33":"pa_velikost-200x90-cm-hr","34":"pa_velikost-200x140-cm-hr","35":"pa_vzdrzevanje-beljenje-ni-dovoljeno-4","36":"pa_vzdrzevanje-likanje-ni-dovoljeno-hr","37":"pa_vzdrzevanje-kemicno-ciscenje-p-hr","38":"pa_vzdrzevanje-previdno-pranje-do-40-c-hr","39":"pa_vzdrzevanje-susenje-v-susilnem-stroju-ni-dovoljeno-hr","41":"first","42":"instock","43":"taxable","44":"shipping-taxable","45":"purchasable","46":"product-type-variable"},"acf":[],"_links":{"self":[{"href":"https:\/\/odeja.si\/hr\/wp-json\/wp\/v2\/product\/37201","targetHints":{"allow":["GET"]}}],"collection":[{"href":"https:\/\/odeja.si\/hr\/wp-json\/wp\/v2\/product"}],"about":[{"href":"https:\/\/odeja.si\/hr\/wp-json\/wp\/v2\/types\/product"}],"replies":[{"embeddable":true,"href":"https:\/\/odeja.si\/hr\/wp-json\/wp\/v2\/comments?post=37201"}],"wp:featuredmedia":[{"embeddable":true,"href":"https:\/\/odeja.si\/hr\/wp-json\/wp\/v2\/media\/94626"}],"wp:attachment":[{"href":"https:\/\/odeja.si\/hr\/wp-json\/wp\/v2\/media?parent=37201"}],"wp:term":[{"taxonomy":"color","embeddable":true,"href":"https:\/\/odeja.si\/hr\/wp-json\/wp\/v2\/color?post=37201"},{"taxonomy":"kolekcija","embeddable":true,"href":"https:\/\/odeja.si\/hr\/wp-json\/wp\/v2\/kolekcija?post=37201"},{"taxonomy":"label","embeddable":true,"href":"https:\/\/odeja.si\/hr\/wp-json\/wp\/v2\/label?post=37201"},{"taxonomy":"product_feature","embeddable":true,"href":"https:\/\/odeja.si\/hr\/wp-json\/wp\/v2\/product_feature?post=37201"},{"taxonomy":"product_brand","embeddable":true,"href":"https:\/\/odeja.si\/hr\/wp-json\/wp\/v2\/product_brand?post=37201"},{"taxonomy":"product_cat","embeddable":true,"href":"https:\/\/odeja.si\/hr\/wp-json\/wp\/v2\/product_cat?post=37201"},{"taxonomy":"product_tag","embeddable":true,"href":"https:\/\/odeja.si\/hr\/wp-json\/wp\/v2\/product_tag?post=37201"}],"curies":[{"name":"wp","href":"https:\/\/api.w.org\/{rel}","templated":true}]}}