{"id":37300,"date":"2017-01-31T15:08:11","date_gmt":"2017-01-31T15:08:11","guid":{"rendered":"http:\/\/odeja.si\/?post_type=product&#038;p=37300"},"modified":"2026-03-29T11:11:29","modified_gmt":"2026-03-29T10:11:29","slug":"djecji-jastuk-dreamfil-special-mini-30x40-cm","status":"publish","type":"product","link":"https:\/\/odeja.si\/hr\/djecji-jastuk-dreamfil-special-mini-30x40-cm\/","title":{"rendered":"Dje\u010dji jastuk Dreamfil Special Mini"},"content":{"rendered":"<p data-sourcepos=\"2:1-2:38\"><strong>Za zdrav polo\u017eaj djetetove glavice<\/strong><\/p>\n<p data-sourcepos=\"4:1-4:446\">Prilikom oblikovanja i izrade jastuka, pa\u017eljivo smo oslu\u0161kivali iskustva majki kako bismo osigurali <strong>optimalnu potporu<\/strong> za osjetljive dje\u010dje glavice. Koristili smo iznimno kvalitetan <strong>pamuk<\/strong>, koji nudi <strong>prirodnu meko\u0107u i prozra\u010dnost<\/strong>, \u0161to je klju\u010dno za udobno i svje\u017ee okru\u017eenje za spavanje. Jastuk je ispunjen posebno odabranim, <strong>mekim vlaknima<\/strong>, koja su pro\u0161ivena na inovativan na\u010din, \u0161to omogu\u0107uje upravo pravu mjeru meko\u0107e i \u010dvrsto\u0107e.<\/p>\n<p data-sourcepos=\"6:1-6:431\">Ovaj jedinstveni dizajn jastuka osigurava da se dje\u010dja glavica <strong>udobno smjesti<\/strong>, a istovremeno podupire <strong>prirodno poravnanje kralje\u017enice<\/strong> tijekom spavanja. Dizajn jastuka prilago\u0111ava se obliku djetetove glave i vrata, \u0161to poma\u017ee smanjiti napetost i osigurava <strong>zdrav polo\u017eaj<\/strong> tijekom odmora. Na\u0161 cilj je osigurati djetetu udobnost i potporu koje su mu potrebne za miran i opu\u0161taju\u0107i san, \u0161to je klju\u010dno za njegov zdrav razvoj.<\/p>\n<p data-sourcepos=\"8:1-8:28\"><strong>Visina jastuka: 4 &#8211; 5 cm<\/strong><\/p>\n","protected":false},"excerpt":{"rendered":"<p>&nbsp; &nbsp;<\/p>\n","protected":false},"featured_media":94541,"comment_status":"open","ping_status":"closed","template":"","meta":{"_acf_changed":false},"color":[],"kolekcija":[3384,4963,4859],"label":[4990,4992,4988,4983],"product_feature":[],"product_brand":[],"product_cat":[5728,5809,5794,5699,5756],"product_tag":[5388,5386,5385],"class_list":{"0":"post-37300","1":"product","2":"type-product","3":"status-publish","4":"has-post-thumbnail","6":"kolekcija-dream-hr","7":"kolekcija-lunaja-hr","8":"kolekcija-mini-hr","9":"label-izradeno-od-prirodnih-materijala","10":"label-odgovorna-tvrtka","11":"label-prikladno-za-alergicare-i-astmaticare","12":"label-stvaramo-za-vas-vise-od-90-godina","13":"product_cat-djecji-jastuk","14":"product_cat-jastuci-za-djecu-hr","15":"product_cat-odeja-dream-hr","16":"product_cat-za-djecu","17":"product_cat-spavanje-na-trbuhu","18":"product_tag-antialergijski-jastuk","19":"product_tag-jastuci-za-djecu","20":"product_tag-jastuk-za-djecu","21":"pa_collection-odeja-mini-hr","22":"pa_featured-product-0-50","23":"pa_glavna-znacilnost-bombaz-hr","24":"pa_kakovost-made-in-eu-hr","25":"pa_kakovost-oeko-tex-certifikat-hr","26":"pa_kakovost-primerno-za-astmatike-in-alergike-hr","27":"pa_tip-izdelka-otroski-vzglavnik-4","28":"pa_velikost-30x40-cm-hr","29":"pa_velikost-40x60-cm-hr","30":"pa_vzdrzevanje-beljenje-ni-dovoljeno-4","31":"pa_vzdrzevanje-likanje-ni-dovoljeno-hr","32":"pa_vzdrzevanje-kemicno-ciscenje-ni-dovoljeno-hr","33":"pa_vzdrzevanje-previdno-pranje-do-40-c-hr","34":"pa_vzdrzevanje-susenje-v-susilnem-stroju-ni-dovoljeno-hr","36":"first","37":"instock","38":"taxable","39":"shipping-taxable","40":"purchasable","41":"product-type-variable"},"acf":[],"_links":{"self":[{"href":"https:\/\/odeja.si\/hr\/wp-json\/wp\/v2\/product\/37300","targetHints":{"allow":["GET"]}}],"collection":[{"href":"https:\/\/odeja.si\/hr\/wp-json\/wp\/v2\/product"}],"about":[{"href":"https:\/\/odeja.si\/hr\/wp-json\/wp\/v2\/types\/product"}],"replies":[{"embeddable":true,"href":"https:\/\/odeja.si\/hr\/wp-json\/wp\/v2\/comments?post=37300"}],"wp:featuredmedia":[{"embeddable":true,"href":"https:\/\/odeja.si\/hr\/wp-json\/wp\/v2\/media\/94541"}],"wp:attachment":[{"href":"https:\/\/odeja.si\/hr\/wp-json\/wp\/v2\/media?parent=37300"}],"wp:term":[{"taxonomy":"color","embeddable":true,"href":"https:\/\/odeja.si\/hr\/wp-json\/wp\/v2\/color?post=37300"},{"taxonomy":"kolekcija","embeddable":true,"href":"https:\/\/odeja.si\/hr\/wp-json\/wp\/v2\/kolekcija?post=37300"},{"taxonomy":"label","embeddable":true,"href":"https:\/\/odeja.si\/hr\/wp-json\/wp\/v2\/label?post=37300"},{"taxonomy":"product_feature","embeddable":true,"href":"https:\/\/odeja.si\/hr\/wp-json\/wp\/v2\/product_feature?post=37300"},{"taxonomy":"product_brand","embeddable":true,"href":"https:\/\/odeja.si\/hr\/wp-json\/wp\/v2\/product_brand?post=37300"},{"taxonomy":"product_cat","embeddable":true,"href":"https:\/\/odeja.si\/hr\/wp-json\/wp\/v2\/product_cat?post=37300"},{"taxonomy":"product_tag","embeddable":true,"href":"https:\/\/odeja.si\/hr\/wp-json\/wp\/v2\/product_tag?post=37300"}],"curies":[{"name":"wp","href":"https:\/\/api.w.org\/{rel}","templated":true}]}}