{"id":37358,"date":"2017-01-31T15:08:12","date_gmt":"2017-01-31T15:08:12","guid":{"rendered":"http:\/\/odeja.si\/?post_type=product&#038;p=37358"},"modified":"2025-11-21T01:14:34","modified_gmt":"2025-11-21T00:14:34","slug":"djecji-poplun-cirrusfil-light","status":"publish","type":"product","link":"https:\/\/odeja.si\/hr\/djecji-poplun-cirrusfil-light\/","title":{"rendered":"Dje\u010dji poplun Cirrusfil Light"},"content":{"rendered":"<p data-sourcepos=\"1:1-1:24\"><strong>Lagan poput obla\u010dka.<\/strong><\/p>\n<p data-sourcepos=\"3:1-3:449\">Poplun je izra\u0111en od vrhunskih hidrofilnih materijala koji odvode tjelesnu vlagu u prostor i ne uzrokuju pregrijavanje tijela te zadr\u017eavanje vlage na njemu. Dje\u010dji kreveti\u0107 bit \u0107e s ovim poplunom i u vru\u0107im ljetnim no\u0107ima prava oaza svje\u017eine. Poplun je zbog materijala vrlo prikladan za djecu s alergijama i astmom. Svje\u017ee i lagano okru\u017eenje za spavanje koje posti\u017eemo primjerenom opremom kreveti\u0107a osjetljivoj djeci omogu\u0107uje zdrav i miran san.<\/p>\n<p data-sourcepos=\"5:1-5:28\"><strong>Toplinski otpor: 3,6 tog<\/strong><\/p>\n<p>&nbsp;<\/p>\n<hr \/>\n<p><strong>Ovdje mo\u017eete pro\u010ditati upozorenja na koja vas moramo upozoriti prije kupnje:<\/strong><\/p>\n<p>Standard SIST EN 16779-1:2018 Proizvodi za djecu od tekstila \u2013 sigurnosni zahtjevi i metode ispitivanja za dje\u010dje poplune<\/p>\n<p>U skladu sa slovenskim standardom (standard SIST EN 16779-1:2018) preporu\u010dujemo da se prije kupnje upoznate s uputama za upotrebu dje\u010djih popluna:<\/p>\n<p>UPOZORENJE! Osigurajte da dje\u010dje lice nije pokriveno.<br \/>\nUPOZORENJE! Ne koristite u blizini vatre.<br \/>\nUPOZORENJE! Ne preporu\u010duje se za bebe do 12 mjeseci.<br \/>\nUPOZORENJE! Ne koristite kemijsko \u010di\u0161\u0107enje!<br \/>\nUPOZORENJE! Ne koristite u kombinaciji s vre\u0107om za spavanje ili poplunom. Uzmite u obzir temperaturu sobe i dje\u010dju odje\u0107u za spavanje. Pregrijavanje mo\u017ee \u017eivot va\u0161eg djeteta dovesti u opasnost.<br \/>\nUPOZORENJE! Prilikom prvih znakova povrede, prestanite koristiti pro\u0161iveni poplun.<br \/>\nUPOZORENJE! Plasti\u010dnu ambala\u017eu proizvoda odstranite od dohvata djece kako biste sprije\u010dili mogu\u0107nost gu\u0161enja.<\/p>\n<p><strong><a href=\"https:\/\/odeja.si\/hr\/toplotna-odpornost\/\">Razmjer izme\u0111u sobne temperature i primjerene odje\u0107e za spavanje, uz upotrebu pro\u0161ivenog popluna ili vre\u0107e za spavanje bez rukava, s odre\u0111enom otporno\u0161\u0107u na toplotu provjerite tu.<\/a><\/strong><\/p>\n<p>Poplun\u010di\u0107 dimenzije 120\u00d780 cm primjeren je za krevetac dimenzije najmanje 120\u00d760 cm.<\/p>\n<p>Poplun\u010di\u0107 dimenzije 135\u00d7100 cm primjeren je za krevetac dimenzije najmanje 140\u00d770 cm.<\/p>\n","protected":false},"excerpt":{"rendered":"<p>Lagan poput obla\u010dka. Poplun je izra\u0111en od vrhunskih hidrofilnih materijala koji odvode tjelesnu vlagu u prostor&#8230;<\/p>\n","protected":false},"featured_media":94365,"comment_status":"open","ping_status":"closed","template":"","meta":{"_acf_changed":false},"color":[],"kolekcija":[3384,4963,4859],"label":[4990,4992,4988],"product_feature":[],"product_brand":[],"product_cat":[5808,5725,5705,5794,5801,5749,5699],"product_tag":[5356,5382,5352,5349,5367],"class_list":{"0":"post-37358","1":"product","2":"type-product","3":"status-publish","4":"has-post-thumbnail","6":"kolekcija-dream-hr","7":"kolekcija-lunaja-hr","8":"kolekcija-mini-hr","9":"label-izradeno-od-prirodnih-materijala","10":"label-odgovorna-tvrtka","11":"label-prikladno-za-alergicare-i-astmaticare","12":"product_cat-djecji-popluni-hr","13":"product_cat-djecji-popluni","14":"product_cat-ljetni-popluni","15":"product_cat-odeja-dream-hr","16":"product_cat-odeja-mini-hr","17":"product_cat-poplun-inovativnih-materiala","18":"product_cat-za-djecu","19":"product_tag-antialergijski-poplun","20":"product_tag-djecji-poplun","21":"product_tag-ljetna-deka","22":"product_tag-pamucni-pokrivac","23":"product_tag-poplun-za-alergicare","24":"pa_collection-odeja-mini-hr","25":"pa_featured-product-0-50","26":"pa_glavna-znacilnost-bombaz-hr","27":"pa_kakovost-made-in-eu-hr","28":"pa_kakovost-oeko-tex-certifikat-hr","29":"pa_kakovost-primerno-za-astmatike-in-alergike-hr","30":"pa_tip-izdelka-otroska-odeja-6","31":"pa_toplotne-karakteristike-poletno-lahka-6","32":"pa_velikost-120x80-cm-hr","33":"pa_velikost-135x100-cm-hr","34":"pa_vzdrzevanje-beljenje-ni-dovoljeno-4","35":"pa_vzdrzevanje-likanje-ni-dovoljeno-hr","36":"pa_vzdrzevanje-kemicno-ciscenje-ni-dovoljeno-hr","37":"pa_vzdrzevanje-previdno-pranje-do-40-c-hr","38":"pa_vzdrzevanje-susenje-v-susilnem-stroju-ni-dovoljeno-hr","40":"first","41":"instock","42":"taxable","43":"shipping-taxable","44":"purchasable","45":"product-type-variable"},"acf":[],"_links":{"self":[{"href":"https:\/\/odeja.si\/hr\/wp-json\/wp\/v2\/product\/37358","targetHints":{"allow":["GET"]}}],"collection":[{"href":"https:\/\/odeja.si\/hr\/wp-json\/wp\/v2\/product"}],"about":[{"href":"https:\/\/odeja.si\/hr\/wp-json\/wp\/v2\/types\/product"}],"replies":[{"embeddable":true,"href":"https:\/\/odeja.si\/hr\/wp-json\/wp\/v2\/comments?post=37358"}],"wp:featuredmedia":[{"embeddable":true,"href":"https:\/\/odeja.si\/hr\/wp-json\/wp\/v2\/media\/94365"}],"wp:attachment":[{"href":"https:\/\/odeja.si\/hr\/wp-json\/wp\/v2\/media?parent=37358"}],"wp:term":[{"taxonomy":"color","embeddable":true,"href":"https:\/\/odeja.si\/hr\/wp-json\/wp\/v2\/color?post=37358"},{"taxonomy":"kolekcija","embeddable":true,"href":"https:\/\/odeja.si\/hr\/wp-json\/wp\/v2\/kolekcija?post=37358"},{"taxonomy":"label","embeddable":true,"href":"https:\/\/odeja.si\/hr\/wp-json\/wp\/v2\/label?post=37358"},{"taxonomy":"product_feature","embeddable":true,"href":"https:\/\/odeja.si\/hr\/wp-json\/wp\/v2\/product_feature?post=37358"},{"taxonomy":"product_brand","embeddable":true,"href":"https:\/\/odeja.si\/hr\/wp-json\/wp\/v2\/product_brand?post=37358"},{"taxonomy":"product_cat","embeddable":true,"href":"https:\/\/odeja.si\/hr\/wp-json\/wp\/v2\/product_cat?post=37358"},{"taxonomy":"product_tag","embeddable":true,"href":"https:\/\/odeja.si\/hr\/wp-json\/wp\/v2\/product_tag?post=37358"}],"curies":[{"name":"wp","href":"https:\/\/api.w.org\/{rel}","templated":true}]}}