{"id":37644,"date":"2017-01-31T15:08:12","date_gmt":"2017-01-31T15:08:12","guid":{"rendered":"http:\/\/odeja.si\/?post_type=product&#038;p=37644"},"modified":"2025-11-23T11:13:52","modified_gmt":"2025-11-23T10:13:52","slug":"rucnik-color-100x50-cm-krem","status":"publish","type":"product","link":"https:\/\/odeja.si\/hr\/rucnik-color-100x50-cm-krem\/","title":{"rendered":"Ru\u010dnik Color 100&#215;50 cm &#8211; Krem"},"content":{"rendered":"<p data-sourcepos=\"5:1-5:48\"><strong>Ru\u010dnik Color \u2013 savr\u0161enstvo za va\u0161u kupaonicu<\/strong><\/p>\n<p data-sourcepos=\"7:1-7:443\">Ru\u010dnik Color vi\u0161e je od obi\u010dnog svakodnevnog pomagala \u2013 to je kombinacija rasko\u0161ne udobnosti, iznimne kvalitete i bezvremenske estetike koja va\u0161oj kupaonici dodaje da\u0161ak elegancije. Izra\u0111en od <strong>100% \u010de\u0161ljanog pamuka s gustim \u017eakardnim tkanjem (550 g\/m\u00b2)<\/strong>, jam\u010di nevjerojatnu meko\u0107u, vrhunsku upijanje i dugotrajnu postojanost. Ovaj ru\u010dnik \u0107e vas razmaziti svakim dodirom, a istovremeno osigurava da je va\u0161a ko\u017ea njegovana i suha u trenu.<\/p>\n<p data-sourcepos=\"9:1-9:23\"><strong>Veli\u010dina:<\/strong> 100&#215;50 cm<\/p>\n","protected":false},"excerpt":{"rendered":"<p>Ru\u010dnik Color \u2013 savr\u0161enstvo za va\u0161u kupaonicu Ru\u010dnik Color vi\u0161e je od obi\u010dnog svakodnevnog pomagala \u2013&#8230;<\/p>\n","protected":false},"featured_media":37645,"comment_status":"open","ping_status":"closed","template":"","meta":{"_acf_changed":false},"color":[5149],"kolekcija":[4958,5075,5074],"label":[4990,4992,4988],"product_feature":[],"product_brand":[],"product_cat":[5700,5804,5799,5742,5767],"product_tag":[5295,5296,5304,5303],"class_list":{"0":"post-37644","1":"product","2":"type-product","3":"status-publish","4":"has-post-thumbnail","6":"color-krema","7":"kolekcija-color-hr","8":"kolekcija-decor-hr","9":"kolekcija-wellness-hr","10":"label-izradeno-od-prirodnih-materijala","11":"label-odgovorna-tvrtka","12":"label-prikladno-za-alergicare-i-astmaticare","13":"product_cat-dodaci-za-dom","14":"product_cat-odeja-color-hr","15":"product_cat-odeja-wellness","16":"product_cat-rucnik","17":"product_cat-rucnik-za-ruke","18":"product_tag-pamucni-rucnik","19":"product_tag-rucnik","20":"product_tag-rucnik-za-kupanje","21":"product_tag-rucnik-za-ruke","22":"pa_collection-color-hr","23":"pa_featured-product-0-50","24":"pa_kakovost-made-in-eu-hr","25":"pa_kakovost-oeko-tex-certifikat-hr-2","26":"pa_kakovost-primerno-za-astmatike-in-alergike-hr","27":"pa_tip-izdelka-brisaca-4","28":"pa_vasco-sku-022078-hr","29":"pa_vzdrzevanje-beljenje-ni-dovoljeno-4","30":"pa_vzdrzevanje-likanje-ni-dovoljeno-hr","31":"pa_vzdrzevanje-previdno-kemicno-ciscenje-p-hr","32":"pa_vzdrzevanje-pranje-do-40-c-hr","33":"pa_vzdrzevanje-susenje-v-susilnem-stroju-pri-znizani-temperaturi-hr","35":"first","36":"instock","37":"taxable","38":"shipping-taxable","39":"purchasable","40":"product-type-simple"},"acf":[],"_links":{"self":[{"href":"https:\/\/odeja.si\/hr\/wp-json\/wp\/v2\/product\/37644","targetHints":{"allow":["GET"]}}],"collection":[{"href":"https:\/\/odeja.si\/hr\/wp-json\/wp\/v2\/product"}],"about":[{"href":"https:\/\/odeja.si\/hr\/wp-json\/wp\/v2\/types\/product"}],"replies":[{"embeddable":true,"href":"https:\/\/odeja.si\/hr\/wp-json\/wp\/v2\/comments?post=37644"}],"wp:featuredmedia":[{"embeddable":true,"href":"https:\/\/odeja.si\/hr\/wp-json\/wp\/v2\/media\/37645"}],"wp:attachment":[{"href":"https:\/\/odeja.si\/hr\/wp-json\/wp\/v2\/media?parent=37644"}],"wp:term":[{"taxonomy":"color","embeddable":true,"href":"https:\/\/odeja.si\/hr\/wp-json\/wp\/v2\/color?post=37644"},{"taxonomy":"kolekcija","embeddable":true,"href":"https:\/\/odeja.si\/hr\/wp-json\/wp\/v2\/kolekcija?post=37644"},{"taxonomy":"label","embeddable":true,"href":"https:\/\/odeja.si\/hr\/wp-json\/wp\/v2\/label?post=37644"},{"taxonomy":"product_feature","embeddable":true,"href":"https:\/\/odeja.si\/hr\/wp-json\/wp\/v2\/product_feature?post=37644"},{"taxonomy":"product_brand","embeddable":true,"href":"https:\/\/odeja.si\/hr\/wp-json\/wp\/v2\/product_brand?post=37644"},{"taxonomy":"product_cat","embeddable":true,"href":"https:\/\/odeja.si\/hr\/wp-json\/wp\/v2\/product_cat?post=37644"},{"taxonomy":"product_tag","embeddable":true,"href":"https:\/\/odeja.si\/hr\/wp-json\/wp\/v2\/product_tag?post=37644"}],"curies":[{"name":"wp","href":"https:\/\/api.w.org\/{rel}","templated":true}]}}