{"id":38503,"date":"2017-01-31T15:08:14","date_gmt":"2017-01-31T15:08:14","guid":{"rendered":"http:\/\/odeja.si\/?post_type=product&#038;p=38503"},"modified":"2026-03-21T14:04:15","modified_gmt":"2026-03-21T13:04:15","slug":"djecji-jastuk-organic-medium-mini","status":"publish","type":"product","link":"https:\/\/odeja.si\/hr\/djecji-jastuk-organic-medium-mini\/","title":{"rendered":"Dje\u010dji jastuk Organic Medium Mini"},"content":{"rendered":"<p data-sourcepos=\"2:1-2:46\"><strong>Ugodna prirodna udobnost za va\u0161eg mali\u0161ana<\/strong><\/p>\n<p data-sourcepos=\"4:1-4:327\"><strong>Organski pamuk<\/strong> je ugodan na dodir i vrlo <strong>prijazan ko\u017ei<\/strong>. Zbog svoje prozra\u010dnosti, lako\u0107e i u\u010dinkovitog odvo\u0111enja tjelesne vlage stvara predivnu klimu za spavanje. Jastuk je zbog svoje vrhunske kompozicije i promi\u0161ljenog oblika prikladan za vrlo malu djecu. Odli\u010dan je za mali\u0161ane sklone znojenju ili s osjetljivom ko\u017eom.<\/p>\n<p data-sourcepos=\"6:1-6:39\"><strong>Visina: <\/strong>vrlo nizak jastuk, <strong>2 &#8211; 3 cm<\/strong><\/p>\n","protected":false},"excerpt":{"rendered":"<p>Ugodna prirodna udobnost za va\u0161eg mali\u0161ana Organski pamuk je ugodan na dodir i vrlo prijazan ko\u017ei&#8230;.<\/p>\n","protected":false},"featured_media":94561,"comment_status":"open","ping_status":"closed","template":"","meta":{"_acf_changed":false},"color":[],"kolekcija":[4963,4859,3387],"label":[4990,4803,4988,4983],"product_feature":[],"product_brand":[],"product_cat":[5728,5819,5809,5801,5797,5754,5699],"product_tag":[5386,5385,5299],"class_list":{"0":"post-38503","1":"product","2":"type-product","3":"status-publish","4":"has-post-thumbnail","6":"kolekcija-lunaja-hr","7":"kolekcija-mini-hr","8":"kolekcija-organic-hr","9":"label-izradeno-od-prirodnih-materijala","10":"label-jamstvo-kvalitete","11":"label-prikladno-za-alergicare-i-astmaticare","12":"label-stvaramo-za-vas-vise-od-90-godina","13":"product_cat-djecji-jastuk","14":"product_cat-proizvodi-organski-pamuk","15":"product_cat-jastuci-za-djecu-hr","16":"product_cat-odeja-mini-hr","17":"product_cat-odeja-organic-hr","18":"product_cat-jastuk-pamucni","19":"product_cat-za-djecu","20":"product_tag-jastuci-za-djecu","21":"product_tag-jastuk-za-djecu","22":"product_tag-pamucna-jastucnica","23":"pa_collection-organic-mini-hr","24":"pa_featured-product-0-50","25":"pa_glavna-znacilnost-bombaz-hr","26":"pa_kakovost-gots-hr","27":"pa_kakovost-made-in-eu-hr","28":"pa_kakovost-primerno-za-astmatike-in-alergike-hr","29":"pa_tip-izdelka-otroski-vzglavnik-4","30":"pa_velikost-30x40-cm-hr","31":"pa_velikost-40x60-cm-hr","32":"pa_vzdrzevanje-beljenje-ni-dovoljeno-4","33":"pa_vzdrzevanje-likanje-ni-dovoljeno-hr","34":"pa_vzdrzevanje-kemicno-ciscenje-ni-dovoljeno-hr","35":"pa_vzdrzevanje-profesionalno-mokro-ciscenje-zelo-blag-postopek-hr","36":"pa_vzdrzevanje-susenje-na-ravni-podlagi-v-senci-hr","37":"pa_vzdrzevanje-susenje-v-susilnem-stroju-ni-dovoljeno-hr","38":"pa_vzdrzevanje-zelo-blaga-mehanska-obdelava-pri-temperaturi-do-40-c-hr","40":"first","41":"instock","42":"taxable","43":"shipping-taxable","44":"purchasable","45":"product-type-variable"},"acf":[],"_links":{"self":[{"href":"https:\/\/odeja.si\/hr\/wp-json\/wp\/v2\/product\/38503","targetHints":{"allow":["GET"]}}],"collection":[{"href":"https:\/\/odeja.si\/hr\/wp-json\/wp\/v2\/product"}],"about":[{"href":"https:\/\/odeja.si\/hr\/wp-json\/wp\/v2\/types\/product"}],"replies":[{"embeddable":true,"href":"https:\/\/odeja.si\/hr\/wp-json\/wp\/v2\/comments?post=38503"}],"wp:featuredmedia":[{"embeddable":true,"href":"https:\/\/odeja.si\/hr\/wp-json\/wp\/v2\/media\/94561"}],"wp:attachment":[{"href":"https:\/\/odeja.si\/hr\/wp-json\/wp\/v2\/media?parent=38503"}],"wp:term":[{"taxonomy":"color","embeddable":true,"href":"https:\/\/odeja.si\/hr\/wp-json\/wp\/v2\/color?post=38503"},{"taxonomy":"kolekcija","embeddable":true,"href":"https:\/\/odeja.si\/hr\/wp-json\/wp\/v2\/kolekcija?post=38503"},{"taxonomy":"label","embeddable":true,"href":"https:\/\/odeja.si\/hr\/wp-json\/wp\/v2\/label?post=38503"},{"taxonomy":"product_feature","embeddable":true,"href":"https:\/\/odeja.si\/hr\/wp-json\/wp\/v2\/product_feature?post=38503"},{"taxonomy":"product_brand","embeddable":true,"href":"https:\/\/odeja.si\/hr\/wp-json\/wp\/v2\/product_brand?post=38503"},{"taxonomy":"product_cat","embeddable":true,"href":"https:\/\/odeja.si\/hr\/wp-json\/wp\/v2\/product_cat?post=38503"},{"taxonomy":"product_tag","embeddable":true,"href":"https:\/\/odeja.si\/hr\/wp-json\/wp\/v2\/product_tag?post=38503"}],"curies":[{"name":"wp","href":"https:\/\/api.w.org\/{rel}","templated":true}]}}