{"id":39613,"date":"2018-10-18T06:32:52","date_gmt":"2018-10-18T06:32:52","guid":{"rendered":"http:\/\/odeja.si\/?post_type=product&#038;p=39613"},"modified":"2025-07-16T12:42:04","modified_gmt":"2025-07-16T12:42:04","slug":"djecji-jastuk-bamboo-extra-soft-mini-40x60-cm","status":"publish","type":"product","link":"https:\/\/odeja.si\/hr\/djecji-jastuk-bamboo-extra-soft-mini-40x60-cm\/","title":{"rendered":"Dje\u010dji jastuk Bamboo Extra Soft Mini 40&#215;60 cm"},"content":{"rendered":"<p data-sourcepos=\"1:1-1:49\"><strong>Opu\u0161taju\u0107e dje\u010dje spavanje u prozra\u010dnosti bambusa<\/strong><\/p>\n<p data-sourcepos=\"3:1-3:532\">S jedinstvenim hipoalergenim svojstvima, ovaj je jastuk dizajniran posebno za <strong>osjetljivu dje\u010dju ko\u017eu<\/strong>. Njegova <strong>prozra\u010dnost<\/strong> omogu\u0107uje neometano kru\u017eenje zraka, \u0161to sprje\u010dava pregrijavanje i osigurava ugodno iskustvo spavanja, \u010dak i u najtoplijim no\u0107ima. Punilo jastuka nudi <strong>elasti\u010dnu meko\u0107u<\/strong> koja nje\u017eno podupire djetetov vrat i glavu, \u0161to poti\u010de zdrav razvoj tijekom spavanja. Sa svim tim prednostima, ovaj je jastuk idealan suputnik za mirne i opu\u0161taju\u0107e no\u0107i koje \u0107e va\u0161oj djeci omogu\u0107iti snove pune spokoja i udobnosti.<\/p>\n","protected":false},"excerpt":{"rendered":"<p>Opu\u0161taju\u0107e dje\u010dje spavanje u prozra\u010dnosti bambusa S jedinstvenim hipoalergenim svojstvima, ovaj je jastuk dizajniran posebno za&#8230;<\/p>\n","protected":false},"featured_media":94522,"comment_status":"open","ping_status":"closed","template":"","meta":{"_acf_changed":false},"color":[],"kolekcija":[4963,4859,3388],"label":[4990,4803,4988,4983],"product_feature":[],"product_brand":[],"product_cat":[5728,5809,5750,5801,5796,5754,5699,5756],"product_tag":[5386,5385],"class_list":{"0":"post-39613","1":"product","2":"type-product","3":"status-publish","4":"has-post-thumbnail","6":"kolekcija-lunaja-hr","7":"kolekcija-mini-hr","8":"kolekcija-natur-hr","9":"label-izradeno-od-prirodnih-materijala","10":"label-jamstvo-kvalitete","11":"label-prikladno-za-alergicare-i-astmaticare","12":"label-stvaramo-za-vas-vise-od-90-godina","13":"product_cat-djecji-jastuk","14":"product_cat-jastuci-za-djecu-hr","15":"product_cat-jastuk-od-bambusa","16":"product_cat-odeja-mini-hr","17":"product_cat-odeja-natur-hr","18":"product_cat-jastuk-pamucni","19":"product_cat-za-djecu","20":"product_cat-spavanje-na-trbuhu","21":"product_tag-jastuci-za-djecu","22":"product_tag-jastuk-za-djecu","23":"pa_collection-natur-hr","24":"pa_featured-product-0-50","25":"pa_glavna-znacilnost-bambus-hr","26":"pa_kakovost-made-in-eu-hr","27":"pa_kakovost-oeko-tex-certifikat-hr","28":"pa_kakovost-primerno-za-astmatike-in-alergike-hr","29":"pa_tip-izdelka-otroski-vzglavnik-4","30":"pa_vzdrzevanje-beljenje-ni-dovoljeno-4","31":"pa_vzdrzevanje-likanje-ni-dovoljeno-hr","32":"pa_vzdrzevanje-kemicno-ciscenje-ni-dovoljeno-hr","33":"pa_vzdrzevanje-previdno-pranje-do-40-c-hr","34":"pa_vzdrzevanje-susenje-v-susilnem-stroju-ni-dovoljeno-hr","36":"first","37":"instock","38":"taxable","39":"shipping-taxable","40":"purchasable","41":"product-type-simple"},"acf":[],"_links":{"self":[{"href":"https:\/\/odeja.si\/hr\/wp-json\/wp\/v2\/product\/39613","targetHints":{"allow":["GET"]}}],"collection":[{"href":"https:\/\/odeja.si\/hr\/wp-json\/wp\/v2\/product"}],"about":[{"href":"https:\/\/odeja.si\/hr\/wp-json\/wp\/v2\/types\/product"}],"replies":[{"embeddable":true,"href":"https:\/\/odeja.si\/hr\/wp-json\/wp\/v2\/comments?post=39613"}],"wp:featuredmedia":[{"embeddable":true,"href":"https:\/\/odeja.si\/hr\/wp-json\/wp\/v2\/media\/94522"}],"wp:attachment":[{"href":"https:\/\/odeja.si\/hr\/wp-json\/wp\/v2\/media?parent=39613"}],"wp:term":[{"taxonomy":"color","embeddable":true,"href":"https:\/\/odeja.si\/hr\/wp-json\/wp\/v2\/color?post=39613"},{"taxonomy":"kolekcija","embeddable":true,"href":"https:\/\/odeja.si\/hr\/wp-json\/wp\/v2\/kolekcija?post=39613"},{"taxonomy":"label","embeddable":true,"href":"https:\/\/odeja.si\/hr\/wp-json\/wp\/v2\/label?post=39613"},{"taxonomy":"product_feature","embeddable":true,"href":"https:\/\/odeja.si\/hr\/wp-json\/wp\/v2\/product_feature?post=39613"},{"taxonomy":"product_brand","embeddable":true,"href":"https:\/\/odeja.si\/hr\/wp-json\/wp\/v2\/product_brand?post=39613"},{"taxonomy":"product_cat","embeddable":true,"href":"https:\/\/odeja.si\/hr\/wp-json\/wp\/v2\/product_cat?post=39613"},{"taxonomy":"product_tag","embeddable":true,"href":"https:\/\/odeja.si\/hr\/wp-json\/wp\/v2\/product_tag?post=39613"}],"curies":[{"name":"wp","href":"https:\/\/api.w.org\/{rel}","templated":true}]}}