{"id":40076,"date":"2017-06-13T08:36:08","date_gmt":"2017-06-13T08:36:08","guid":{"rendered":"http:\/\/odeja.si\/?post_type=product&#038;p=40076"},"modified":"2026-03-01T09:38:55","modified_gmt":"2026-03-01T08:38:55","slug":"nadmadrac-comfort-lux","status":"publish","type":"product","link":"https:\/\/odeja.si\/hr\/nadmadrac-comfort-lux\/","title":{"rendered":"Nadmadrac Comfort Lux"},"content":{"rendered":"<h3 data-sourcepos=\"7:1-7:44\">Ugodna kombinacija meko\u0107e i kompaktnosti<\/h3>\n<p data-sourcepos=\"9:1-9:345\">Voluminozni nadmadrac izra\u0111en je i punjen vrhunskim umjetnim vlaknima, a meko pletivo osigurava nje\u017enu udobnost tijekom spavanja. Promi\u0161ljena sastava i lijep uzorak daju nadmadracu kompaktnost, dok bogato punilo pru\u017ea prekrasnu meko\u0107u. Nadmadracem mo\u017eete zna\u010dajno pove\u0107ati udobnost svog starog le\u017eaja i pobolj\u0161ati kvalitetu svog sna.<\/p>\n","protected":false},"excerpt":{"rendered":"<p>Ugodna kombinacija meko\u0107e i kompaktnosti Voluminozni nadmadrac izra\u0111en je i punjen vrhunskim umjetnim vlaknima, a meko&#8230;<\/p>\n","protected":false},"featured_media":94599,"comment_status":"open","ping_status":"closed","template":"","meta":{"_acf_changed":false},"color":[],"kolekcija":[4979,3384,3385],"label":[4990,4992,4988,4983],"product_feature":[],"product_brand":[],"product_cat":[5697],"product_tag":[5398,5390],"class_list":{"0":"post-40076","1":"product","2":"type-product","3":"status-publish","4":"has-post-thumbnail","6":"kolekcija-adam-in-eva-hr","7":"kolekcija-dream-hr","8":"kolekcija-medical-hr","9":"label-izradeno-od-prirodnih-materijala","10":"label-odgovorna-tvrtka","11":"label-prikladno-za-alergicare-i-astmaticare","12":"label-stvaramo-za-vas-vise-od-90-godina","13":"product_cat-nadmadraci","14":"product_tag-antialergijski-nadmadrac-hr","15":"product_tag-nadmadrac-za-alergicare","16":"pa_collection-odeja-5","17":"pa_featured-product-0-50","18":"pa_glavna-znacilnost-pralno-hr","19":"pa_glavna-znacilnost-primerno-za-alergike-in-astmatike-hr","20":"pa_kakovost-made-in-eu-hr","21":"pa_kakovost-oeko-tex-certifikat-hr","22":"pa_kakovost-primerno-za-astmatike-in-alergike-hr","23":"pa_tip-izdelka-nadvlozek-hr","24":"pa_velikost-190x120-cm-hr","25":"pa_velikost-190x140-cm-hr","26":"pa_velikost-190x160-cm-hr","27":"pa_velikost-190x180-cm-hr","28":"pa_velikost-190x90-cm-hr","29":"pa_velikost-200x100-cm-hr","30":"pa_velikost-200x120-cm-hr","31":"pa_velikost-200x160-cm-hr","32":"pa_velikost-200x180-cm-hr","33":"pa_velikost-200x90-cm-hr","34":"pa_velikost-200x140-cm-hr","35":"pa_vzdrzevanje-beljenje-ni-dovoljeno-4","36":"pa_vzdrzevanje-likanje-ni-dovoljeno-hr","37":"pa_vzdrzevanje-previdno-kemicno-ciscenje-p-hr","38":"pa_vzdrzevanje-previdno-pranje-do-60-c-hr","39":"pa_vzdrzevanje-susenje-v-susilnem-stroju-ni-dovoljeno-hr","41":"first","42":"instock","43":"taxable","44":"shipping-taxable","45":"purchasable","46":"product-type-variable"},"acf":[],"_links":{"self":[{"href":"https:\/\/odeja.si\/hr\/wp-json\/wp\/v2\/product\/40076","targetHints":{"allow":["GET"]}}],"collection":[{"href":"https:\/\/odeja.si\/hr\/wp-json\/wp\/v2\/product"}],"about":[{"href":"https:\/\/odeja.si\/hr\/wp-json\/wp\/v2\/types\/product"}],"replies":[{"embeddable":true,"href":"https:\/\/odeja.si\/hr\/wp-json\/wp\/v2\/comments?post=40076"}],"wp:featuredmedia":[{"embeddable":true,"href":"https:\/\/odeja.si\/hr\/wp-json\/wp\/v2\/media\/94599"}],"wp:attachment":[{"href":"https:\/\/odeja.si\/hr\/wp-json\/wp\/v2\/media?parent=40076"}],"wp:term":[{"taxonomy":"color","embeddable":true,"href":"https:\/\/odeja.si\/hr\/wp-json\/wp\/v2\/color?post=40076"},{"taxonomy":"kolekcija","embeddable":true,"href":"https:\/\/odeja.si\/hr\/wp-json\/wp\/v2\/kolekcija?post=40076"},{"taxonomy":"label","embeddable":true,"href":"https:\/\/odeja.si\/hr\/wp-json\/wp\/v2\/label?post=40076"},{"taxonomy":"product_feature","embeddable":true,"href":"https:\/\/odeja.si\/hr\/wp-json\/wp\/v2\/product_feature?post=40076"},{"taxonomy":"product_brand","embeddable":true,"href":"https:\/\/odeja.si\/hr\/wp-json\/wp\/v2\/product_brand?post=40076"},{"taxonomy":"product_cat","embeddable":true,"href":"https:\/\/odeja.si\/hr\/wp-json\/wp\/v2\/product_cat?post=40076"},{"taxonomy":"product_tag","embeddable":true,"href":"https:\/\/odeja.si\/hr\/wp-json\/wp\/v2\/product_tag?post=40076"}],"curies":[{"name":"wp","href":"https:\/\/api.w.org\/{rel}","templated":true}]}}