{"id":40432,"date":"2017-08-09T06:16:43","date_gmt":"2017-08-09T06:16:43","guid":{"rendered":"http:\/\/odeja.si\/?post_type=product&#038;p=40432"},"modified":"2026-03-28T13:51:00","modified_gmt":"2026-03-28T12:51:00","slug":"ajda-bio-jastuk-40x60-cm","status":"publish","type":"product","link":"https:\/\/odeja.si\/hr\/ajda-bio-jastuk-40x60-cm\/","title":{"rendered":"Ajda BIO jastuk 40&#215;60 cm"},"content":{"rendered":"<p data-sourcepos=\"3:1-3:44\"><strong>U\u017eivajte u nje\u017enoj i u\u010dinkovitoj mikromasa\u017ei<\/strong><\/p>\n<p data-sourcepos=\"5:1-5:388\">Pamuk je mekan na dodir i vrlo ugodan za ko\u017eu te prikladan za one s osjetljivom ko\u017eom. Heljdine ljuskice su \u010dvrste i pru\u017eaju potporu te omogu\u0107uju da se jastuk prilagodi obliku glave i vrata i osigura prilago\u0111enu potporu. Heljdine ljuskice reguliraju vlagu i upijaju znoj, stoga jastuk ostaje suh i udoban. Heljdine ljuskice ugodno hlade i osiguravaju ugodnu mikromasa\u017eu te opu\u0161taju\u0107i san.<\/p>\n<p data-sourcepos=\"7:1-7:39\"><strong>Veli\u010dina (du\u017eina x \u0161irina): 40 x 60 cm<\/strong><\/p>\n<p class=\"Odstavekseznama1CxSpFirst\">\n","protected":false},"excerpt":{"rendered":"<p>U\u017eivajte u nje\u017enoj i u\u010dinkovitoj mikromasa\u017ei Pamuk je mekan na dodir i vrlo ugodan za ko\u017eu&#8230;<\/p>\n","protected":false},"featured_media":94765,"comment_status":"open","ping_status":"closed","template":"","meta":{"_acf_changed":false},"color":[],"kolekcija":[5957,3388,3387],"label":[4990,4803,4983],"product_feature":[],"product_brand":[],"product_cat":[5696,5740,5796,5754,5756],"product_tag":[5408],"class_list":{"0":"post-40432","1":"product","2":"type-product","3":"status-publish","4":"has-post-thumbnail","6":"kolekcija-lia-hr","7":"kolekcija-natur-hr","8":"kolekcija-organic-hr","9":"label-izradeno-od-prirodnih-materijala","10":"label-jamstvo-kvalitete","11":"label-stvaramo-za-vas-vise-od-90-godina","12":"product_cat-jastuci","13":"product_cat-jastuk-od-prirodnih-materijala","14":"product_cat-odeja-natur-hr","15":"product_cat-jastuk-pamucni","16":"product_cat-spavanje-na-trbuhu","17":"product_tag-jastuk-od-heljde","18":"pa_collection-natur-hr","19":"pa_featured-product-0-50","20":"pa_glavna-znacilnost-ajda-hr","21":"pa_glavna-znacilnost-enobarvna-tkanina-hr","22":"pa_glavna-znacilnost-bombaz-hr","23":"pa_kakovost-made-in-eu-hr","24":"pa_kakovost-oeko-tex-certifikat-hr","25":"pa_tip-izdelka-vecnamenski-vzglavnik-hr","26":"pa_vasco-sku-009638-hr","27":"pa_vzdrzevanje-jedra-izbjeljivanje-nije-dozvoljeno-10","28":"pa_vzdrzevanje-jedra-kemijsko-ciscenje-nije-dozvoljeno-4","29":"pa_vzdrzevanje-jedra-peglanje-nije-dozvoljeno-7","30":"pa_vzdrzevanje-jedra-pranje-proizvoda-nije-dozvoljeno-4","31":"pa_vzdrzevanje-jedra-susenje-u-susilici-nije-dozvoljeno-7","32":"pa_vzdrzevanje-prevleke-izbjeljivanje-nije-dozvoljeno-9","33":"pa_vzdrzevanje-prevleke-pazljivo-kemijsko-ciscenje-p-6","34":"pa_vzdrzevanje-prevleke-peglanje-na-nizoj-temperaturi-150cc-4","35":"pa_vzdrzevanje-prevleke-prati-do-40-c-4","36":"pa_vzdrzevanje-prevleke-susenje-u-susilici-na-snizenoj-temperaturi-4","38":"first","39":"instock","40":"taxable","41":"shipping-taxable","42":"purchasable","43":"product-type-simple"},"acf":[],"_links":{"self":[{"href":"https:\/\/odeja.si\/hr\/wp-json\/wp\/v2\/product\/40432","targetHints":{"allow":["GET"]}}],"collection":[{"href":"https:\/\/odeja.si\/hr\/wp-json\/wp\/v2\/product"}],"about":[{"href":"https:\/\/odeja.si\/hr\/wp-json\/wp\/v2\/types\/product"}],"replies":[{"embeddable":true,"href":"https:\/\/odeja.si\/hr\/wp-json\/wp\/v2\/comments?post=40432"}],"wp:featuredmedia":[{"embeddable":true,"href":"https:\/\/odeja.si\/hr\/wp-json\/wp\/v2\/media\/94765"}],"wp:attachment":[{"href":"https:\/\/odeja.si\/hr\/wp-json\/wp\/v2\/media?parent=40432"}],"wp:term":[{"taxonomy":"color","embeddable":true,"href":"https:\/\/odeja.si\/hr\/wp-json\/wp\/v2\/color?post=40432"},{"taxonomy":"kolekcija","embeddable":true,"href":"https:\/\/odeja.si\/hr\/wp-json\/wp\/v2\/kolekcija?post=40432"},{"taxonomy":"label","embeddable":true,"href":"https:\/\/odeja.si\/hr\/wp-json\/wp\/v2\/label?post=40432"},{"taxonomy":"product_feature","embeddable":true,"href":"https:\/\/odeja.si\/hr\/wp-json\/wp\/v2\/product_feature?post=40432"},{"taxonomy":"product_brand","embeddable":true,"href":"https:\/\/odeja.si\/hr\/wp-json\/wp\/v2\/product_brand?post=40432"},{"taxonomy":"product_cat","embeddable":true,"href":"https:\/\/odeja.si\/hr\/wp-json\/wp\/v2\/product_cat?post=40432"},{"taxonomy":"product_tag","embeddable":true,"href":"https:\/\/odeja.si\/hr\/wp-json\/wp\/v2\/product_tag?post=40432"}],"curies":[{"name":"wp","href":"https:\/\/api.w.org\/{rel}","templated":true}]}}