{"id":42571,"date":"2019-07-16T06:50:31","date_gmt":"2019-07-16T06:50:31","guid":{"rendered":"http:\/\/odeja.si\/?post_type=product&#038;p=42571"},"modified":"2026-03-17T17:28:17","modified_gmt":"2026-03-17T16:28:17","slug":"posteljina-floris-smeda","status":"publish","type":"product","link":"https:\/\/odeja.si\/hr\/posteljina-floris-smeda\/","title":{"rendered":"Posteljina Floris \u2013 Sme\u0111a"},"content":{"rendered":"<p data-sourcepos=\"3:1-3:106\"><strong>Posteljina Floris \u2013 presti\u017ena posteljina s cvjetnim uzorcima i pastelnim nijansama za mirne i udobne snove<\/strong><\/p>\n<p data-sourcepos=\"5:1-5:386\">Posteljina Floris spaja elegantnu jednostavnost s da\u0161kom zaigranosti. Dizajnirana je s nje\u017enim cvjetnim uzorcima u harmoni\u010dnim pastelnim bojama koje stvaraju opu\u0161taju\u0107i ambijent. Stvorena za ljubitelje umiruju\u0107ih tonova koji cijene kvalitetnu izradu i tra\u017ee posteljinu koja spaja profinjenost i udobnost. Floris je idealan izbor za sve koji \u017eele spavati u zagrljaju meko\u0107e i elegancije.<\/p>\n","protected":false},"excerpt":{"rendered":"<p>Posteljina Floris \u2013 presti\u017ena posteljina s cvjetnim uzorcima i pastelnim nijansama za mirne i udobne snove&#8230;<\/p>\n","protected":false},"featured_media":42579,"comment_status":"open","ping_status":"closed","template":"","meta":{"_acf_changed":false},"color":[5166],"kolekcija":[5075,4951,4978],"label":[4990,4992,4988],"product_feature":[],"product_brand":[],"product_cat":[5802,5798,5735,5698,5710,5713,5731,5773,5779],"product_tag":[4943,4944,4946,4945],"class_list":{"0":"post-42571","1":"product","2":"type-product","3":"status-publish","4":"has-post-thumbnail","6":"color-smeda","7":"kolekcija-decor-hr","8":"kolekcija-design-hr","9":"kolekcija-floris-hr","10":"label-izradeno-od-prirodnih-materijala","11":"label-odgovorna-tvrtka","12":"label-prikladno-za-alergicare-i-astmaticare","13":"product_cat-posteljina-kolekcija-floris","14":"product_cat-odeja-design-hr","15":"product_cat-posteljina-hr","16":"product_cat-posteljina","17":"product_cat-posteljina-140x200","18":"product_cat-posteljina-200x220","19":"product_cat-posteljina-240x220","20":"product_cat-posteljina-s-uzorkom","21":"product_cat-posteljina-saten","22":"product_tag-pamucna-posteljina","23":"product_tag-posteljina-saten","24":"product_tag-saten-posteljina","25":"product_tag-satenska-posteljina","26":"pa_collection-floris-hr","27":"pa_featured-product-0-50","28":"pa_glavna-znacilnost-bombazni-saten-hr","29":"pa_glavna-znacilnost-tkanina-z-vzorcem-hr","30":"pa_kakovost-made-in-eu-hr","31":"pa_kakovost-oeko-tex-certifikat-hr","32":"pa_kakovost-primerno-za-astmatike-in-alergike-hr","33":"pa_tip-izdelka-posteljnina-8","34":"pa_velikost-200x200-cm-2x60x80-cm-hr","35":"pa_velikost-200x260-cm-2x60x80-cm-hr","36":"pa_velikost-200x140-cm-60x80-cm-hr","37":"pa_velikost-220x140-cm-60x80-cm-hr","38":"pa_velikost-220x200-cm-2x60x80-cm-hr","39":"pa_velikost-220x240-cm-2x60x80-cm-hr","40":"pa_vzdrzevanje-beljenje-ni-dovoljeno-4","41":"pa_vzdrzevanje-likanje-pri-srednji-temperaturi-150-c-hr","42":"pa_vzdrzevanje-kemicno-ciscenje-p-hr","43":"pa_vzdrzevanje-pranje-do-60-c-hr","44":"pa_vzdrzevanje-susenje-v-susilnem-stroju-pri-znizani-temperaturi-hr","46":"first","47":"instock","48":"sale","49":"taxable","50":"shipping-taxable","51":"purchasable","52":"product-type-variable"},"acf":[],"_links":{"self":[{"href":"https:\/\/odeja.si\/hr\/wp-json\/wp\/v2\/product\/42571","targetHints":{"allow":["GET"]}}],"collection":[{"href":"https:\/\/odeja.si\/hr\/wp-json\/wp\/v2\/product"}],"about":[{"href":"https:\/\/odeja.si\/hr\/wp-json\/wp\/v2\/types\/product"}],"replies":[{"embeddable":true,"href":"https:\/\/odeja.si\/hr\/wp-json\/wp\/v2\/comments?post=42571"}],"wp:featuredmedia":[{"embeddable":true,"href":"https:\/\/odeja.si\/hr\/wp-json\/wp\/v2\/media\/42579"}],"wp:attachment":[{"href":"https:\/\/odeja.si\/hr\/wp-json\/wp\/v2\/media?parent=42571"}],"wp:term":[{"taxonomy":"color","embeddable":true,"href":"https:\/\/odeja.si\/hr\/wp-json\/wp\/v2\/color?post=42571"},{"taxonomy":"kolekcija","embeddable":true,"href":"https:\/\/odeja.si\/hr\/wp-json\/wp\/v2\/kolekcija?post=42571"},{"taxonomy":"label","embeddable":true,"href":"https:\/\/odeja.si\/hr\/wp-json\/wp\/v2\/label?post=42571"},{"taxonomy":"product_feature","embeddable":true,"href":"https:\/\/odeja.si\/hr\/wp-json\/wp\/v2\/product_feature?post=42571"},{"taxonomy":"product_brand","embeddable":true,"href":"https:\/\/odeja.si\/hr\/wp-json\/wp\/v2\/product_brand?post=42571"},{"taxonomy":"product_cat","embeddable":true,"href":"https:\/\/odeja.si\/hr\/wp-json\/wp\/v2\/product_cat?post=42571"},{"taxonomy":"product_tag","embeddable":true,"href":"https:\/\/odeja.si\/hr\/wp-json\/wp\/v2\/product_tag?post=42571"}],"curies":[{"name":"wp","href":"https:\/\/api.w.org\/{rel}","templated":true}]}}