{"id":43563,"date":"2021-04-06T10:43:17","date_gmt":"2021-04-06T10:43:17","guid":{"rendered":"http:\/\/odeja.si\/?post_type=product&#038;p=43563"},"modified":"2026-02-18T21:34:53","modified_gmt":"2026-02-18T20:34:53","slug":"rucnik-za-kupanje-color-140x70-cm-mint","status":"publish","type":"product","link":"https:\/\/odeja.si\/hr\/rucnik-za-kupanje-color-140x70-cm-mint\/","title":{"rendered":"Ru\u010dnik za kupanje Color 140&#215;70 cm &#8211; Mint"},"content":{"rendered":"<p data-sourcepos=\"5:1-5:81\"><strong>Ru\u010dnik za kupanje Color \u2013 kombinacija udobnosti, kvalitete i \u0161arene elegancije<\/strong><\/p>\n<p data-sourcepos=\"7:1-7:326\">Ru\u010dnik za kupanje Color, stvoren od <strong>100% visokokvalitetnog \u010de\u0161ljanog pamuka<\/strong>, namijenjen je onima koji cijene <strong>vrhunsku meko\u0107u, iznimnu upijanje i dugotrajnu postojanost<\/strong>. S gustim \u017eakardnim tkanjem (550 g\/m\u00b2) ru\u010dnik brzo upija vlagu i nje\u017eno njeguje ko\u017eu, istovremeno osiguravaju\u0107i <strong>luksuzan osje\u0107aj<\/strong> pri svakom dodiru.<\/p>\n<p data-sourcepos=\"9:1-9:23\"><strong>Veli\u010dina:<\/strong> 140&#215;70 cm<\/p>\n","protected":false},"excerpt":{"rendered":"<p>Ru\u010dnik za kupanje Color \u2013 kombinacija udobnosti, kvalitete i \u0161arene elegancije Ru\u010dnik za kupanje Color, stvoren&#8230;<\/p>\n","protected":false},"featured_media":43564,"comment_status":"open","ping_status":"closed","template":"","meta":{"_acf_changed":false},"color":[5142],"kolekcija":[4958,5075,5074],"label":[4990,4992,4988],"product_feature":[],"product_brand":[],"product_cat":[5700,5804,5799,5742,5768],"product_tag":[5295,5296,5304],"class_list":{"0":"post-43563","1":"product","2":"type-product","3":"status-publish","4":"has-post-thumbnail","6":"color-metvica","7":"kolekcija-color-hr","8":"kolekcija-decor-hr","9":"kolekcija-wellness-hr","10":"label-izradeno-od-prirodnih-materijala","11":"label-odgovorna-tvrtka","12":"label-prikladno-za-alergicare-i-astmaticare","13":"product_cat-dodaci-za-dom","14":"product_cat-odeja-color-hr","15":"product_cat-odeja-wellness","16":"product_cat-rucnik","17":"product_cat-rucnik-za-kupanje","18":"product_tag-pamucni-rucnik","19":"product_tag-rucnik","20":"product_tag-rucnik-za-kupanje","21":"pa_collection-color-hr","22":"pa_featured-product-0-50","23":"pa_kakovost-made-in-eu-hr","24":"pa_kakovost-oeko-tex-certifikat-hr-2","25":"pa_kakovost-primerno-za-astmatike-in-alergike-hr","26":"pa_tip-izdelka-brisaca-4","27":"pa_vasco-sku-033435-hr","28":"pa_vzdrzevanje-beljenje-ni-dovoljeno-4","29":"pa_vzdrzevanje-likanje-ni-dovoljeno-hr","30":"pa_vzdrzevanje-previdno-kemicno-ciscenje-p-hr","31":"pa_vzdrzevanje-pranje-do-40-c-hr","32":"pa_vzdrzevanje-susenje-v-susilnem-stroju-pri-znizani-temperaturi-hr","34":"first","35":"instock","36":"taxable","37":"shipping-taxable","38":"purchasable","39":"product-type-simple"},"acf":[],"_links":{"self":[{"href":"https:\/\/odeja.si\/hr\/wp-json\/wp\/v2\/product\/43563","targetHints":{"allow":["GET"]}}],"collection":[{"href":"https:\/\/odeja.si\/hr\/wp-json\/wp\/v2\/product"}],"about":[{"href":"https:\/\/odeja.si\/hr\/wp-json\/wp\/v2\/types\/product"}],"replies":[{"embeddable":true,"href":"https:\/\/odeja.si\/hr\/wp-json\/wp\/v2\/comments?post=43563"}],"wp:featuredmedia":[{"embeddable":true,"href":"https:\/\/odeja.si\/hr\/wp-json\/wp\/v2\/media\/43564"}],"wp:attachment":[{"href":"https:\/\/odeja.si\/hr\/wp-json\/wp\/v2\/media?parent=43563"}],"wp:term":[{"taxonomy":"color","embeddable":true,"href":"https:\/\/odeja.si\/hr\/wp-json\/wp\/v2\/color?post=43563"},{"taxonomy":"kolekcija","embeddable":true,"href":"https:\/\/odeja.si\/hr\/wp-json\/wp\/v2\/kolekcija?post=43563"},{"taxonomy":"label","embeddable":true,"href":"https:\/\/odeja.si\/hr\/wp-json\/wp\/v2\/label?post=43563"},{"taxonomy":"product_feature","embeddable":true,"href":"https:\/\/odeja.si\/hr\/wp-json\/wp\/v2\/product_feature?post=43563"},{"taxonomy":"product_brand","embeddable":true,"href":"https:\/\/odeja.si\/hr\/wp-json\/wp\/v2\/product_brand?post=43563"},{"taxonomy":"product_cat","embeddable":true,"href":"https:\/\/odeja.si\/hr\/wp-json\/wp\/v2\/product_cat?post=43563"},{"taxonomy":"product_tag","embeddable":true,"href":"https:\/\/odeja.si\/hr\/wp-json\/wp\/v2\/product_tag?post=43563"}],"curies":[{"name":"wp","href":"https:\/\/api.w.org\/{rel}","templated":true}]}}