{"id":44791,"date":"2022-10-21T13:59:02","date_gmt":"2022-10-21T13:59:02","guid":{"rendered":"http:\/\/odeja.si\/?post_type=product&#038;p=44791"},"modified":"2025-05-14T08:51:57","modified_gmt":"2025-05-14T08:51:57","slug":"posteljina-anikka-val-petrolejska","status":"publish","type":"product","link":"https:\/\/odeja.si\/hr\/posteljina-anikka-val-petrolejska\/","title":{"rendered":"Posteljina Anikka Val &#8211; Petrolejska"},"content":{"rendered":"<p data-sourcepos=\"3:1-3:101\"><strong>Anikka Val \u2013 presti\u017ena posteljina s elegantnim apstraktnim linijama i udobno\u0161\u0107u prirodnog pamu\u010dnog satena<\/strong><\/p>\n<p data-sourcepos=\"5:1-5:240\">Presti\u017ena posteljina modernog vremena koja svojim minimalisti\u010dkim i profinjenim apstraktnim linijama lijepo nadopunjuje moderne spava\u0107e prostore, a pa\u017eljivo odabrane kombinacije boja u svaku spava\u0107u sobu unose da\u0161ak bezvremenske elegancije.<\/p>\n<p data-sourcepos=\"7:1-7:199\">Posteljina od pamu\u010dnog satena iznimno je mekana, a unikatan dizajn osigurat \u0107e profinjenu atmosferu. U\u0161iveni patentni zatvara\u010d pomo\u0107i \u0107e vam da brzo i jednostavno navu\u010dete navlaku na poplun i jastuk.<\/p>\n<p data-sourcepos=\"9:1-9:101\">Stvorena je za sve koji cijene kvalitetnu izradu, dotjeran izgled i meko\u0107u vrhunskog pamu\u010dnog satena.<\/p>\n","protected":false},"excerpt":{"rendered":"<p>Anikka Val \u2013 presti\u017ena posteljina s elegantnim apstraktnim linijama i udobno\u0161\u0107u prirodnog pamu\u010dnog satena Presti\u017ena posteljina&#8230;<\/p>\n","protected":false},"featured_media":44799,"comment_status":"open","ping_status":"closed","template":"","meta":{"_acf_changed":false},"color":[5152],"kolekcija":[4866,5075,4951],"label":[4990,4992,4988],"product_feature":[],"product_brand":[],"product_cat":[5786,5798,5698,5735,5710,5713,5731,5773,5779],"product_tag":[4943,4944,4946,4945],"class_list":{"0":"post-44791","1":"product","2":"type-product","3":"status-publish","4":"has-post-thumbnail","6":"color-sivo-zelena-hr","7":"kolekcija-anikka-hr","8":"kolekcija-decor-hr","9":"kolekcija-design-hr","10":"label-izradeno-od-prirodnih-materijala","11":"label-odgovorna-tvrtka","12":"label-prikladno-za-alergicare-i-astmaticare","13":"product_cat-posteljina-kolekcija-val","14":"product_cat-odeja-design-hr","15":"product_cat-posteljina","16":"product_cat-posteljina-hr","17":"product_cat-posteljina-140x200","18":"product_cat-posteljina-200x220","19":"product_cat-posteljina-240x220","20":"product_cat-posteljina-s-uzorkom","21":"product_cat-posteljina-saten","22":"product_tag-pamucna-posteljina","23":"product_tag-posteljina-saten","24":"product_tag-saten-posteljina","25":"product_tag-satenska-posteljina","26":"pa_collection-anikka-val-hr","27":"pa_featured-product-0-50","28":"pa_glavna-znacilnost-bombazni-saten-hr","29":"pa_glavna-znacilnost-tkanina-z-vzorcem-hr","30":"pa_kakovost-made-in-eu-hr","31":"pa_kakovost-oeko-tex-certifikat-hr","32":"pa_kakovost-primerno-za-astmatike-in-alergike-hr","33":"pa_tip-izdelka-posteljnina-8","34":"pa_velikost-200x200-cm-2x60x80-cm-hr","35":"pa_velikost-200x260-cm-2x60x80-cm-hr","36":"pa_velikost-200x140-cm-60x80-cm-hr","37":"pa_velikost-220x140-cm-60x80-cm-hr","38":"pa_velikost-220x200-cm-2x60x80-cm-hr","39":"pa_velikost-220x240-cm-2x60x80-cm-hr","40":"pa_vzdrzevanje-beljenje-ni-dovoljeno-4","41":"pa_vzdrzevanje-likanje-pri-srednji-temperaturi-150-c-hr","42":"pa_vzdrzevanje-kemicno-ciscenje-p-hr","43":"pa_vzdrzevanje-pranje-do-60-c-hr","44":"pa_vzdrzevanje-susenje-v-susilnem-stroju-pri-znizani-temperaturi-hr","46":"first","47":"instock","48":"taxable","49":"shipping-taxable","50":"purchasable","51":"product-type-variable"},"acf":[],"_links":{"self":[{"href":"https:\/\/odeja.si\/hr\/wp-json\/wp\/v2\/product\/44791","targetHints":{"allow":["GET"]}}],"collection":[{"href":"https:\/\/odeja.si\/hr\/wp-json\/wp\/v2\/product"}],"about":[{"href":"https:\/\/odeja.si\/hr\/wp-json\/wp\/v2\/types\/product"}],"replies":[{"embeddable":true,"href":"https:\/\/odeja.si\/hr\/wp-json\/wp\/v2\/comments?post=44791"}],"wp:featuredmedia":[{"embeddable":true,"href":"https:\/\/odeja.si\/hr\/wp-json\/wp\/v2\/media\/44799"}],"wp:attachment":[{"href":"https:\/\/odeja.si\/hr\/wp-json\/wp\/v2\/media?parent=44791"}],"wp:term":[{"taxonomy":"color","embeddable":true,"href":"https:\/\/odeja.si\/hr\/wp-json\/wp\/v2\/color?post=44791"},{"taxonomy":"kolekcija","embeddable":true,"href":"https:\/\/odeja.si\/hr\/wp-json\/wp\/v2\/kolekcija?post=44791"},{"taxonomy":"label","embeddable":true,"href":"https:\/\/odeja.si\/hr\/wp-json\/wp\/v2\/label?post=44791"},{"taxonomy":"product_feature","embeddable":true,"href":"https:\/\/odeja.si\/hr\/wp-json\/wp\/v2\/product_feature?post=44791"},{"taxonomy":"product_brand","embeddable":true,"href":"https:\/\/odeja.si\/hr\/wp-json\/wp\/v2\/product_brand?post=44791"},{"taxonomy":"product_cat","embeddable":true,"href":"https:\/\/odeja.si\/hr\/wp-json\/wp\/v2\/product_cat?post=44791"},{"taxonomy":"product_tag","embeddable":true,"href":"https:\/\/odeja.si\/hr\/wp-json\/wp\/v2\/product_tag?post=44791"}],"curies":[{"name":"wp","href":"https:\/\/api.w.org\/{rel}","templated":true}]}}