{"id":44973,"date":"2022-12-08T09:03:09","date_gmt":"2022-12-08T09:03:09","guid":{"rendered":"http:\/\/odeja.si\/?post_type=product&#038;p=44973"},"modified":"2026-03-19T22:58:31","modified_gmt":"2026-03-19T21:58:31","slug":"djecja-vreca-za-spavanje-lunaja-bez","status":"publish","type":"product","link":"https:\/\/odeja.si\/hr\/djecja-vreca-za-spavanje-lunaja-bez\/","title":{"rendered":"Dje\u010dja vre\u0107a za spavanje Lunaja \u2013 Be\u017e"},"content":{"rendered":"<p data-sourcepos=\"7:1-7:49\"><strong>Za mirnu no\u0107 i slatko spavanje va\u0161eg mali\u0161ana<\/strong><\/p>\n<p data-sourcepos=\"9:1-9:402\">Vre\u0107a za spavanje Lunaja iznimno je prikladna zamjena za deku za djecu koja se no\u0107u vole prevrtati i otkrivati. Obu\u010den u vre\u0107u za spavanje, koja je izvor jednake topline tijekom cijele no\u0107i, va\u0161 \u0107e mali\u0161an spavati mirnije. Tako\u0111er, vre\u0107u za spavanje preporu\u010dujemo za djecu koja posebno trebaju osje\u0107aj sigurnosti, jer vre\u0107a obuhva\u0107a cijelo tijelo mali\u0161ana i time mu daje osje\u0107aj sigurnosti.<\/p>\n<p data-sourcepos=\"11:1-12:30\"><strong>Veli\u010dina:<\/strong> 2\/90 cm<\/p>\n<p data-sourcepos=\"11:1-12:30\"><strong>Toplinska otpornost:<\/strong> 2 tog<\/p>\n<hr \/>\n<p><strong>Standard SIST EN 16781:2018 Proizvodi za djecu od tekstila \u2013 sigurnosni zahtjevi i testne metode za dje\u010dje vre\u0107e za spavanje<\/strong><\/p>\n<p>U skladu sa slovenskim standardom (Standard SIST EN 16781:2018) preporu\u010dujemo da se prije kupovine vre\u0107i za spavanje, upoznate s njihovom upotrebom:<\/p>\n<p>UPOZORENJE! Ne koristite ako dje\u010dja glava mo\u017ee pro\u0107i kroz otvor za vrat, dok je vre\u0107a zakop\u010dana.<\/p>\n<p>UPOZORENJE! Zagarantirajte da su otvor za vrat i ruke pravilno namje\u0161teni.<\/p>\n<p>UPOZORENJE! Ne koristite kad dijete ve\u0107 izvu\u010de iz kreveta.<\/p>\n<p>UPOZORENJE! Ne koristite u kombinaciji s pro\u0161ivenim poplunom ili dekom. Uzmite u obzir sobnu temperaturu i odje\u0107u u kojoj dijete spava. Pregrijavanje mo\u017ee ugroziti \u017eivot va\u0161eg djeteta.<\/p>\n<p>UPOZORENJE! Ne koristite u blizini vatre!<\/p>\n<p>UPOZORENJE! Ne koristite kemijsko \u010di\u0161\u0107enje!<\/p>\n<p>UPOZORENJE! Plasti\u010dnu ambala\u017eu proizvoda odstranite izvan dohvata djece kako biste sprije\u010dili gu\u0161enje!<\/p>\n<p>UPOZORENJE! Ako je vre\u0107a za spavanje o\u0161te\u0107ena, prestanite je koristiti.<\/p>\n<p><strong><a title=\"Tukaj\" href=\"https:\/\/odeja.si\/hr\/toplotna-odpornost\/\" target=\"_blank\" rel=\"noopener\">Razmjer izme\u0111u sobne temperature i primjerene odje\u0107e za spavanje, uz upotrebu pro\u0161ivenog popluna ili vre\u0107e za spavanje bez rukava, s odre\u0111enom otporno\u0161\u0107u na toplotu provjerite tu.<\/a><\/strong><\/p>\n<h2><span style=\"color: #000000; font-size: medium;\">\u00a0<\/span><\/h2>\n","protected":false},"excerpt":{"rendered":"<p>Za mirnu no\u0107 i slatko spavanje va\u0161eg mali\u0161ana Vre\u0107a za spavanje Lunaja iznimno je prikladna zamjena&#8230;<\/p>\n","protected":false},"featured_media":44974,"comment_status":"open","ping_status":"closed","template":"","meta":{"_acf_changed":false},"color":[5168],"kolekcija":[4963,4859,5078],"label":[4990,4992,4988],"product_feature":[],"product_brand":[],"product_cat":[5814,5818,5788,5801,5699],"product_tag":[5345,5344],"class_list":{"0":"post-44973","1":"product","2":"type-product","3":"status-publish","4":"has-post-thumbnail","6":"color-svijetlo-smeda","7":"kolekcija-lunaja-hr","8":"kolekcija-mini-hr","9":"kolekcija-pikapoka-2-hr","10":"label-izradeno-od-prirodnih-materijala","11":"label-odgovorna-tvrtka","12":"label-prikladno-za-alergicare-i-astmaticare","13":"product_cat-djecja-vreca-za-spavanje","14":"product_cat-proizvodi-pamucni-saten","15":"product_cat-posteljina-kolekcija-lunaja","16":"product_cat-odeja-mini-hr","17":"product_cat-za-djecu","18":"product_tag-djecja-vreca-za-spavanje","19":"product_tag-vreca-za-spavanje","20":"pa_collection-lunaja-4","21":"pa_featured-product-0-50","22":"pa_glavna-znacilnost-bombazni-saten-hr","23":"pa_kakovost-made-in-eu-hr","24":"pa_kakovost-oeko-tex-certifikat-hr-2","25":"pa_kakovost-primerno-za-astmatike-in-alergike-hr","26":"pa_tip-izdelka-spalna-vreca-4","27":"pa_vasco-sku-031958-hr","28":"pa_vzdrzevanje-beljenje-ni-dovoljeno-4","29":"pa_vzdrzevanje-likanje-ni-dovoljeno-hr","30":"pa_vzdrzevanje-kemicno-ciscenje-ni-dovoljeno-hr","31":"pa_vzdrzevanje-previdno-pranje-do-60-c-hr","32":"pa_vzdrzevanje-susenje-v-susilnem-stroju-pri-znizani-temperaturi-hr","34":"first","35":"instock","36":"taxable","37":"shipping-taxable","38":"purchasable","39":"product-type-simple"},"acf":[],"_links":{"self":[{"href":"https:\/\/odeja.si\/hr\/wp-json\/wp\/v2\/product\/44973","targetHints":{"allow":["GET"]}}],"collection":[{"href":"https:\/\/odeja.si\/hr\/wp-json\/wp\/v2\/product"}],"about":[{"href":"https:\/\/odeja.si\/hr\/wp-json\/wp\/v2\/types\/product"}],"replies":[{"embeddable":true,"href":"https:\/\/odeja.si\/hr\/wp-json\/wp\/v2\/comments?post=44973"}],"wp:featuredmedia":[{"embeddable":true,"href":"https:\/\/odeja.si\/hr\/wp-json\/wp\/v2\/media\/44974"}],"wp:attachment":[{"href":"https:\/\/odeja.si\/hr\/wp-json\/wp\/v2\/media?parent=44973"}],"wp:term":[{"taxonomy":"color","embeddable":true,"href":"https:\/\/odeja.si\/hr\/wp-json\/wp\/v2\/color?post=44973"},{"taxonomy":"kolekcija","embeddable":true,"href":"https:\/\/odeja.si\/hr\/wp-json\/wp\/v2\/kolekcija?post=44973"},{"taxonomy":"label","embeddable":true,"href":"https:\/\/odeja.si\/hr\/wp-json\/wp\/v2\/label?post=44973"},{"taxonomy":"product_feature","embeddable":true,"href":"https:\/\/odeja.si\/hr\/wp-json\/wp\/v2\/product_feature?post=44973"},{"taxonomy":"product_brand","embeddable":true,"href":"https:\/\/odeja.si\/hr\/wp-json\/wp\/v2\/product_brand?post=44973"},{"taxonomy":"product_cat","embeddable":true,"href":"https:\/\/odeja.si\/hr\/wp-json\/wp\/v2\/product_cat?post=44973"},{"taxonomy":"product_tag","embeddable":true,"href":"https:\/\/odeja.si\/hr\/wp-json\/wp\/v2\/product_tag?post=44973"}],"curies":[{"name":"wp","href":"https:\/\/api.w.org\/{rel}","templated":true}]}}