{"id":46266,"date":"2024-04-23T13:49:39","date_gmt":"2024-04-23T13:49:39","guid":{"rendered":"http:\/\/odeja.si\/?post_type=product&#038;p=46266"},"modified":"2026-03-26T09:27:29","modified_gmt":"2026-03-26T08:27:29","slug":"teski-poplun-organic-perla-medium-140x200-cm-4kg","status":"publish","type":"product","link":"https:\/\/odeja.si\/hr\/teski-poplun-organic-perla-medium-140x200-cm-4kg\/","title":{"rendered":"Te\u0161ki poplun Organic Perla Medium 140&#215;200 cm 4kg"},"content":{"rendered":"<p><strong>Opu\u0161ten i miran san u zagrljaju organskih materijala.<\/strong><\/p>\n<p>Obte\u017eeni poplun od organskog pamuka svojom meko\u0107om, toplinom i podatno\u0161\u0107u mo\u017ee pridonijeti boljem snu. Svojom te\u017einom stvara nje\u017ean pritisak na tijelo i tako poti\u010de pozitivne fiziolo\u0161ke u\u010dinke koji mogu pridonijeti boljoj kvaliteti sna. Zahvaljuju\u0107i svojoj prozra\u010dnosti i u\u010dinkovitom odvo\u0111enju tjelesne vlage u prostor, stvara prekrasnu udobnost. Preporu\u010duje se da te\u017eina popluna ne prelazi 1\/10 te\u017eine osobe koja ga koristi.<\/p>\n<p>&nbsp;<\/p>\n","protected":false},"excerpt":{"rendered":"<p>Opu\u0161ten i miran san u zagrljaju organskih materijala. Obte\u017eeni poplun od organskog pamuka svojom meko\u0107om, toplinom&#8230;<\/p>\n","protected":false},"featured_media":94271,"comment_status":"open","ping_status":"closed","template":"","meta":{"_acf_changed":false},"color":[],"kolekcija":[5957,3388,3387],"label":[4990,4803,4983],"product_feature":[],"product_brand":[],"product_cat":[5797,5695,5724,5721,5744],"product_tag":[5349,5370,5368,5369],"class_list":{"0":"post-46266","1":"product","2":"type-product","3":"status-publish","4":"has-post-thumbnail","6":"kolekcija-lia-hr","7":"kolekcija-natur-hr","8":"kolekcija-organic-hr","9":"label-izradeno-od-prirodnih-materijala","10":"label-jamstvo-kvalitete","11":"label-stvaramo-za-vas-vise-od-90-godina","12":"product_cat-odeja-organic-hr","13":"product_cat-popluni","14":"product_cat-prirodni-popluni","15":"product_cat-srednje-topao-poplun","16":"product_cat-teski-poplun","17":"product_tag-pamucni-pokrivac","18":"product_tag-poplun-od-organskog-pamuka","19":"product_tag-teska-deka","20":"product_tag-utegnuta-deka","21":"pa_collection-organic-hr","22":"pa_featured-product-0-50","23":"pa_glavna-znacilnost-bombaz-hr","24":"pa_kakovost-gots-hr","25":"pa_kakovost-made-in-eu-hr","26":"pa_tip-izdelka-klasicna-presita-odeja-6","27":"pa_vzdrzevanje-beljenje-ni-dovoljeno-4","28":"pa_vzdrzevanje-dovoljeno-le-rocno-pranje-4","29":"pa_vzdrzevanje-likanje-ni-dovoljeno-hr","30":"pa_vzdrzevanje-susenje-v-susilnem-stroju-ni-dovoljeno-hr","32":"first","33":"instock","34":"taxable","35":"shipping-taxable","36":"purchasable","37":"product-type-simple"},"acf":[],"_links":{"self":[{"href":"https:\/\/odeja.si\/hr\/wp-json\/wp\/v2\/product\/46266","targetHints":{"allow":["GET"]}}],"collection":[{"href":"https:\/\/odeja.si\/hr\/wp-json\/wp\/v2\/product"}],"about":[{"href":"https:\/\/odeja.si\/hr\/wp-json\/wp\/v2\/types\/product"}],"replies":[{"embeddable":true,"href":"https:\/\/odeja.si\/hr\/wp-json\/wp\/v2\/comments?post=46266"}],"wp:featuredmedia":[{"embeddable":true,"href":"https:\/\/odeja.si\/hr\/wp-json\/wp\/v2\/media\/94271"}],"wp:attachment":[{"href":"https:\/\/odeja.si\/hr\/wp-json\/wp\/v2\/media?parent=46266"}],"wp:term":[{"taxonomy":"color","embeddable":true,"href":"https:\/\/odeja.si\/hr\/wp-json\/wp\/v2\/color?post=46266"},{"taxonomy":"kolekcija","embeddable":true,"href":"https:\/\/odeja.si\/hr\/wp-json\/wp\/v2\/kolekcija?post=46266"},{"taxonomy":"label","embeddable":true,"href":"https:\/\/odeja.si\/hr\/wp-json\/wp\/v2\/label?post=46266"},{"taxonomy":"product_feature","embeddable":true,"href":"https:\/\/odeja.si\/hr\/wp-json\/wp\/v2\/product_feature?post=46266"},{"taxonomy":"product_brand","embeddable":true,"href":"https:\/\/odeja.si\/hr\/wp-json\/wp\/v2\/product_brand?post=46266"},{"taxonomy":"product_cat","embeddable":true,"href":"https:\/\/odeja.si\/hr\/wp-json\/wp\/v2\/product_cat?post=46266"},{"taxonomy":"product_tag","embeddable":true,"href":"https:\/\/odeja.si\/hr\/wp-json\/wp\/v2\/product_tag?post=46266"}],"curies":[{"name":"wp","href":"https:\/\/api.w.org\/{rel}","templated":true}]}}