{"id":46972,"date":"2024-07-21T17:33:26","date_gmt":"2024-07-21T17:33:26","guid":{"rendered":"http:\/\/odeja.si\/?post_type=product&#038;p=46972"},"modified":"2026-03-21T07:32:13","modified_gmt":"2026-03-21T06:32:13","slug":"jastuk-organic-lux-latex-40x60-cm","status":"publish","type":"product","link":"https:\/\/odeja.si\/hr\/jastuk-organic-lux-latex-40x60-cm\/","title":{"rendered":"Jastuk Organic Lux Latex 40&#215;60 cm"},"content":{"rendered":"<p data-sourcepos=\"1:1-1:40\"><strong>Za zdravu i prirodnu potporu kralje\u017enici<\/strong><\/p>\n<p data-sourcepos=\"3:1-3:346\">Jastuk zbog rupi\u010daste strukture jezgre omogu\u0107uje ugodan osje\u0107aj prozra\u010dnosti i svje\u017eine. Navlaka jastuka izra\u0111ena je od vrhunskog organskog pamuka s GOTS certifikatom, koji je nje\u017ean na dodir i vrlo ugodan za ko\u017eu. Navlaka se zatvara patentnim zatvara\u010dem i po potrebi se mo\u017ee prati na niskoj temperaturi te tako osigurava dodatnu \u010disto\u0107u jastuka.<\/p>\n<p data-sourcepos=\"5:1-6:21\"><strong>Veli\u010dina: 40 x 60 cm <\/strong><\/p>\n<p data-sourcepos=\"5:1-6:21\"><strong>Visina jastuka: 12 cm<\/strong><\/p>\n","protected":false},"excerpt":{"rendered":"<p>Za zdravu i prirodnu potporu kralje\u017enici Jastuk zbog rupi\u010daste strukture jezgre omogu\u0107uje ugodan osje\u0107aj prozra\u010dnosti i&#8230;<\/p>\n","protected":false},"featured_media":92157,"comment_status":"open","ping_status":"closed","template":"","meta":{"_acf_changed":false},"color":[],"kolekcija":[5957,3388,3387],"label":[4990,4803,4983],"product_feature":[],"product_brand":[],"product_cat":[5709,5696,5755,5753,5740,5797,5757,5758],"product_tag":[5302,5300,5298,5301,5299],"class_list":{"0":"post-46972","1":"product","2":"type-product","3":"status-publish","4":"has-post-thumbnail","6":"kolekcija-lia-hr","7":"kolekcija-natur-hr","8":"kolekcija-organic-hr","9":"label-izradeno-od-prirodnih-materijala","10":"label-jamstvo-kvalitete","11":"label-stvaramo-za-vas-vise-od-90-godina","12":"product_cat-anatomski-jastuk","13":"product_cat-jastuci","14":"product_cat-jastuk-inovativni","15":"product_cat-jastuk-lateks","16":"product_cat-jastuk-od-prirodnih-materijala","17":"product_cat-odeja-organic-hr","18":"product_cat-spavanje-na-boku","19":"product_cat-spavanje-na-ledima","20":"product_tag-anatomski-jastuk","21":"product_tag-jastuk-od-lateksa","22":"product_tag-organski-jastuk","23":"product_tag-ortopedski-jastuk","24":"product_tag-pamucna-jastucnica","25":"pa_collection-organic-hr","26":"pa_featured-product-0-50","27":"pa_glavna-znacilnost-lateks-hr","28":"pa_glavna-znacilnost-bombaz-hr","29":"pa_kakovost-gols-hr","30":"pa_kakovost-gots-hr","31":"pa_kakovost-made-in-eu-hr","32":"pa_tip-izdelka-vzglavnik-anatomske-oblike-hr","33":"pa_vasco-sku-037548-hr","34":"pa_vzdrzevanje-jedra-kemijsko-ciscenje-nije-dozvoljeno-4","35":"pa_vzdrzevanje-prevleke-izbjeljivanje-nije-dozvoljeno-9","36":"pa_vzdrzevanje-prevleke-kemicno-ciscenje-ni-dovoljeno-7","37":"pa_vzdrzevanje-prevleke-peglanje-na-nizoj-temperaturi-150cc-4","38":"pa_vzdrzevanje-prevleke-susenje-u-susilici-nije-dozvoljeno-6","39":"pa_vzdrzevanje-prevleke-vrlo-blaga-mehanicka-obrada-na-temperaturama-do-40c-4","41":"first","42":"instock","43":"taxable","44":"shipping-taxable","45":"purchasable","46":"product-type-simple"},"acf":[],"_links":{"self":[{"href":"https:\/\/odeja.si\/hr\/wp-json\/wp\/v2\/product\/46972","targetHints":{"allow":["GET"]}}],"collection":[{"href":"https:\/\/odeja.si\/hr\/wp-json\/wp\/v2\/product"}],"about":[{"href":"https:\/\/odeja.si\/hr\/wp-json\/wp\/v2\/types\/product"}],"replies":[{"embeddable":true,"href":"https:\/\/odeja.si\/hr\/wp-json\/wp\/v2\/comments?post=46972"}],"wp:featuredmedia":[{"embeddable":true,"href":"https:\/\/odeja.si\/hr\/wp-json\/wp\/v2\/media\/92157"}],"wp:attachment":[{"href":"https:\/\/odeja.si\/hr\/wp-json\/wp\/v2\/media?parent=46972"}],"wp:term":[{"taxonomy":"color","embeddable":true,"href":"https:\/\/odeja.si\/hr\/wp-json\/wp\/v2\/color?post=46972"},{"taxonomy":"kolekcija","embeddable":true,"href":"https:\/\/odeja.si\/hr\/wp-json\/wp\/v2\/kolekcija?post=46972"},{"taxonomy":"label","embeddable":true,"href":"https:\/\/odeja.si\/hr\/wp-json\/wp\/v2\/label?post=46972"},{"taxonomy":"product_feature","embeddable":true,"href":"https:\/\/odeja.si\/hr\/wp-json\/wp\/v2\/product_feature?post=46972"},{"taxonomy":"product_brand","embeddable":true,"href":"https:\/\/odeja.si\/hr\/wp-json\/wp\/v2\/product_brand?post=46972"},{"taxonomy":"product_cat","embeddable":true,"href":"https:\/\/odeja.si\/hr\/wp-json\/wp\/v2\/product_cat?post=46972"},{"taxonomy":"product_tag","embeddable":true,"href":"https:\/\/odeja.si\/hr\/wp-json\/wp\/v2\/product_tag?post=46972"}],"curies":[{"name":"wp","href":"https:\/\/api.w.org\/{rel}","templated":true}]}}