{"id":97250,"date":"2025-04-04T07:21:11","date_gmt":"2025-04-04T07:21:11","guid":{"rendered":"http:\/\/odeja.si\/?post_type=product&#038;p=97250"},"modified":"2025-05-09T10:54:42","modified_gmt":"2025-05-09T10:54:42","slug":"satenski-prekrivac-bali-tamno-smeda","status":"publish","type":"product","link":"https:\/\/odeja.si\/hr\/satenski-prekrivac-bali-tamno-smeda\/","title":{"rendered":"Satenski prekriva\u010d Bali &#8211; Tamno sme\u0111a"},"content":{"rendered":"<p data-sourcepos=\"1:1-1:41\"><strong>Ukrasni prekriva\u010d od pamu\u010dnog satena.<\/strong><\/p>\n<p data-sourcepos=\"3:1-3:632\">Satenski prekriva\u010d Bali uistinu je svestran dodatak za sve koji cijene prilagodljivost i profinjenost. Prilikom ure\u0111ivanja kreveta mo\u017eete ga kreativno koristiti tako da prekrijete cijeli krevet ili samo naglasite podno\u017eje, \u0161to dodaje da\u0161ak luksuza. Ljeti \u0107e vas prekriva\u010d nje\u017eno zagrliti poput lagane deke, dok \u0107e vas zimi ugodno grijati kao dodatni izvor topline. Idealan je i za opu\u0161taju\u0107e izle\u017eavanje na kau\u010du ili udobno sjedenje na naslonja\u010du, unose\u0107i osje\u0107aj udobnosti i elegancije u svaki kutak va\u0161eg doma. Ukrasni prekriva\u010d mo\u017eete ponijeti i sa sobom na putovanja jer ne zauzima puno prostora i vrlo je prakti\u010dan na putu.<\/p>\n","protected":false},"excerpt":{"rendered":"<p>Ukrasni prekriva\u010d od pamu\u010dnog satena. Satenski prekriva\u010d Bali uistinu je svestran dodatak za sve koji cijene&#8230;<\/p>\n","protected":false},"featured_media":132224,"comment_status":"open","ping_status":"closed","template":"","meta":{"_acf_changed":false},"color":[5167],"kolekcija":[4974,5075,4951],"label":[4990,4992,4988,4983],"product_feature":[],"product_brand":[],"product_cat":[5781,5951,5800,5798,5695,5698,5706,5806,5776],"product_tag":[5312,5313,5311,5310],"class_list":{"0":"post-97250","1":"product","2":"type-product","3":"status-publish","4":"has-post-thumbnail","6":"color-tamno-smeda","7":"kolekcija-basic-hr","8":"kolekcija-decor-hr","9":"kolekcija-design-hr","10":"label-izradeno-od-prirodnih-materijala","11":"label-odgovorna-tvrtka","12":"label-prikladno-za-alergicare-i-astmaticare","13":"label-stvaramo-za-vas-vise-od-90-godina","14":"product_cat-posteljina-kolekcija-basic","15":"product_cat-dodaci-posteljina","16":"product_cat-odeja-decor-hr","17":"product_cat-odeja-design-hr","18":"product_cat-popluni","19":"product_cat-posteljina","20":"product_cat-ukrasni-popluni","21":"product_cat-ukrasni-prekrivac-hr","22":"product_cat-ukrasni-prekrivac","23":"product_tag-lagani-pokrivac","24":"product_tag-prekrivac","25":"product_tag-ukrasni-poplun","26":"product_tag-ukrasniprekrivac","27":"pa_collection-basic-hr","28":"pa_featured-product-0-50","29":"pa_glavna-znacilnost-enobarvna-tkanina-hr","30":"pa_glavna-znacilnost-bombazni-saten-hr","31":"pa_kakovost-made-in-eu-hr","32":"pa_kakovost-oeko-tex-certifikat-hr","33":"pa_kakovost-primerno-za-astmatike-in-alergike-hr","34":"pa_tip-izdelka-okrasno-presito-pregrinjalo-7","35":"pa_toplotne-karakteristike-poletno-lahka-6","36":"pa_velikost-220x140-cm-hr","37":"pa_velikost-220x200-cm-hr","38":"pa_velikost-220x260-cm-hr","39":"pa_vzdrzevanje-beljenje-ni-dovoljeno-4","40":"pa_vzdrzevanje-likanje-pri-srednji-temperaturi-150-c-hr","41":"pa_vzdrzevanje-kemicno-ciscenje-p-hr","42":"pa_vzdrzevanje-pranje-do-60-c-hr","43":"pa_vzdrzevanje-susenje-v-susilnem-stroju-ni-dovoljeno-hr","45":"first","46":"instock","47":"taxable","48":"shipping-taxable","49":"purchasable","50":"product-type-variable"},"acf":[],"_links":{"self":[{"href":"https:\/\/odeja.si\/hr\/wp-json\/wp\/v2\/product\/97250","targetHints":{"allow":["GET"]}}],"collection":[{"href":"https:\/\/odeja.si\/hr\/wp-json\/wp\/v2\/product"}],"about":[{"href":"https:\/\/odeja.si\/hr\/wp-json\/wp\/v2\/types\/product"}],"replies":[{"embeddable":true,"href":"https:\/\/odeja.si\/hr\/wp-json\/wp\/v2\/comments?post=97250"}],"wp:featuredmedia":[{"embeddable":true,"href":"https:\/\/odeja.si\/hr\/wp-json\/wp\/v2\/media\/132224"}],"wp:attachment":[{"href":"https:\/\/odeja.si\/hr\/wp-json\/wp\/v2\/media?parent=97250"}],"wp:term":[{"taxonomy":"color","embeddable":true,"href":"https:\/\/odeja.si\/hr\/wp-json\/wp\/v2\/color?post=97250"},{"taxonomy":"kolekcija","embeddable":true,"href":"https:\/\/odeja.si\/hr\/wp-json\/wp\/v2\/kolekcija?post=97250"},{"taxonomy":"label","embeddable":true,"href":"https:\/\/odeja.si\/hr\/wp-json\/wp\/v2\/label?post=97250"},{"taxonomy":"product_feature","embeddable":true,"href":"https:\/\/odeja.si\/hr\/wp-json\/wp\/v2\/product_feature?post=97250"},{"taxonomy":"product_brand","embeddable":true,"href":"https:\/\/odeja.si\/hr\/wp-json\/wp\/v2\/product_brand?post=97250"},{"taxonomy":"product_cat","embeddable":true,"href":"https:\/\/odeja.si\/hr\/wp-json\/wp\/v2\/product_cat?post=97250"},{"taxonomy":"product_tag","embeddable":true,"href":"https:\/\/odeja.si\/hr\/wp-json\/wp\/v2\/product_tag?post=97250"}],"curies":[{"name":"wp","href":"https:\/\/api.w.org\/{rel}","templated":true}]}}